{"id":57196,"date":"2022-03-10T15:27:00","date_gmt":"2022-03-10T14:27:00","guid":{"rendered":"https:\/\/secureus.se\/produkt\/dubbelsidig-eko-serie-id-korthallare-liggande-for-cr80-kort-100-pack-farg-rosa\/"},"modified":"2025-12-31T19:39:26","modified_gmt":"2025-12-31T18:39:26","slug":"dubbelsidig-eko-serie-id-korthallare-liggande-for-cr80-kort-100-pack-farg-rosa","status":"publish","type":"product","link":"https:\/\/secureus.se\/no\/dubbelsidig-eko-serie-id-korthallare-liggande-for-cr80-kort-100-pack-farg-rosa\/","title":{"rendered":"Kortholder for adgangskort\/ID-kort \u2013 Eko BioBadge CR80 Landskap, Dobbeltsidig, Rosa (100-pakning)"},"content":{"rendered":"<div>\n<div id=\"Product-Description\">\n<p>V\u00e5r nye serie med \u00f8kologisk nedbrytbare ensidige ID-kortholdere, disse er produsert med biologisk nedbrytbar plast.<\/p>\n<p>Disse kortholderne spiller en stor rolle i \u00e5 hjelpe oss alle med \u00e5 redusere karbonavtrykket v\u00e5rt.<\/p>\n<p>Den st\u00f8pte kantdesignen reduserer stress p\u00e5 kort og sprekker, noe som resulterer i f\u00e6rre kortutstedelser, og sparer kundene dine for b\u00e5de tid og penger.<\/p>\n<p>86 mm x 54 mm<\/p>\n<p>Passer standard CR80 kredittst\u00f8rrelse<\/p>\n<p>Selges i pakker med 100 stk<\/p>\n<\/div>\n<\/div>","protected":false},"excerpt":{"rendered":"<p>V\u00e5r nye serie med \u00f8kologisk nedbrytbare ensidige ID-kortholdere, disse er produsert med biologisk nedbrytbar plast. Disse kortholderne spiller en stor rolle i \u00e5 hjelpe oss alle med \u00e5 redusere karbonavtrykket v\u00e5rt. De<\/p>","protected":false},"featured_media":145512,"template":"","meta":{"_acf_changed":false},"product_brand":[],"product_cat":[4885,1667],"product_tag":[2847],"class_list":{"0":"post-57196","1":"product","2":"type-product","3":"status-publish","4":"has-post-thumbnail","6":"product_cat-dubbelsidig-liggande-korthallare","7":"product_cat-korthallare-passerkort-idkort","8":"product_tag-korthallare-liggande-eko","9":"product_shipping_class-tunga-paket","10":"pa_brands-stonehouse-security","11":"pa_farg-lila","12":"pa_rfid-tillbehor-korthallare","13":"tm-no-options","15":"first","16":"instock","17":"sale","18":"taxable","19":"shipping-taxable","20":"purchasable","21":"product-type-simple"},"acf":[],"_links":{"self":[{"href":"https:\/\/secureus.se\/no\/wp-json\/wp\/v2\/product\/57196","targetHints":{"allow":["GET"]}}],"collection":[{"href":"https:\/\/secureus.se\/no\/wp-json\/wp\/v2\/product"}],"about":[{"href":"https:\/\/secureus.se\/no\/wp-json\/wp\/v2\/types\/product"}],"wp:featuredmedia":[{"embeddable":true,"href":"https:\/\/secureus.se\/no\/wp-json\/wp\/v2\/media\/145512"}],"wp:attachment":[{"href":"https:\/\/secureus.se\/no\/wp-json\/wp\/v2\/media?parent=57196"}],"wp:term":[{"taxonomy":"product_brand","embeddable":true,"href":"https:\/\/secureus.se\/no\/wp-json\/wp\/v2\/product_brand?post=57196"},{"taxonomy":"product_cat","embeddable":true,"href":"https:\/\/secureus.se\/no\/wp-json\/wp\/v2\/product_cat?post=57196"},{"taxonomy":"product_tag","embeddable":true,"href":"https:\/\/secureus.se\/no\/wp-json\/wp\/v2\/product_tag?post=57196"}],"curies":[{"name":"wp","href":"https:\/\/api.w.org\/{rel}","templated":true}]}}