{"id":57220,"date":"2022-03-10T15:27:00","date_gmt":"2022-03-10T14:27:00","guid":{"rendered":"https:\/\/secureus.se\/produkt\/ensidig-eko-serie-id-korthallare-liggande-for-cr80-kort-100-pack-farg-svart\/"},"modified":"2026-01-02T12:20:29","modified_gmt":"2026-01-02T11:20:29","slug":"id-korthallare-passerkortshallare-svart-enkelsidig-liggande-100-pack","status":"publish","type":"product","link":"https:\/\/secureus.se\/no\/id-korthallare-passerkortshallare-svart-enkelsidig-liggande-100-pack\/","title":{"rendered":"Kortholder for adgangskort\/ID-kort \u2013 Eko BioBadge CR80 Landskap, Ensidig, Svart (100-pakning)"},"content":{"rendered":"<div id=\"Product-Description\">\n<p>V\u00e5re ID-kortholdere og adgangskortholdere er laget av Oxo-biologisk nedbrytbart plastmateriale for \u00e5 redusere milj\u00f8belastningen. Den ensidige holderen har horisontal design og er ideell for \u00e5 beskytte ID-kort og passkort i CR80-standard (86 x 54 mm). Den st\u00f8pte ryggraden forhindrer at kortet b\u00f8yes og sprekker, og sparer tid og penger gjennom f\u00e6rre kortskift.<\/p>\n<ul>\n<li><strong>Milj\u00f8vennlig design:<\/strong> Laget av Oxo-biologisk nedbrytbart plastmateriale.<\/li>\n<li><strong>Standard st\u00f8rrelse:<\/strong> Passer alle CR80-kort (86 x 54 mm).<\/li>\n<li><strong>Sikker lagring:<\/strong> Beskytter mot korte b\u00f8yninger og sprekker.<\/li>\n<li><strong>Selges i pakker med 100 stk:<\/strong> Perfekt for bedrifter og organisasjoner.<\/li>\n<li><strong>Reduserer klimap\u00e5virkning:<\/strong> Bidrar til en mer b\u00e6rekraftig virksomhet.<\/li>\n<\/ul>\n<p><strong>Perfekt for:<\/strong><\/p>\n<ul>\n<li>ID-kort<\/li>\n<li>Adgangskort<\/li>\n<li>Sikkerhetsmerker<\/li>\n<\/ul>\n<p>Kombiner med v\u00e5r <strong>snor<\/strong> for en komplett l\u00f8sning!<\/p>\n<\/div>","protected":false},"excerpt":{"rendered":"<p>Milj\u00f8vennlig ID-kortholder i Oxo-biologisk nedbrytbart plastmateriale. Passer adgangskort og ID-kort i CR80 standard. Horisontal utf\u00f8relse med beskyttelse mot b\u00f8ying og sprekker. Perfekt for bedrifter som \u00f8nsker \u00e5 redusere sin klimap\u00e5virkning. Selges i pakker med 100 stk.<\/p>","protected":false},"featured_media":145318,"template":"","meta":{"_acf_changed":false},"product_brand":[],"product_cat":[4886,1667],"product_tag":[4523,2847,4524,2958,4526],"class_list":{"0":"post-57220","1":"product","2":"type-product","3":"status-publish","4":"has-post-thumbnail","6":"product_cat-enkelsidig-liggande-korthallare","7":"product_cat-korthallare-passerkort-idkort","8":"product_tag-enkelsidig-korthallare","9":"product_tag-korthallare-liggande-eko","10":"product_tag-liggande-korthallare","11":"product_tag-stonehouse-produkt","12":"product_tag-svart-korthallare","13":"product_shipping_class-tunga-paket","14":"pa_brands-stonehouse-security","15":"pa_farg-svart","16":"pa_rfid-tillbehor-korthallare","17":"tm-no-options","19":"first","20":"instock","21":"sale","22":"taxable","23":"shipping-taxable","24":"purchasable","25":"product-type-simple"},"acf":[],"_links":{"self":[{"href":"https:\/\/secureus.se\/no\/wp-json\/wp\/v2\/product\/57220","targetHints":{"allow":["GET"]}}],"collection":[{"href":"https:\/\/secureus.se\/no\/wp-json\/wp\/v2\/product"}],"about":[{"href":"https:\/\/secureus.se\/no\/wp-json\/wp\/v2\/types\/product"}],"wp:featuredmedia":[{"embeddable":true,"href":"https:\/\/secureus.se\/no\/wp-json\/wp\/v2\/media\/145318"}],"wp:attachment":[{"href":"https:\/\/secureus.se\/no\/wp-json\/wp\/v2\/media?parent=57220"}],"wp:term":[{"taxonomy":"product_brand","embeddable":true,"href":"https:\/\/secureus.se\/no\/wp-json\/wp\/v2\/product_brand?post=57220"},{"taxonomy":"product_cat","embeddable":true,"href":"https:\/\/secureus.se\/no\/wp-json\/wp\/v2\/product_cat?post=57220"},{"taxonomy":"product_tag","embeddable":true,"href":"https:\/\/secureus.se\/no\/wp-json\/wp\/v2\/product_tag?post=57220"}],"curies":[{"name":"wp","href":"https:\/\/api.w.org\/{rel}","templated":true}]}}