{"id":57228,"date":"2022-03-10T15:27:00","date_gmt":"2022-03-10T14:27:00","guid":{"rendered":"https:\/\/secureus.se\/produkt\/dubbelsidig-eko-serie-id-korthallare-staende-for-cr80-kort-100-pack-farg-genomskinlig\/"},"modified":"2025-12-31T19:44:01","modified_gmt":"2025-12-31T18:44:01","slug":"id-korthallare-passerkortshallare-transparent-dubbel-staende-100-pack","status":"publish","type":"product","link":"https:\/\/secureus.se\/no\/id-korthallare-passerkortshallare-transparent-dubbel-staende-100-pack\/","title":{"rendered":"Kortholder for adgangskort\/ID-kort \u2013 Eko BioBadge CR80 Vertikal, Dobbeltsidig, Gjennomsiktig (100-pakning)"},"content":{"rendered":"<div id=\"Product-Description\">\n<p>Den gjennomsiktige dobbeltsidige ID-kortholderen i st\u00e5ende format er det perfekte valget for sikker og holdbar presentasjon av ID-kort, passkort og andre viktige kort. Laget av okso-nedbrytbar plast bidrar denne kortholderen til \u00e5 redusere karbonavtrykket og tilbyr samtidig h\u00f8yeste kvalitet og funksjonalitet.<\/p>\n<ul>\n<li><strong>Selges i pakker med 100 stk<\/strong><\/li>\n<li><strong>M\u00e5le:<\/strong> 86 x 54 mm<\/li>\n<li><strong>Passer kort i standard CR80-st\u00f8rrelse<\/strong><\/li>\n<li><strong>Dobbel design for fleksibel bruk p\u00e5 begge sider<\/strong><\/li>\n<li>St\u00f8pte kanter som reduserer risikoen for korte b\u00f8yninger og sprekker<\/li>\n<\/ul>\n<p>Denne milj\u00f8vennlige kortholderen er ideell for arbeidsplasser, arrangementer og andre sammenhenger hvor b\u00e6rekraft og funksjonalitet er prioritert. Hold kortene dine beskyttet og synlige mens du tar et bevisst valg for milj\u00f8et.<\/p>\n<p><strong>Bestill din gjennomsiktige dobbeltsidige kortholder i dag!<\/strong><\/p>\n<\/div>","protected":false},"excerpt":{"rendered":"<p>Transparent dobbeltsidig ID-kortholder i st\u00e5ende format, laget av okso-nedbrytbar plast. Passer standardkort i st\u00f8rrelse CR80 (86\u00d754 mm). Leveres i pakker med 100 stk.<\/p>","protected":false},"featured_media":145337,"template":"","meta":{"_acf_changed":false},"product_brand":[],"product_cat":[1667,4887],"product_tag":[4528,2869,2851,2958,4525],"class_list":{"0":"post-57228","1":"product","2":"type-product","3":"status-publish","4":"has-post-thumbnail","6":"product_cat-korthallare-passerkort-idkort","7":"product_cat-dubbelsidig-staende-korthallare","8":"product_tag-dubbelsidig-korthallare","9":"product_tag-korthallare-staende","10":"product_tag-korthallare-staende-eko","11":"product_tag-stonehouse-produkt","12":"product_tag-transparent-korthallare","13":"product_shipping_class-tunga-paket","14":"pa_brands-stonehouse-security","15":"pa_farg-transparent","16":"pa_rfid-tillbehor-korthallare","17":"tm-no-options","19":"first","20":"instock","21":"sale","22":"taxable","23":"shipping-taxable","24":"purchasable","25":"product-type-simple"},"acf":[],"_links":{"self":[{"href":"https:\/\/secureus.se\/no\/wp-json\/wp\/v2\/product\/57228","targetHints":{"allow":["GET"]}}],"collection":[{"href":"https:\/\/secureus.se\/no\/wp-json\/wp\/v2\/product"}],"about":[{"href":"https:\/\/secureus.se\/no\/wp-json\/wp\/v2\/types\/product"}],"wp:featuredmedia":[{"embeddable":true,"href":"https:\/\/secureus.se\/no\/wp-json\/wp\/v2\/media\/145337"}],"wp:attachment":[{"href":"https:\/\/secureus.se\/no\/wp-json\/wp\/v2\/media?parent=57228"}],"wp:term":[{"taxonomy":"product_brand","embeddable":true,"href":"https:\/\/secureus.se\/no\/wp-json\/wp\/v2\/product_brand?post=57228"},{"taxonomy":"product_cat","embeddable":true,"href":"https:\/\/secureus.se\/no\/wp-json\/wp\/v2\/product_cat?post=57228"},{"taxonomy":"product_tag","embeddable":true,"href":"https:\/\/secureus.se\/no\/wp-json\/wp\/v2\/product_tag?post=57228"}],"curies":[{"name":"wp","href":"https:\/\/api.w.org\/{rel}","templated":true}]}}