{"id":57236,"date":"2022-03-10T15:27:00","date_gmt":"2022-03-10T14:27:00","guid":{"rendered":"https:\/\/secureus.se\/produkt\/dubbelsidig-eko-serie-id-korthallare-staende-for-cr80-kort-100-pack-farg-svart\/"},"modified":"2026-02-17T13:21:13","modified_gmt":"2026-02-17T12:21:13","slug":"id-korthallare-passerkortshallare-svart-dubbel-staende-100-pack","status":"publish","type":"product","link":"https:\/\/secureus.se\/no\/id-korthallare-passerkortshallare-svart-dubbel-staende-100-pack\/","title":{"rendered":"Kortholder for adgangskort\/ID-kort \u2013 Eko BioBadge CR80 Vertikal, Dobbeltsidig, Svart (100-pakning)"},"content":{"rendered":"<div id=\"Product-Description\">\n<p>Den svarte dobbeltsidige ID-kortholderen i st\u00e5ende format er designet for \u00e5 m\u00f8te b\u00e5de holdbarhets- og sikkerhetsbehov. Laget av okso-nedbrytbar plast bidrar den til \u00e5 redusere karbonavtrykket, samtidig som den tilbyr robust og p\u00e5litelig kvalitet.<\/p>\n<ul>\n<li><strong>Selges i pakker med 100 stk<\/strong><\/li>\n<li><strong>M\u00e5le:<\/strong> 86 x 54 mm<\/li>\n<li><strong>Passer kort i standard CR80-st\u00f8rrelse<\/strong><\/li>\n<li><strong>Dobbel design for \u00e5 vise og beskytte begge sider av kortet<\/strong><\/li>\n<li>St\u00f8pte kanter forhindrer at kortet b\u00f8yes og sprekker, noe som reduserer behovet for \u00e5 bytte ut kort<\/li>\n<\/ul>\n<p>Perfekt for bruk p\u00e5 arbeidsplasser, arrangementer og andre profesjonelle sammenhenger. Det slitesterke designet kombinerer stil og funksjonalitet for \u00e5 sikre at passkort, ID-kort og andre viktige kort forblir sikre og lett tilgjengelige.<\/p>\n<p><strong>Bestill din svarte dobbeltsidige kortholder i dag og gj\u00f8r et b\u00e6rekraftig valg!<\/strong><\/p>\n<\/div>","protected":false},"excerpt":{"rendered":"<p>Sort dobbeltsidig ID-kortholder i st\u00e5ende format, laget av okso-nedbrytbar plast. Passer standardkort i CR80 st\u00f8rrelse (86x54mm). Leveres i pakker med 100 stk.<\/p>","protected":false},"featured_media":145492,"template":"","meta":{"_acf_changed":false},"product_brand":[],"product_cat":[4887,1667],"product_tag":[4528,2869,2851,2958,4526],"class_list":{"0":"post-57236","1":"product","2":"type-product","3":"status-publish","4":"has-post-thumbnail","6":"product_cat-dubbelsidig-staende-korthallare","7":"product_cat-korthallare-passerkort-idkort","8":"product_tag-dubbelsidig-korthallare","9":"product_tag-korthallare-staende","10":"product_tag-korthallare-staende-eko","11":"product_tag-stonehouse-produkt","12":"product_tag-svart-korthallare","13":"product_shipping_class-tunga-paket","14":"pa_brands-stonehouse-security","15":"pa_farg-svart","16":"pa_rfid-tillbehor-korthallare","17":"tm-no-options","19":"first","20":"instock","21":"sale","22":"taxable","23":"shipping-taxable","24":"purchasable","25":"product-type-simple"},"acf":[],"_links":{"self":[{"href":"https:\/\/secureus.se\/no\/wp-json\/wp\/v2\/product\/57236","targetHints":{"allow":["GET"]}}],"collection":[{"href":"https:\/\/secureus.se\/no\/wp-json\/wp\/v2\/product"}],"about":[{"href":"https:\/\/secureus.se\/no\/wp-json\/wp\/v2\/types\/product"}],"wp:featuredmedia":[{"embeddable":true,"href":"https:\/\/secureus.se\/no\/wp-json\/wp\/v2\/media\/145492"}],"wp:attachment":[{"href":"https:\/\/secureus.se\/no\/wp-json\/wp\/v2\/media?parent=57236"}],"wp:term":[{"taxonomy":"product_brand","embeddable":true,"href":"https:\/\/secureus.se\/no\/wp-json\/wp\/v2\/product_brand?post=57236"},{"taxonomy":"product_cat","embeddable":true,"href":"https:\/\/secureus.se\/no\/wp-json\/wp\/v2\/product_cat?post=57236"},{"taxonomy":"product_tag","embeddable":true,"href":"https:\/\/secureus.se\/no\/wp-json\/wp\/v2\/product_tag?post=57236"}],"curies":[{"name":"wp","href":"https:\/\/api.w.org\/{rel}","templated":true}]}}