{"id":57241,"date":"2022-03-10T15:27:00","date_gmt":"2022-03-10T14:27:00","guid":{"rendered":"https:\/\/secureus.se\/produkt\/nyckelband-20-mm-sakerhetsspanne-och-spanne-av-metall-100-pack-farg-bla\/"},"modified":"2025-12-31T19:48:55","modified_gmt":"2025-12-31T18:48:55","slug":"nyckelband-20mm-bla-metallklamma-100-pack","status":"publish","type":"product","link":"https:\/\/secureus.se\/no\/nyckelband-20mm-bla-metallklamma-100-pack\/","title":{"rendered":"N\u00f8kkelring 20 mm Bl\u00e5 - Sikkerhetsspenne og metallklemme - 100-pakk"},"content":{"rendered":"<div id=\"Product-Description\">\n<p>Velg v\u00e5re midnattsbl\u00e5 20 mm brede snorer for en slitesterk, profesjonell og praktisk l\u00f8sning for visning av ID-kort og adgangskort. Laget av resirkulert PET-materiale og utstyrt med b\u00e5de en sikkerhetsspenne og en slitesterk metallklemme, kombinerer disse snorene sikkerhet og milj\u00f8vennlighet.<\/p>\n<ul>\n<li><strong>Milj\u00f8vennlig materiale:<\/strong> Laget av slitesterkt, resirkulert PET-materiale.<\/li>\n<li><strong>Sikkerhetsspenne:<\/strong> For rask utl\u00f8sning ved behov, noe som sikrer brukersikkerhet.<\/li>\n<li><strong>Metallklemme:<\/strong> Slitesterk metallutl\u00f8serklemme for sikker festing av ID-kort, adgangskort og n\u00f8kkelbrikker.<\/li>\n<li><strong>Profesjonelt utseende:<\/strong> Den midnattsbl\u00e5 fargen gir et stilig og profesjonelt inntrykk.<\/li>\n<li><strong>Allsidig bruk:<\/strong> Perfekt for arbeidsplasser, arrangementer og daglig bruk. Passer til ID-kort, n\u00f8kkelbrikker, USB-pinner, visittkort og mobiltelefoner.<\/li>\n<\/ul>\n<p><strong>Spesifikasjoner:<\/strong><\/p>\n<ul>\n<li><strong>Bredde:<\/strong> 20 mm<\/li>\n<li><strong>Lengde:<\/strong> 90 cm<\/li>\n<li><strong>Materiale:<\/strong> Resirkulert PET-materiale<\/li>\n<li><strong>Farge:<\/strong> Midnattsbl\u00e5<\/li>\n<li><strong>Emballasje:<\/strong> 100 stk per pakke<\/li>\n<\/ul>\n<p>Holdbarhet og funksjonalitet m\u00f8tes i disse midnattsbl\u00e5 n\u00f8kkelringene - en perfekt l\u00f8sning for sikker og stilig visning av kort og pass.<\/p>\n<\/div>","protected":false},"excerpt":{"rendered":"<p>Bl\u00e5 snor i 20 mm bredde, laget av resirkulert PET-materiale. Utstyrt med metallklemme og sikkerhetsspenne. Selges i pakker med 100 stk.<\/p>","protected":false},"featured_media":145170,"template":"","meta":{"_acf_changed":false},"product_brand":[],"product_cat":[1875],"product_tag":[4359,4352,2958],"class_list":{"0":"post-57241","1":"product","2":"type-product","3":"status-publish","4":"has-post-thumbnail","6":"product_cat-nyckelband","7":"product_tag-20mm","8":"product_tag-blaa-nyckelband","9":"product_tag-stonehouse-produkt","10":"product_shipping_class-tunga-paket","11":"pa_brands-stonehouse-security","12":"pa_farg-bla","13":"pa_farg-nyckelband-bla","14":"pa_rfid-tillbehor-nyckelband-halsband","15":"tm-no-options","17":"first","18":"instock","19":"sale","20":"featured","21":"taxable","22":"shipping-taxable","23":"purchasable","24":"product-type-simple"},"acf":[],"_links":{"self":[{"href":"https:\/\/secureus.se\/no\/wp-json\/wp\/v2\/product\/57241","targetHints":{"allow":["GET"]}}],"collection":[{"href":"https:\/\/secureus.se\/no\/wp-json\/wp\/v2\/product"}],"about":[{"href":"https:\/\/secureus.se\/no\/wp-json\/wp\/v2\/types\/product"}],"wp:featuredmedia":[{"embeddable":true,"href":"https:\/\/secureus.se\/no\/wp-json\/wp\/v2\/media\/145170"}],"wp:attachment":[{"href":"https:\/\/secureus.se\/no\/wp-json\/wp\/v2\/media?parent=57241"}],"wp:term":[{"taxonomy":"product_brand","embeddable":true,"href":"https:\/\/secureus.se\/no\/wp-json\/wp\/v2\/product_brand?post=57241"},{"taxonomy":"product_cat","embeddable":true,"href":"https:\/\/secureus.se\/no\/wp-json\/wp\/v2\/product_cat?post=57241"},{"taxonomy":"product_tag","embeddable":true,"href":"https:\/\/secureus.se\/no\/wp-json\/wp\/v2\/product_tag?post=57241"}],"curies":[{"name":"wp","href":"https:\/\/api.w.org\/{rel}","templated":true}]}}