{"id":57245,"date":"2022-03-10T15:26:00","date_gmt":"2022-03-10T14:26:00","guid":{"rendered":"https:\/\/secureus.se\/produkt\/jojo-metall-38-mm-med-ring-och-clips\/"},"modified":"2026-02-23T09:49:26","modified_gmt":"2026-02-23T08:49:26","slug":"jojo-metall-38-mm-med-ring-och-clips","status":"publish","type":"product","link":"https:\/\/secureus.se\/no\/jojo-metall-38-mm-med-ring-och-clips\/","title":{"rendered":"Yo-yo metall 38 mm med ring og klips"},"content":{"rendered":"<div>\n<p>Jojo i metall med kraftig belteklips p\u00e5 ryggen og n\u00f8kkelring<\/p>\n<p>montert p\u00e5 kjede.<\/p>\n<p>Farge: Sort\/Krom<\/p>\n<p>Ledningslengde: 59 cm<\/p>\n<p>Materiale: Kjede<\/p>\n<p>Diameter: 38 mm<\/p>\n<p>Kan bestilles med din logo, trykt eller gravert.<\/p>\n<\/div>","protected":false},"excerpt":{"rendered":"<p>Yo-yo i metall med kraftig belteklips p\u00e5 baksiden og n\u00f8kkelring montert p\u00e5 kjede. Farge: Sort\/Krom Tr\u00e5dlengde: 59 cm Materiale: Kjedediameter: 38 mm Kan bestilles med din logo, trykt eller gravert.<\/p>","protected":false},"featured_media":147652,"template":"","meta":{"_acf_changed":false},"product_brand":[],"product_cat":[1676,2901,1324,1666],"product_tag":[2958],"class_list":{"0":"post-57245","1":"product","2":"type-product","3":"status-publish","4":"has-post-thumbnail","6":"product_cat-jojos-och-nyckelringar","7":"product_cat-jojo-yoyo-alltid-i-lager","8":"product_cat-outlet","9":"product_cat-tillbehor-rfid","10":"product_tag-stonehouse-produkt","11":"product_shipping_class-postnord-varubrev","12":"pa_brands-stonehouse-security","13":"pa_farg-svart","14":"pa_rfid-tillbehor-jojo","15":"tm-no-options","17":"first","18":"instock","19":"sale","20":"featured","21":"taxable","22":"shipping-taxable","23":"purchasable","24":"product-type-simple"},"acf":[],"_links":{"self":[{"href":"https:\/\/secureus.se\/no\/wp-json\/wp\/v2\/product\/57245","targetHints":{"allow":["GET"]}}],"collection":[{"href":"https:\/\/secureus.se\/no\/wp-json\/wp\/v2\/product"}],"about":[{"href":"https:\/\/secureus.se\/no\/wp-json\/wp\/v2\/types\/product"}],"wp:featuredmedia":[{"embeddable":true,"href":"https:\/\/secureus.se\/no\/wp-json\/wp\/v2\/media\/147652"}],"wp:attachment":[{"href":"https:\/\/secureus.se\/no\/wp-json\/wp\/v2\/media?parent=57245"}],"wp:term":[{"taxonomy":"product_brand","embeddable":true,"href":"https:\/\/secureus.se\/no\/wp-json\/wp\/v2\/product_brand?post=57245"},{"taxonomy":"product_cat","embeddable":true,"href":"https:\/\/secureus.se\/no\/wp-json\/wp\/v2\/product_cat?post=57245"},{"taxonomy":"product_tag","embeddable":true,"href":"https:\/\/secureus.se\/no\/wp-json\/wp\/v2\/product_tag?post=57245"}],"curies":[{"name":"wp","href":"https:\/\/api.w.org\/{rel}","templated":true}]}}