{"id":57259,"date":"2022-03-10T15:26:00","date_gmt":"2022-03-10T14:26:00","guid":{"rendered":"https:\/\/secureus.se\/produkt\/nyckelband-eko-10-mm-sakerhetsspanne-hummerklamma-i-metall-100-pack-farg-mork-bla\/"},"modified":"2025-12-31T19:47:25","modified_gmt":"2025-12-31T18:47:25","slug":"nyckelband-eko-10-mm-sakerhetsspanne-hummerklamma-i-metall-100-pack-farg-mork-bla","status":"publish","type":"product","link":"https:\/\/secureus.se\/no\/nyckelband-eko-10-mm-sakerhetsspanne-hummerklamma-i-metall-100-pack-farg-mork-bla\/","title":{"rendered":"N\u00f8kkelring Eco Bl\u00e5-M\u00f8rk 10 mm Sikkerhetsspenne hummerklips 100 stk"},"content":{"rendered":"<p>Deluxe r\u00f8d 10mm polyester stropp med sikkerhetsspenne feste &quot;hummer clip&quot; i metall.<\/p>\n<p>Leveres i pakker med 100 n\u00f8kler<\/p>\n<p>Sikkerhetsspennen gir \u00f8kt sikkerhet ved \u00e5 l\u00f8sne n\u00e5r den trekkes eller sitter fast i f.eks. Maskiner.<\/p>\n<p>Snoren kan enkelt festes igjen etter at den er tatt av.<\/p>\n<p>Perfekt for \u00e5 vise ID-kort, bes\u00f8kskort eller feste andre gjenstander som mobiltelefoner, fl\u00f8yter, USB-pinner etc.<\/p>","protected":false},"excerpt":{"rendered":"<p>Deluxe r\u00f8d 10mm polyester stropp med sikkerhetsspenne feste &quot;hummer clip&quot; i metall. Leveres i pakker med 100 n\u00f8kler. Sikkerhetsspennen gir \u00f8kt sikkerhet ved \u00e5 l\u00f8sne n\u00e5r den trekkes eller fanges i<\/p>","protected":false},"featured_media":145209,"template":"","meta":{"_acf_changed":false},"product_brand":[],"product_cat":[1875],"product_tag":[4348,4352],"class_list":{"0":"post-57259","1":"product","2":"type-product","3":"status-publish","4":"has-post-thumbnail","6":"product_cat-nyckelband","7":"product_tag-10mm","8":"product_tag-blaa-nyckelband","9":"product_shipping_class-tunga-paket","10":"pa_brands-stonehouse-security","11":"pa_farg-bla-mork","12":"pa_farg-nyckelband-bla-mork","13":"pa_rfid-tillbehor-nyckelband-halsband","14":"tm-no-options","16":"first","17":"instock","18":"sale","19":"featured","20":"taxable","21":"shipping-taxable","22":"purchasable","23":"product-type-simple"},"acf":[],"_links":{"self":[{"href":"https:\/\/secureus.se\/no\/wp-json\/wp\/v2\/product\/57259","targetHints":{"allow":["GET"]}}],"collection":[{"href":"https:\/\/secureus.se\/no\/wp-json\/wp\/v2\/product"}],"about":[{"href":"https:\/\/secureus.se\/no\/wp-json\/wp\/v2\/types\/product"}],"wp:featuredmedia":[{"embeddable":true,"href":"https:\/\/secureus.se\/no\/wp-json\/wp\/v2\/media\/145209"}],"wp:attachment":[{"href":"https:\/\/secureus.se\/no\/wp-json\/wp\/v2\/media?parent=57259"}],"wp:term":[{"taxonomy":"product_brand","embeddable":true,"href":"https:\/\/secureus.se\/no\/wp-json\/wp\/v2\/product_brand?post=57259"},{"taxonomy":"product_cat","embeddable":true,"href":"https:\/\/secureus.se\/no\/wp-json\/wp\/v2\/product_cat?post=57259"},{"taxonomy":"product_tag","embeddable":true,"href":"https:\/\/secureus.se\/no\/wp-json\/wp\/v2\/product_tag?post=57259"}],"curies":[{"name":"wp","href":"https:\/\/api.w.org\/{rel}","templated":true}]}}