{"id":57263,"date":"2022-03-10T15:26:00","date_gmt":"2022-03-10T14:26:00","guid":{"rendered":"https:\/\/secureus.se\/produkt\/nyckelband-eko-10-mm-sakerhetsspanne-hummerklamma-i-metall-100-pack-farg-navy-bla\/"},"modified":"2026-01-02T12:12:04","modified_gmt":"2026-01-02T11:12:04","slug":"nyckelband-10mm-marinbla-metallklamma-100-pack","status":"publish","type":"product","link":"https:\/\/secureus.se\/no\/nyckelband-10mm-marinbla-metallklamma-100-pack\/","title":{"rendered":"N\u00f8kkelring 10 mm Marinebl\u00e5 \u00d8ko - Hummerklips i metall og sikkerhetsspenne - pakke med 100 stk."},"content":{"rendered":"<p>Disse marinebl\u00e5 snorene i 10 mm bredde er det optimale valget for en profesjonell og holdbar l\u00f8sning. Laget av robust resirkulert PET-materiale, kombinerer de en milj\u00f8vennlig profil med h\u00f8y funksjonalitet. Standard lengdedesign p\u00e5 90 cm (45 cm falllengde for voksne) gj\u00f8r dem behagelige \u00e5 bruke i mange forskjellige sammenhenger, fra arbeidsplasser og skoler til arrangementer og konferanser.<\/p>\n<ul>\n<li><strong>Resirkulerte materialer:<\/strong> Laget av slitesterkt og milj\u00f8vennlig PET-materiale.<\/li>\n<li><strong>Hummerklemme i metall:<\/strong> Perfekt for \u00e5 sikre ID-kort, n\u00f8kkelbrikker eller adgangskort.<\/li>\n<li><strong>Sikkerhetsspenne:<\/strong> For sikker og rask utl\u00f8sning ved behov.<\/li>\n<li><strong>Fleksible bruksomr\u00e5der:<\/strong> Utmerket for \u00e5 vise ID-kort, visittkort, n\u00f8kkelbrikker, minnepinner og mobiltelefoner.<\/li>\n<li><strong>Tilgjengelige farger:<\/strong> Ogs\u00e5 tilgjengelig i sort, lysebl\u00e5, gr\u00f8nn, oransje, rosa, r\u00f8d, hvit og gul.<\/li>\n<\/ul>\n<p><strong>Spesifikasjoner:<\/strong><\/p>\n<ul>\n<li><strong>Bredde:<\/strong> 10 mm<\/li>\n<li><strong>Lengde:<\/strong> 90 cm (45 cm dr\u00e5pelengde)<\/li>\n<li><strong>Materiale:<\/strong> Resirkulert PET-materiale<\/li>\n<li><strong>Emballasje:<\/strong> 100 stk per pakke<\/li>\n<\/ul>\n<p>Disse marinebl\u00e5 snorene tilbyr b\u00e5de stil og holdbarhet, noe som gj\u00f8r dem ideelle for organisasjoner som s\u00f8ker h\u00f8ykvalitets og milj\u00f8bevisste produkter.<\/p>","protected":false},"excerpt":{"rendered":"<p>Slitesterke marinebl\u00e5 snorer i 10 mm bredde, laget av resirkulert PET-materiale. Utstyrt med hummerl\u00e5s i metall og sikkerhetsspenne. Selges i pakker med 100 stk.<\/p>","protected":false},"featured_media":145642,"template":"","meta":{"_acf_changed":false},"product_brand":[],"product_cat":[1875],"product_tag":[4348,4352],"class_list":{"0":"post-57263","1":"product","2":"type-product","3":"status-publish","4":"has-post-thumbnail","6":"product_cat-nyckelband","7":"product_tag-10mm","8":"product_tag-blaa-nyckelband","9":"product_shipping_class-tunga-paket","10":"pa_brands-stonehouse-security","11":"pa_farg-bla-navy","12":"pa_farg-nyckelband-navybla","13":"pa_rfid-tillbehor-nyckelband-halsband","14":"tm-no-options","16":"first","17":"instock","18":"sale","19":"featured","20":"taxable","21":"shipping-taxable","22":"purchasable","23":"product-type-simple"},"acf":[],"_links":{"self":[{"href":"https:\/\/secureus.se\/no\/wp-json\/wp\/v2\/product\/57263","targetHints":{"allow":["GET"]}}],"collection":[{"href":"https:\/\/secureus.se\/no\/wp-json\/wp\/v2\/product"}],"about":[{"href":"https:\/\/secureus.se\/no\/wp-json\/wp\/v2\/types\/product"}],"wp:featuredmedia":[{"embeddable":true,"href":"https:\/\/secureus.se\/no\/wp-json\/wp\/v2\/media\/145642"}],"wp:attachment":[{"href":"https:\/\/secureus.se\/no\/wp-json\/wp\/v2\/media?parent=57263"}],"wp:term":[{"taxonomy":"product_brand","embeddable":true,"href":"https:\/\/secureus.se\/no\/wp-json\/wp\/v2\/product_brand?post=57263"},{"taxonomy":"product_cat","embeddable":true,"href":"https:\/\/secureus.se\/no\/wp-json\/wp\/v2\/product_cat?post=57263"},{"taxonomy":"product_tag","embeddable":true,"href":"https:\/\/secureus.se\/no\/wp-json\/wp\/v2\/product_tag?post=57263"}],"curies":[{"name":"wp","href":"https:\/\/api.w.org\/{rel}","templated":true}]}}