{"id":57265,"date":"2022-03-10T15:26:00","date_gmt":"2022-03-10T14:26:00","guid":{"rendered":"https:\/\/secureus.se\/produkt\/jojo-mini-vit\/"},"modified":"2026-04-08T09:01:09","modified_gmt":"2026-04-08T07:01:09","slug":"jojo-mini-vit","status":"publish","type":"product","link":"https:\/\/secureus.se\/no\/jojo-mini-vit\/","title":{"rendered":"Uttrekkbar n\u00f8kkelring med jojo og klips \u2013 Hvit"},"content":{"rendered":"<div>\n<p>Denne popul\u00e6re fleksible jojoen er laget av slitesterk ABS-plast og kommer med en n\u00f8kkelring i metall. Med en st\u00f8rrelse p\u00e5 30 mm i diameter og 10 mm i tykkelse, er den kompakt, men robust, perfekt for daglig bruk. Utstyrt med en slitesterk 60 cm ledning, tilbyr den b\u00e5de bekvemmelighet og funksjonalitet.<\/p>\n<h4>Funksjoner og fordeler:<\/h4>\n<ul>\n<li><strong>B\u00e6rekraftig design:<\/strong> Laget av slitesterk ABS-plast for langvarig bruk.<\/li>\n<li><strong>Sterk belteklips:<\/strong> Stabil festeenhet for sikker feste til belter, lommer eller vesker.<\/li>\n<li><strong>Sterk metall n\u00f8kkelring:<\/strong> Robust metalln\u00f8kkelring for ekstra holdbarhet.<\/li>\n<li><strong>Flere fargevalg:<\/strong> Tilgjengelig i sort, gul, hvit, bl\u00e5 og gr\u00f8nn for \u00e5 passe din stil og behov.<\/li>\n<li><strong>Lang strenglengde:<\/strong> Utstyrt med en 60 cm lang nylonsnor for enkel tilgang.<\/li>\n<\/ul>\n<h4>Bruksomr\u00e5der:<\/h4>\n<ul>\n<li><strong>Kontoransatt:<\/strong> Perfekt for \u00e5 ha n\u00f8kler eller ID-kort lett tilgjengelig.<\/li>\n<li><strong>Sikkerhetspersonell:<\/strong> Ideell for \u00e5 b\u00e6re sikkerhetsutstyr eller n\u00f8kler.<\/li>\n<li><strong>Arrangementsmedarbeidere:<\/strong> Praktisk for \u00e5 holde ID-kort eller adgangskort synlige og lett tilgjengelige.<\/li>\n<li><strong>Daglig bruk:<\/strong> En praktisk l\u00f8sning for alle som trenger rask og enkel tilgang til n\u00f8klene eller kortene sine.<\/li>\n<\/ul>\n<h4>Teknisk spesifikasjon:<\/h4>\n<ul>\n<li><strong>Materiale:<\/strong> ABS plast<\/li>\n<li><strong>St\u00f8rrelse:<\/strong> 30 mm i diameter, 10 mm i tykkelse<\/li>\n<li><strong>Ledningslengde:<\/strong> 60 cm<\/li>\n<li><strong>Farge:<\/strong> Svart, gul, hvit, bl\u00e5, gr\u00f8nn<\/li>\n<\/ul>\n<h3>Fordeler med den uttrekkbare n\u00f8kkelringen:<\/h3>\n<ul>\n<li>Enkel og grei installasjon<\/li>\n<li>Ingen boring n\u00f8dvendig<\/li>\n<li>Rask installasjon<\/li>\n<li>Ideell for solide tak som betong, der boring kan v\u00e6re vanskelig eller u\u00f8nsket<\/li>\n<\/ul>\n<\/div>","protected":false},"excerpt":{"rendered":"<p>Denne hendige uttrekkbare n\u00f8kkelringen med jojo i ABS-plast er perfekt for enkel og sikker tilgang til n\u00f8klene eller ID-kortene dine. Den leveres med en n\u00f8kkelring i metall og en kraftig klips for sikker festing.<\/p>","protected":false},"featured_media":147646,"template":"","meta":{"_acf_changed":false},"product_brand":[],"product_cat":[1676,2901,1324],"product_tag":[2416,2958],"class_list":{"0":"post-57265","1":"product","2":"type-product","3":"status-publish","4":"has-post-thumbnail","6":"product_cat-jojos-och-nyckelringar","7":"product_cat-jojo-yoyo-alltid-i-lager","8":"product_cat-outlet","9":"product_tag-rel-rfid-tillbehor","10":"product_tag-stonehouse-produkt","11":"product_shipping_class-postnord-varubrev","12":"pa_brands-stonehouse-security","13":"pa_farg-vit","14":"pa_rfid-tillbehor-jojo","15":"tm-no-options","17":"first","18":"instock","19":"sale","20":"featured","21":"taxable","22":"shipping-taxable","23":"purchasable","24":"product-type-simple"},"acf":[],"_links":{"self":[{"href":"https:\/\/secureus.se\/no\/wp-json\/wp\/v2\/product\/57265","targetHints":{"allow":["GET"]}}],"collection":[{"href":"https:\/\/secureus.se\/no\/wp-json\/wp\/v2\/product"}],"about":[{"href":"https:\/\/secureus.se\/no\/wp-json\/wp\/v2\/types\/product"}],"wp:featuredmedia":[{"embeddable":true,"href":"https:\/\/secureus.se\/no\/wp-json\/wp\/v2\/media\/147646"}],"wp:attachment":[{"href":"https:\/\/secureus.se\/no\/wp-json\/wp\/v2\/media?parent=57265"}],"wp:term":[{"taxonomy":"product_brand","embeddable":true,"href":"https:\/\/secureus.se\/no\/wp-json\/wp\/v2\/product_brand?post=57265"},{"taxonomy":"product_cat","embeddable":true,"href":"https:\/\/secureus.se\/no\/wp-json\/wp\/v2\/product_cat?post=57265"},{"taxonomy":"product_tag","embeddable":true,"href":"https:\/\/secureus.se\/no\/wp-json\/wp\/v2\/product_tag?post=57265"}],"curies":[{"name":"wp","href":"https:\/\/api.w.org\/{rel}","templated":true}]}}