{"id":57275,"date":"2022-03-10T15:26:00","date_gmt":"2022-03-10T14:26:00","guid":{"rendered":"https:\/\/secureus.se\/produkt\/korthallare-standard-for-dubbla-kort\/"},"modified":"2025-12-31T19:45:10","modified_gmt":"2025-12-31T18:45:10","slug":"korthallare-classic-bla-staende-for-2-kort","status":"publish","type":"product","link":"https:\/\/secureus.se\/no\/korthallare-classic-bla-staende-for-2-kort\/","title":{"rendered":"Kortholder Classic Blue Landscape for 2 kort"},"content":{"rendered":"<div>\n<p>Ligner p\u00e5 standard kortholder, men denne har kapasitet til \u00e5 lagre 2 kort.<\/p>\n<p>Kortholderen er det perfekte verkt\u00f8yet for \u00e5 alltid ha ID-kort, adgangskort og bes\u00f8ksmerker synlige og lett tilgjengelige (leveres uten klips)<\/p>\n<p>St\u00f8rrelse 91x 64 mm<\/p>\n<\/div>","protected":false},"excerpt":{"rendered":"<p>Snarlik korth\u00e5llare standard men denna har kapacitet att f\u00f6rvara 2 stycken kort. Korth\u00e5llaren \u00e4r det perfekta verktyget f\u00f6r att alltid ha ID-kort, passerkort &amp; bes\u00f6ksbrickan synlig och l\u00e4tt tillg\u00e4nglig (levereras<\/p>","protected":false},"featured_media":145536,"template":"","meta":{"_acf_changed":false},"product_brand":[],"product_cat":[4885],"product_tag":[2869],"class_list":{"0":"post-57275","1":"product","2":"type-product","3":"status-publish","4":"has-post-thumbnail","6":"product_cat-dubbelsidig-liggande-korthallare","7":"product_tag-korthallare-staende","8":"product_shipping_class-postnord-varubrev","9":"pa_brands-stonehouse-security","10":"pa_farg-bla","11":"pa_rfid-tillbehor-nyckelringar","12":"tm-no-options","14":"first","15":"instock","16":"sale","17":"featured","18":"taxable","19":"shipping-taxable","20":"purchasable","21":"product-type-simple"},"acf":[],"_links":{"self":[{"href":"https:\/\/secureus.se\/no\/wp-json\/wp\/v2\/product\/57275","targetHints":{"allow":["GET"]}}],"collection":[{"href":"https:\/\/secureus.se\/no\/wp-json\/wp\/v2\/product"}],"about":[{"href":"https:\/\/secureus.se\/no\/wp-json\/wp\/v2\/types\/product"}],"wp:featuredmedia":[{"embeddable":true,"href":"https:\/\/secureus.se\/no\/wp-json\/wp\/v2\/media\/145536"}],"wp:attachment":[{"href":"https:\/\/secureus.se\/no\/wp-json\/wp\/v2\/media?parent=57275"}],"wp:term":[{"taxonomy":"product_brand","embeddable":true,"href":"https:\/\/secureus.se\/no\/wp-json\/wp\/v2\/product_brand?post=57275"},{"taxonomy":"product_cat","embeddable":true,"href":"https:\/\/secureus.se\/no\/wp-json\/wp\/v2\/product_cat?post=57275"},{"taxonomy":"product_tag","embeddable":true,"href":"https:\/\/secureus.se\/no\/wp-json\/wp\/v2\/product_tag?post=57275"}],"curies":[{"name":"wp","href":"https:\/\/api.w.org\/{rel}","templated":true}]}}