{"id":57282,"date":"2022-03-10T15:26:00","date_gmt":"2022-03-10T14:26:00","guid":{"rendered":"https:\/\/secureus.se\/produkt\/nyckelband-eko-10-mm-sakerhetsspanne-hummerklamma-i-metall-100-pack-farg-svart\/"},"modified":"2026-01-02T12:10:12","modified_gmt":"2026-01-02T11:10:12","slug":"nyckelband-10mm-svart-metallklamma-100-pack","status":"publish","type":"product","link":"https:\/\/secureus.se\/no\/nyckelband-10mm-svart-metallklamma-100-pack\/","title":{"rendered":"N\u00f8kkelring 10 mm svart Eco - Hummerklips i metall og sikkerhetsspenne - pakke med 100 stk"},"content":{"rendered":"<p>Disse 10 mm brede snorene er designet for b\u00e5de holdbarhet og funksjonalitet. Laget av resirkulert PET-materiale, er de b\u00e5de milj\u00f8vennlige og robuste. Med en standardlengde p\u00e5 90 cm (45 cm falllengde) og en sikkerhetsspenne er disse snorene perfekte for daglig bruk p\u00e5 arbeidsplasser, arrangementer eller skole.<\/p>\n<ul>\n<li><strong>Materiale av h\u00f8y kvalitet:<\/strong> Laget av slitesterkt resirkulert PET-materiale.<\/li>\n<li><strong>Hummerklemme i metall:<\/strong> Gir et sikkert vedlegg for ID-kort, n\u00f8kkelbrikker eller USB-pinner.<\/li>\n<li><strong>Sikkerhetsspenne:<\/strong> For enkel og rask fjerning.<\/li>\n<li><strong>Bred bruk:<\/strong> Passer til ID-kort, visittkort, n\u00f8kkelbrikker, minnepinner og mobiltelefoner.<\/li>\n<li><strong>Bredt fargeutvalg:<\/strong> Tilgjengelig i sort, m\u00f8rkebl\u00e5, lysebl\u00e5, marinebl\u00e5, m\u00f8rkegr\u00f8nn, lysegr\u00f8nn, gr\u00e5, oransje, rosa, lilla, r\u00f8d, hvit og gul.<\/li>\n<\/ul>\n<p><strong>Spesifikasjoner:<\/strong><\/p>\n<ul>\n<li><strong>Bredde:<\/strong> 10 mm<\/li>\n<li><strong>Lengde:<\/strong> 90 cm (45 cm dr\u00e5pelengde)<\/li>\n<li><strong>Materiale:<\/strong> Resirkulert PET-materiale<\/li>\n<li><strong>Emballasje:<\/strong> 100 stk per pakke<\/li>\n<\/ul>\n<p>Invester i disse praktiske og milj\u00f8vennlige snorene for \u00e5 gj\u00f8re hverdagen jevnere og mer organisert. Et perfekt valg for bedrifter og arrangementsarrang\u00f8rer.<\/p>","protected":false},"excerpt":{"rendered":"<p>Slitesterke snorer i 10 mm resirkulert PET-materiale med hummerl\u00e5s i metall og sikkerhetsspenne. Perfekt for ID-kort, n\u00f8kkelbrikker og minnepinner. Selges i pakker med 100 stk.<\/p>","protected":false},"featured_media":145278,"template":"","meta":{"_acf_changed":false},"product_brand":[],"product_cat":[1875],"product_tag":[4348,4349],"class_list":{"0":"post-57282","1":"product","2":"type-product","3":"status-publish","4":"has-post-thumbnail","6":"product_cat-nyckelband","7":"product_tag-10mm","8":"product_tag-svart-nyckelband","9":"product_shipping_class-tunga-paket","10":"pa_brands-stonehouse-security","11":"pa_farg-svart","12":"pa_farg-nyckelband-svart","13":"pa_rfid-tillbehor-nyckelband-halsband","14":"tm-no-options","16":"first","17":"instock","18":"sale","19":"featured","20":"taxable","21":"shipping-taxable","22":"purchasable","23":"product-type-simple"},"acf":[],"_links":{"self":[{"href":"https:\/\/secureus.se\/no\/wp-json\/wp\/v2\/product\/57282","targetHints":{"allow":["GET"]}}],"collection":[{"href":"https:\/\/secureus.se\/no\/wp-json\/wp\/v2\/product"}],"about":[{"href":"https:\/\/secureus.se\/no\/wp-json\/wp\/v2\/types\/product"}],"wp:featuredmedia":[{"embeddable":true,"href":"https:\/\/secureus.se\/no\/wp-json\/wp\/v2\/media\/145278"}],"wp:attachment":[{"href":"https:\/\/secureus.se\/no\/wp-json\/wp\/v2\/media?parent=57282"}],"wp:term":[{"taxonomy":"product_brand","embeddable":true,"href":"https:\/\/secureus.se\/no\/wp-json\/wp\/v2\/product_brand?post=57282"},{"taxonomy":"product_cat","embeddable":true,"href":"https:\/\/secureus.se\/no\/wp-json\/wp\/v2\/product_cat?post=57282"},{"taxonomy":"product_tag","embeddable":true,"href":"https:\/\/secureus.se\/no\/wp-json\/wp\/v2\/product_tag?post=57282"}],"curies":[{"name":"wp","href":"https:\/\/api.w.org\/{rel}","templated":true}]}}