{"id":57295,"date":"2022-03-10T15:26:00","date_gmt":"2022-03-10T14:26:00","guid":{"rendered":"https:\/\/secureus.se\/produkt\/nyckelband-eko-10-mm-sakerhetsspanne-hummerklamma-i-metall-100-pack-farg-orange\/"},"modified":"2026-01-02T12:11:16","modified_gmt":"2026-01-02T11:11:16","slug":"nyckelband-10mm-orange-metallklamma-100-pack","status":"publish","type":"product","link":"https:\/\/secureus.se\/no\/nyckelband-10mm-orange-metallklamma-100-pack\/","title":{"rendered":"N\u00f8kkelring 10 mm Orange Eco - Resirkulert materiale - Metallklemme - 100-pakk"},"content":{"rendered":"<p>Disse oransje snorene i 10 mm bredde gir en perfekt balanse mellom funksjonalitet og holdbarhet. Laget av robust resirkulert PET-materiale, er de b\u00e5de milj\u00f8vennlige og p\u00e5litelige. Disse snorene er 90 cm lange (45 cm falllengde for voksne) og utstyrt med en sikkerhetsspenne samt en slitesterk hummerspenne i metall, og er ideelle for en rekke bruksomr\u00e5der.<\/p>\n<ul>\n<li><strong>Resirkulerte materialer:<\/strong> Laget av slitesterkt og milj\u00f8vennlig PET-materiale.<\/li>\n<li><strong>Hummerklemme i metall:<\/strong> Gir sikker vedlegg for ID-kort, n\u00f8kkelbrikker eller adgangskort.<\/li>\n<li><strong>Sikkerhetsspenne:<\/strong> For enkel og rask utl\u00f8sning ved behov.<\/li>\n<li><strong>Farge og synlighet:<\/strong> Den oransje fargen gj\u00f8r n\u00f8kkelringene enkle \u00e5 se og identifisere.<\/li>\n<li><strong>Fleksible bruksomr\u00e5der:<\/strong> Perfekt for ID-kort, visittkort, n\u00f8kkelbrikker, minnepinner og mobiltelefoner.<\/li>\n<\/ul>\n<p><strong>Spesifikasjoner:<\/strong><\/p>\n<ul>\n<li><strong>Bredde:<\/strong> 10 mm<\/li>\n<li><strong>Lengde:<\/strong> 90 cm (45 cm dr\u00e5pelengde)<\/li>\n<li><strong>Materiale:<\/strong> Resirkulert PET-materiale<\/li>\n<li><strong>Emballasje:<\/strong> 100 stk per pakke<\/li>\n<\/ul>\n<p>Ved \u00e5 kombinere holdbarhet og stil er disse oransje snorene et utmerket valg for alle som leter etter en p\u00e5litelig og milj\u00f8vennlig l\u00f8sning for \u00e5 b\u00e6re ID-kort eller n\u00f8kkelbrikker.<\/p>","protected":false},"excerpt":{"rendered":"<p>Slitesterke oransje snorer i 10 mm bredde, laget av resirkulert PET-materiale. Utstyrt med hummerl\u00e5s i metall og sikkerhetsspenne. Selges i pakker med 100 stk.<\/p>","protected":false},"featured_media":145577,"template":"","meta":{"_acf_changed":false},"product_brand":[],"product_cat":[1875],"product_tag":[4348,4353],"class_list":{"0":"post-57295","1":"product","2":"type-product","3":"status-publish","4":"has-post-thumbnail","6":"product_cat-nyckelband","7":"product_tag-10mm","8":"product_tag-orange-nyckelband","9":"product_shipping_class-tunga-paket","10":"pa_brands-stonehouse-security","11":"pa_farg-orange","12":"pa_farg-nyckelband-orange","13":"pa_rfid-tillbehor-nyckelband-halsband","14":"tm-no-options","16":"first","17":"instock","18":"sale","19":"featured","20":"taxable","21":"shipping-taxable","22":"purchasable","23":"product-type-simple"},"acf":[],"_links":{"self":[{"href":"https:\/\/secureus.se\/no\/wp-json\/wp\/v2\/product\/57295","targetHints":{"allow":["GET"]}}],"collection":[{"href":"https:\/\/secureus.se\/no\/wp-json\/wp\/v2\/product"}],"about":[{"href":"https:\/\/secureus.se\/no\/wp-json\/wp\/v2\/types\/product"}],"wp:featuredmedia":[{"embeddable":true,"href":"https:\/\/secureus.se\/no\/wp-json\/wp\/v2\/media\/145577"}],"wp:attachment":[{"href":"https:\/\/secureus.se\/no\/wp-json\/wp\/v2\/media?parent=57295"}],"wp:term":[{"taxonomy":"product_brand","embeddable":true,"href":"https:\/\/secureus.se\/no\/wp-json\/wp\/v2\/product_brand?post=57295"},{"taxonomy":"product_cat","embeddable":true,"href":"https:\/\/secureus.se\/no\/wp-json\/wp\/v2\/product_cat?post=57295"},{"taxonomy":"product_tag","embeddable":true,"href":"https:\/\/secureus.se\/no\/wp-json\/wp\/v2\/product_tag?post=57295"}],"curies":[{"name":"wp","href":"https:\/\/api.w.org\/{rel}","templated":true}]}}