{"id":57363,"date":"2022-03-10T15:17:00","date_gmt":"2022-03-10T14:17:00","guid":{"rendered":"https:\/\/secureus.se\/produkt\/plug-in-satel-ethernet-ip-modul-for-satel-4g-gsm\/"},"modified":"2026-04-22T15:57:30","modified_gmt":"2026-04-22T13:57:30","slug":"plug-in-ethernet-ip-modul-for-satel-gsm-x-lte","status":"publish","type":"product","link":"https:\/\/secureus.se\/no\/plug-in-ethernet-ip-modul-for-satel-gsm-x-lte\/","title":{"rendered":"Plugg inn Ethernet IP-modul GSM-X-ETH for SATEL GSM-X LTE alarmsender"},"content":{"rendered":"<h1>Plugg inn Ethernet IP-modul for SATEL GSM-X LTE - Forbedre sikkerhetssystemet ditt<\/h1>\n<p>Gj\u00f8r din SATEL GSM-X LTE alarmsender enda kraftigere med Ethernet IP-modulen.<\/p>\n<p>Denne modulen legger til Ethernet-kapasitet for rask og sikker dataoverf\u00f8ring.<\/p>\n<p>Enten den brukes parallelt med mobilnettverket eller som en alternativ overf\u00f8ringsvei, gir denne l\u00f8sningen optimal fleksibilitet for ditt sikkerhetssystem.<\/p>\n<p><strong>Hovedtrekkene:<\/strong><\/p>\n<ul>\n<li><strong>Fleksibel dataoverf\u00f8ring:<\/strong> St\u00f8tte for Ethernet (TCP\/UDP) som en parallell eller alternativ kommunikasjonsvei.<\/li>\n<li><strong>Prioritering:<\/strong> Definer og konfigurer prioriteten til overf\u00f8ringsveier for spesifikke funksjoner.<\/li>\n<li><strong>Rask installasjon:<\/strong> Plug-in design for enkel montering og rask implementering.<\/li>\n<li><strong>Trygg og stabil:<\/strong> Ethernet-tilkobling gir p\u00e5litelig kommunikasjon uavhengig av milj\u00f8et.<\/li>\n<\/ul>\n<p>Denne modulen er det perfekte tilbeh\u00f8ret for \u00e5 optimalisere kommunikasjonen i sikkerhetssystemet ditt, og sikre rask og p\u00e5litelig alarmoverf\u00f8ring.<\/p>","protected":false},"excerpt":{"rendered":"<p>Utvid GSM-X LTE-alarmsenderens kommunikasjonsmuligheter med Ethernet IP-modulen.<\/p>\n<p>Rask og sikker dataoverf\u00f8ring via Ethernet som alternativ eller supplement til mobilnettverk.<\/p>\n<p>&nbsp;<\/p>","protected":false},"featured_media":145658,"template":"","meta":{"_acf_changed":false},"product_brand":[],"product_cat":[1551],"product_tag":[2251,2425],"class_list":{"0":"post-57363","1":"product","2":"type-product","3":"status-publish","4":"has-post-thumbnail","6":"product_cat-larmoverforing","7":"product_tag-larmoverforing-4g-sandare","8":"product_tag-rel-4g-larmoverforing","9":"product_shipping_class-postnord-varubrev","10":"pa_brands-satel","11":"tm-no-options","13":"first","14":"instock","15":"sale","16":"featured","17":"taxable","18":"shipping-taxable","19":"purchasable","20":"product-type-simple"},"acf":[],"_links":{"self":[{"href":"https:\/\/secureus.se\/no\/wp-json\/wp\/v2\/product\/57363","targetHints":{"allow":["GET"]}}],"collection":[{"href":"https:\/\/secureus.se\/no\/wp-json\/wp\/v2\/product"}],"about":[{"href":"https:\/\/secureus.se\/no\/wp-json\/wp\/v2\/types\/product"}],"wp:featuredmedia":[{"embeddable":true,"href":"https:\/\/secureus.se\/no\/wp-json\/wp\/v2\/media\/145658"}],"wp:attachment":[{"href":"https:\/\/secureus.se\/no\/wp-json\/wp\/v2\/media?parent=57363"}],"wp:term":[{"taxonomy":"product_brand","embeddable":true,"href":"https:\/\/secureus.se\/no\/wp-json\/wp\/v2\/product_brand?post=57363"},{"taxonomy":"product_cat","embeddable":true,"href":"https:\/\/secureus.se\/no\/wp-json\/wp\/v2\/product_cat?post=57363"},{"taxonomy":"product_tag","embeddable":true,"href":"https:\/\/secureus.se\/no\/wp-json\/wp\/v2\/product_tag?post=57363"}],"curies":[{"name":"wp","href":"https:\/\/api.w.org\/{rel}","templated":true}]}}