{"id":57366,"date":"2022-03-10T15:15:00","date_gmt":"2022-03-10T14:15:00","guid":{"rendered":"https:\/\/secureus.se\/produkt\/2-vags-tradlos-panda-keyfob-fjarrkontroll-agililty4-och-wicomm-pro\/"},"modified":"2026-03-14T12:52:33","modified_gmt":"2026-03-14T11:52:33","slug":"risco-fjarrkontroll-2-vags","status":"publish","type":"product","link":"https:\/\/secureus.se\/no\/risco-fjarrkontroll-2-vags\/","title":{"rendered":"Risco fjernkontroll 2-veis"},"content":{"rendered":"<h1>Risco fjernkontroll 2-veis<\/h1>\n<p data-start=\"478\" data-end=\"845\">RISCO Panda 2-veis fjernkontroll (mod. RWX332KF800B) er den nyeste innovasjonen fra RISCO Group, designet for \u00e5 gi maksimal bekvemmelighet og sikkerhet for brukere av RISCO innbruddssystemer.<\/p>\n<p data-start=\"478\" data-end=\"845\">Fjernkontrollen kombinerer et moderne og str\u00f8mlinjeformet design med avansert toveis tr\u00e5dl\u00f8s kommunikasjon, noe som gj\u00f8r den til et utmerket valg for b\u00e5de hjem og sm\u00e5 kontorer.<\/p>\n<p data-start=\"847\" data-end=\"1241\">Panda 2-veis fjernkontroll er spesielt brukervennlig og enkel \u00e5 konfigurere.<\/p>\n<p data-start=\"847\" data-end=\"1241\">Den er kompatibel med alle tr\u00e5dl\u00f8se og hybride sikkerhetssystemer fra RISCO, og tilbyr en praktisk m\u00e5te for brukere \u00e5 kontrollere alarm- og sikkerhetssystemene sine.<\/p>\n<p data-start=\"847\" data-end=\"1241\">Fjernkontrollen er utstyrt med store taster, noe som gj\u00f8r den enkel \u00e5 bruke for \u00e5 aktivere og deaktivere systemet, samt for \u00e5 sende panikkalarmer.<\/p>\n<p data-start=\"1243\" data-end=\"1561\">En av de mest praktiske funksjonene til Panda-fjernkontrollen er den toveis tr\u00e5dl\u00f8se kommunikasjonen.<\/p>\n<p data-start=\"1243\" data-end=\"1561\">N\u00e5r en kommando sendes til panelet, mottar brukeren en bekreftelsesstatus tilbake via LED-lampen p\u00e5 fjernkontrollen.<\/p>\n<p data-start=\"1243\" data-end=\"1561\">Dette gir trygghet og bekrefter at kommandoen er mottatt og behandlet av sikkerhetssystemet.<\/p>\n<p data-start=\"1563\" data-end=\"1831\">Fjernkontrollen er ogs\u00e5 enkel \u00e5 b\u00e6re, siden den kan monteres p\u00e5 en kjede eller b\u00e6res som anheng, noe som gj\u00f8r den praktisk til daglig bruk.<\/p>\n<p data-start=\"1563\" data-end=\"1831\">Med enkel batteribytte kan brukeren enkelt vedlikeholde enheten uten \u00e5 m\u00e5tte bekymre seg for nedetid eller problemer.<\/p>\n<p data-start=\"1833\" data-end=\"1863\"><strong data-start=\"1833\" data-end=\"1861\">Hovedfunksjoner:<\/strong><\/p>\n<ul data-start=\"1864\" data-end=\"2462\">\n<li data-start=\"1864\" data-end=\"1938\">\n<p data-start=\"1866\" data-end=\"1938\"><strong data-start=\"1866\" data-end=\"1900\">Toveis tr\u00e5dl\u00f8s kommunikasjon:<\/strong> Mottar bekreftelsesstatus fra systemet<\/p>\n<\/li>\n<li data-start=\"1939\" data-end=\"2022\">\n<p data-start=\"1941\" data-end=\"2022\"><strong data-start=\"1941\" data-end=\"1962\">Brukervennlighet:<\/strong> Store taster for rask og enkel systembetjening<\/p>\n<\/li>\n<li data-start=\"2023\" data-end=\"2099\">\n<p data-start=\"2025\" data-end=\"2099\"><strong data-start=\"2025\" data-end=\"2043\">Panikkkontroll:<\/strong> Mulighet for \u00e5 sende panikkalarmer til sikkerhetssystemet<\/p>\n<\/li>\n<li data-start=\"2100\" data-end=\"2166\">\n<p data-start=\"2102\" data-end=\"2166\"><strong data-start=\"2102\" data-end=\"2113\">B\u00e6rbar:<\/strong> Kan monteres p\u00e5 en kjede eller b\u00e6res som anheng<\/p>\n<\/li>\n<li data-start=\"2167\" data-end=\"2251\">\n<p data-start=\"2169\" data-end=\"2251\"><strong data-start=\"2169\" data-end=\"2188\">Kompatibilitet:<\/strong> Fungerer med alle RISCO tr\u00e5dl\u00f8se og hybride innbruddssystemer<\/p>\n<\/li>\n<li data-start=\"2252\" data-end=\"2320\">\n<p data-start=\"2254\" data-end=\"2320\"><strong data-start=\"2254\" data-end=\"2270\">Batteribytte:<\/strong> Enkelt batteribytte for langvarig bruk<\/p>\n<\/li>\n<li data-start=\"2321\" data-end=\"2407\">\n<p data-start=\"2323\" data-end=\"2407\"><strong data-start=\"2323\" data-end=\"2344\">LED-indikator:<\/strong> Bekrefter statusen til hver kommando som sendes til panelet<\/p>\n<\/li>\n<li data-start=\"2408\" data-end=\"2462\">\n<p data-start=\"2410\" data-end=\"2462\"><strong data-start=\"2410\" data-end=\"2421\">Design:<\/strong> Moderne og kompakt for praktisk bruk<\/p>\n<\/li>\n<\/ul>\n<p data-start=\"2464\" data-end=\"2495\"><strong data-start=\"2464\" data-end=\"2493\">Tekniske spesifikasjoner:<\/strong><\/p>\n<ul data-start=\"2496\" data-end=\"2714\">\n<li data-start=\"2496\" data-end=\"2521\">\n<p data-start=\"2498\" data-end=\"2521\"><strong data-start=\"2498\" data-end=\"2511\">Hyppighet:<\/strong> 868 MHz<\/p>\n<\/li>\n<li data-start=\"2522\" data-end=\"2581\">\n<p data-start=\"2524\" data-end=\"2581\"><strong data-start=\"2524\" data-end=\"2545\">Str\u00f8mforsyning:<\/strong> Batteridrevet (enkel batteribytte)<\/p>\n<\/li>\n<li data-start=\"2582\" data-end=\"2649\">\n<p data-start=\"2584\" data-end=\"2649\"><strong data-start=\"2584\" data-end=\"2603\">Kompatibilitet:<\/strong> Agility\u2122, WiComm Pro og andre RISCO-systemer<\/p>\n<\/li>\n<li data-start=\"2650\" data-end=\"2714\">\n<p data-start=\"2652\" data-end=\"2714\"><strong data-start=\"2652\" data-end=\"2665\">Trekk:<\/strong> Alarm av\/p\u00e5, panikkalarm, toveis bekreftelsesstatus<\/p>\n<\/li>\n<\/ul>\n<p data-start=\"2716\" data-end=\"2980\">Denne Panda 2-veis fjernkontrollen er et perfekt tilbeh\u00f8r for brukere som \u00f8nsker enkel, men effektiv kontroll over sikkerhetssystemene sine.<\/p>\n<p data-start=\"2716\" data-end=\"2980\">Med sine brukervennlige funksjoner og p\u00e5litelige kommunikasjon tilbyr den en sikker og fleksibel l\u00f8sning for daglig bruk.<\/p>\n<p><a href=\"https:\/\/www.riscogroup.com\/products\/product\/52708\" target=\"_blank\" rel=\"noopener\">Her kan du lese mer om WiCom Pro p\u00e5 Risco Groups nettsider\u00a0<\/a><\/p>\n<p><iframe title=\"Wicomm Smart Hub US\" width=\"1170\" height=\"658\" src=\"https:\/\/www.youtube.com\/embed\/5PHoH2dRjEs?feature=oembed\" frameborder=\"0\" allow=\"accelerometer; autoplay; clipboard-write; encrypted-media; gyroscope; picture-in-picture; web-share\" referrerpolicy=\"strict-origin-when-cross-origin\" allowfullscreen><\/iframe><\/p>","protected":false},"excerpt":{"rendered":"<p>Risco Panda 2-veis fjernkontroll er en kompakt og moderne tr\u00e5dl\u00f8s n\u00f8kkelkontroll som gir brukerne enkel tilgang til sikkerhetssystemene sine.<\/p>\n<p>Den er enkel \u00e5 konfigurere og bruke med RISCOs hybride og tr\u00e5dl\u00f8se innbruddssystemer.<\/p>\n<p>Bekreftelsesstatus via LED og toveiskommunikasjon for \u00f8kt sikkerhet.<\/p>","protected":false},"featured_media":145660,"template":"","meta":{"_acf_changed":false},"product_brand":[],"product_cat":[2731,4881],"product_tag":[],"class_list":{"0":"post-57366","1":"product","2":"type-product","3":"status-publish","4":"has-post-thumbnail","6":"product_cat-risco-larm","7":"product_cat-overfallslarm-fjarrkontroll","8":"product_shipping_class-postnord-varubrev","9":"pa_brands-4risco","10":"pa_risco-produkter-agility-4","11":"pa_wicomm-pro-kategorier-manoverpaneler-knappar","12":"tm-no-options","14":"first","15":"instock","16":"sale","17":"featured","18":"taxable","19":"shipping-taxable","20":"purchasable","21":"product-type-simple"},"acf":[],"_links":{"self":[{"href":"https:\/\/secureus.se\/no\/wp-json\/wp\/v2\/product\/57366","targetHints":{"allow":["GET"]}}],"collection":[{"href":"https:\/\/secureus.se\/no\/wp-json\/wp\/v2\/product"}],"about":[{"href":"https:\/\/secureus.se\/no\/wp-json\/wp\/v2\/types\/product"}],"wp:featuredmedia":[{"embeddable":true,"href":"https:\/\/secureus.se\/no\/wp-json\/wp\/v2\/media\/145660"}],"wp:attachment":[{"href":"https:\/\/secureus.se\/no\/wp-json\/wp\/v2\/media?parent=57366"}],"wp:term":[{"taxonomy":"product_brand","embeddable":true,"href":"https:\/\/secureus.se\/no\/wp-json\/wp\/v2\/product_brand?post=57366"},{"taxonomy":"product_cat","embeddable":true,"href":"https:\/\/secureus.se\/no\/wp-json\/wp\/v2\/product_cat?post=57366"},{"taxonomy":"product_tag","embeddable":true,"href":"https:\/\/secureus.se\/no\/wp-json\/wp\/v2\/product_tag?post=57366"}],"curies":[{"name":"wp","href":"https:\/\/api.w.org\/{rel}","templated":true}]}}