{"id":57367,"date":"2022-03-10T15:15:00","date_gmt":"2022-03-10T14:15:00","guid":{"rendered":"https:\/\/secureus.se\/produkt\/1-vags-2-vags-tradlos-piccolo-pet-pir-detektor-agililty3-4-och-wicomm-pro\/"},"modified":"2025-12-31T19:38:49","modified_gmt":"2025-12-31T18:38:49","slug":"risco-piccolo-2-vags-rorelsedetektor-med-husdjursfunktion","status":"publish","type":"product","link":"https:\/\/secureus.se\/no\/risco-piccolo-2-vags-rorelsedetektor-med-husdjursfunktion\/","title":{"rendered":"Risco Piccolo 2-veis bevegelsesdetektor med kj\u00e6ledyrfunksjon"},"content":{"rendered":"<h1>Risco 2-veis bevegelsesdetektor Piccolo med kj\u00e6ledyrfunksjon<\/h1>\n<div class=\"field field-name-field-product-description field-type-text-long field-label-hidden\">\n<div class=\"field-items\">\n<p data-start=\"518\" data-end=\"881\">Risco Piccolo 2-veis bevegelsesdetektor med kj\u00e6ledyrfunksjon (modell RWX96P86800A) er en kompakt og effektiv bevegelsesdetektor som tilbyr p\u00e5litelig sikkerhet for b\u00e5de sm\u00e5 og store rom.<\/p>\n<p data-start=\"518\" data-end=\"881\">Med en rekkevidde p\u00e5 opptil 8 meter og en kj\u00e6ledyrvennlig funksjon som gj\u00f8r at den kan ignorere kj\u00e6ledyr opptil 36 kg, er Piccolo perfekt for b\u00e5de hjem og sm\u00e5 kontorer.<\/p>\n<p data-start=\"883\" data-end=\"1216\">Detektoren er utstyrt med en PIR-sensor med to elementer som gir h\u00f8y deteksjonskapasitet og lav f\u00f8lsomhet for falske alarmer, noe som gj\u00f8r den til en ideell l\u00f8sning for hjem med kj\u00e6ledyr eller der det er viktig \u00e5 unng\u00e5 falske alarmer.<\/p>\n<p data-start=\"883\" data-end=\"1216\">Det innovative og elegante designet gj\u00f8r den ogs\u00e5 til en diskr\u00e9 og moderne del av interi\u00f8ret ditt.<\/p>\n<p data-start=\"1218\" data-end=\"1590\">Piccolo er enkel \u00e5 installere og vedlikeholde takket v\u00e6re tr\u00e5dl\u00f8s 2-veiskommunikasjon og fjernprogrammering. Detektoren er kompatibel med RISCOs tr\u00e5dl\u00f8se og hybride systemer, inkludert Agility\u21224 (fra versjon 5.17), WiComm Pro og LightSYS+.<\/p>\n<p data-start=\"1218\" data-end=\"1590\">Den st\u00f8tter ogs\u00e5 b\u00e5de enveis- og toveiskommunikasjon, noe som gj\u00f8r den fleksibel og kompatibel med forskjellige systemkonfigurasjoner.<\/p>\n<p data-start=\"1592\" data-end=\"1777\">For \u00e5 forenkle vedlikeholdet har Piccolo en magnetisk holder som gj\u00f8r det enkelt \u00e5 bytte batteri, og batteribytte kan gj\u00f8res av brukeren hvis installat\u00f8ren har aktivert denne funksjonen.<\/p>\n<p data-start=\"1779\" data-end=\"1809\"><strong data-start=\"1779\" data-end=\"1807\">Hovedfunksjoner:<\/strong><\/p>\n<ul data-start=\"1810\" data-end=\"2457\">\n<li data-start=\"1810\" data-end=\"1835\">\n<p data-start=\"1812\" data-end=\"1835\"><strong data-start=\"1812\" data-end=\"1825\">Omfang:<\/strong> 8 meter<\/p>\n<\/li>\n<li data-start=\"1836\" data-end=\"1892\">\n<p data-start=\"1838\" data-end=\"1892\"><strong data-start=\"1838\" data-end=\"1857\">Kj\u00e6ledyrvennlig:<\/strong> Ignorerer kj\u00e6ledyr opptil 36 kg<\/p>\n<\/li>\n<li data-start=\"1893\" data-end=\"1967\">\n<p data-start=\"1895\" data-end=\"1967\"><strong data-start=\"1895\" data-end=\"1913\">Kommunikasjon:<\/strong> St\u00f8tter b\u00e5de 1-veis og 2-veis tr\u00e5dl\u00f8s kommunikasjon<\/p>\n<\/li>\n<li data-start=\"1968\" data-end=\"2030\">\n<p data-start=\"1970\" data-end=\"2030\"><strong data-start=\"1970\" data-end=\"1981\">Design:<\/strong> Kompakt og moderne, egnet for b\u00e5de hjem og kontor<\/p>\n<\/li>\n<li data-start=\"2031\" data-end=\"2121\">\n<p data-start=\"2033\" data-end=\"2121\"><strong data-start=\"2033\" data-end=\"2051\">H\u00f8y ytelse:<\/strong> Utstyrt med PIR-sensor med to elementer og digital signalbehandling<\/p>\n<\/li>\n<li data-start=\"2122\" data-end=\"2207\">\n<p data-start=\"2124\" data-end=\"2207\"><strong data-start=\"2124\" data-end=\"2151\">Temperaturkompensasjon:<\/strong> For maksimal deteksjon og h\u00f8y immunitet mot falske alarmer<\/p>\n<\/li>\n<li data-start=\"2208\" data-end=\"2289\">\n<p data-start=\"2210\" data-end=\"2289\"><strong data-start=\"2210\" data-end=\"2247\">Enkel installasjon og vedlikehold:<\/strong> Magnetisk holder for enkelt batteribytte<\/p>\n<\/li>\n<li data-start=\"2290\" data-end=\"2366\">\n<p data-start=\"2292\" data-end=\"2366\"><strong data-start=\"2292\" data-end=\"2311\">Kompatibilitet:<\/strong> Agility\u21224 (fra versjon 5.17), WiComm Pro, LightSYS+<\/p>\n<\/li>\n<li data-start=\"2367\" data-end=\"2411\">\n<p data-start=\"2369\" data-end=\"2411\"><strong data-start=\"2369\" data-end=\"2381\">Batteri:<\/strong> 1 x CR123A, lang batterilevetid<\/p>\n<\/li>\n<li data-start=\"2412\" data-end=\"2457\">\n<p data-start=\"2414\" data-end=\"2457\"><strong data-start=\"2414\" data-end=\"2444\">Leverand\u00f8rens artikkelnummer:<\/strong> RWX96P86800A<\/p>\n<\/li>\n<\/ul>\n<p data-start=\"2459\" data-end=\"2490\"><strong data-start=\"2459\" data-end=\"2488\">Tekniske spesifikasjoner:<\/strong><\/p>\n<ul data-start=\"2491\" data-end=\"2792\">\n<li data-start=\"2491\" data-end=\"2516\">\n<p data-start=\"2493\" data-end=\"2516\"><strong data-start=\"2493\" data-end=\"2506\">Hyppighet:<\/strong> 868 MHz<\/p>\n<\/li>\n<li data-start=\"2517\" data-end=\"2550\">\n<p data-start=\"2519\" data-end=\"2550\"><strong data-start=\"2519\" data-end=\"2540\">Deteksjonsomr\u00e5de:<\/strong> 8 meter<\/p>\n<\/li>\n<li data-start=\"2551\" data-end=\"2591\">\n<p data-start=\"2553\" data-end=\"2591\"><strong data-start=\"2553\" data-end=\"2572\">Monteringsh\u00f8yde:<\/strong> 2,2 m til 2,5 m<\/p>\n<\/li>\n<li data-start=\"2592\" data-end=\"2622\">\n<p data-start=\"2594\" data-end=\"2622\"><strong data-start=\"2594\" data-end=\"2609\">Batteritype:<\/strong> 1 x CR123A<\/p>\n<\/li>\n<li data-start=\"2623\" data-end=\"2661\">\n<p data-start=\"2625\" data-end=\"2661\"><strong data-start=\"2625\" data-end=\"2646\">Str\u00f8mforbruk:<\/strong> 12mA standby<\/p>\n<\/li>\n<li data-start=\"2662\" data-end=\"2707\">\n<p data-start=\"2664\" data-end=\"2707\"><strong data-start=\"2664\" data-end=\"2688\">Temperaturomr\u00e5de:<\/strong> -10\u00b0C til +40\u00b0C<\/p>\n<\/li>\n<li data-start=\"2708\" data-end=\"2745\">\n<p data-start=\"2710\" data-end=\"2745\"><strong data-start=\"2710\" data-end=\"2726\">Dimensjoner:<\/strong> 120 x 60 x 60 mm<\/p>\n<\/li>\n<li data-start=\"2746\" data-end=\"2765\">\n<p data-start=\"2748\" data-end=\"2765\"><strong data-start=\"2748\" data-end=\"2757\">Vekt:<\/strong> 100 g<\/p>\n<\/li>\n<li data-start=\"2766\" data-end=\"2792\">\n<p data-start=\"2768\" data-end=\"2792\"><strong data-start=\"2768\" data-end=\"2785\">IP-vurdering:<\/strong> IP44<\/p>\n<\/li>\n<\/ul>\n<p data-start=\"2794\" data-end=\"3067\">Denne Piccolo-bevegelsesdetektoren er den perfekte l\u00f8sningen for brukere som \u00f8nsker en trygg og p\u00e5litelig tr\u00e5dl\u00f8s detektor som ogs\u00e5 tar hensyn til kj\u00e6ledyr i hjemmet.<\/p>\n<p data-start=\"2794\" data-end=\"3067\">Med sine avanserte funksjoner og enkle installasjon er den en utmerket komponent i ethvert RISCO-sikkerhetssystem.<\/p>\n<p><a href=\"https:\/\/www.riscogroup.com\/products\/product\/52708\" target=\"_blank\" rel=\"noopener\">Her kan du lese mer om WiCom Pro p\u00e5 Risco Groups nettsider\u00a0<\/a><\/p>\n<p><iframe title=\"Wicomm Smart Hub US\" width=\"1170\" height=\"658\" src=\"https:\/\/www.youtube.com\/embed\/5PHoH2dRjEs?feature=oembed\" frameborder=\"0\" allow=\"accelerometer; autoplay; clipboard-write; encrypted-media; gyroscope; picture-in-picture; web-share\" referrerpolicy=\"strict-origin-when-cross-origin\" allowfullscreen><\/iframe><\/p>\n<\/div>\n<\/div>\n<div class=\"field field-name-field-product-description field-type-text-long field-label-hidden\">\n<div class=\"field-items\">\n<div class=\"field-item even\">\n<p>&nbsp;<\/p>\n<\/div>\n<\/div>\n<\/div>","protected":false},"excerpt":{"rendered":"<p>Risco Piccolo 2-veis bevegelsesdetektor med kj\u00e6ledyrfunksjon er en liten og kompakt PIR-sensor med en rekkevidde p\u00e5 8 meter.<\/p>\n<p>Den er ideell for bruk i hjem og sm\u00e5 kontorer, og er kompatibel med b\u00e5de 1-veis og 2-veis tr\u00e5dl\u00f8se systemer.<\/p>\n<p>Kj\u00e6ledyrfunksjonen gj\u00f8r at den kan brukes uten \u00e5 bli p\u00e5virket av kj\u00e6ledyr opptil 36 kg.<\/p>","protected":false},"featured_media":145327,"template":"","meta":{"_acf_changed":false},"product_brand":[],"product_cat":[3188,2731],"product_tag":[3152],"class_list":{"0":"post-57367","1":"product","2":"type-product","3":"status-publish","4":"has-post-thumbnail","6":"product_cat-larmenheter-risco-larm","7":"product_cat-risco-larm","8":"product_tag-cr123-tillbehor","9":"product_shipping_class-postnord-varubrev","10":"pa_brands-4risco","11":"pa_risco-produkter-agility-3","12":"pa_risco-produkter-agility-4","13":"pa_wicomm-pro-kategorier-rorelsedetektor","14":"tm-no-options","16":"first","17":"instock","18":"sale","19":"featured","20":"taxable","21":"shipping-taxable","22":"purchasable","23":"product-type-simple"},"acf":[],"_links":{"self":[{"href":"https:\/\/secureus.se\/no\/wp-json\/wp\/v2\/product\/57367","targetHints":{"allow":["GET"]}}],"collection":[{"href":"https:\/\/secureus.se\/no\/wp-json\/wp\/v2\/product"}],"about":[{"href":"https:\/\/secureus.se\/no\/wp-json\/wp\/v2\/types\/product"}],"wp:featuredmedia":[{"embeddable":true,"href":"https:\/\/secureus.se\/no\/wp-json\/wp\/v2\/media\/145327"}],"wp:attachment":[{"href":"https:\/\/secureus.se\/no\/wp-json\/wp\/v2\/media?parent=57367"}],"wp:term":[{"taxonomy":"product_brand","embeddable":true,"href":"https:\/\/secureus.se\/no\/wp-json\/wp\/v2\/product_brand?post=57367"},{"taxonomy":"product_cat","embeddable":true,"href":"https:\/\/secureus.se\/no\/wp-json\/wp\/v2\/product_cat?post=57367"},{"taxonomy":"product_tag","embeddable":true,"href":"https:\/\/secureus.se\/no\/wp-json\/wp\/v2\/product_tag?post=57367"}],"curies":[{"name":"wp","href":"https:\/\/api.w.org\/{rel}","templated":true}]}}