{"id":57368,"date":"2022-03-10T15:15:00","date_gmt":"2022-03-10T14:15:00","guid":{"rendered":"https:\/\/secureus.se\/produkt\/2-vags-tradlos-slim-magnetkontakt-agility4-wicomm-pro\/"},"modified":"2026-01-30T08:07:41","modified_gmt":"2026-01-30T07:07:41","slug":"risco-slim-magnetkontakt-2-vags","status":"publish","type":"product","link":"https:\/\/secureus.se\/no\/risco-slim-magnetkontakt-2-vags\/","title":{"rendered":"Risco Slim magnetisk bryter 2-veis"},"content":{"rendered":"<h1>Risco Slim magnetisk bryter 2-veis<\/h1>\n<p data-start=\"433\" data-end=\"783\">Risco 2-veis slank magnetkontakt (modell RWX780868M3B) er en tr\u00e5dl\u00f8s d\u00f8r- og vinduskontakt som er perfekt for bruk i bolig- og n\u00e6ringsmilj\u00f8er.<\/p>\n<p data-start=\"433\" data-end=\"783\">Den er designet for \u00e5 gi tr\u00e5dl\u00f8s perimeterbeskyttelse, og tilbyr forbedret ytelse med h\u00f8y f\u00f8lsomhet, noe som gj\u00f8r den ideell for overv\u00e5king av vinduer og d\u00f8rer i ulike sikkerhetssystemer.<\/p>\n<p data-start=\"785\" data-end=\"1182\">Denne magnetkontakten er utstyrt med 2-veis tr\u00e5dl\u00f8s kommunikasjon, som betyr at den ikke bare overf\u00f8rer informasjon til systemet, men ogs\u00e5 mottar bekreftelser, noe som forbedrer sikkerheten og reduserer risikoen for forstyrrelser fra andre tr\u00e5dl\u00f8se enheter.<\/p>\n<p data-start=\"785\" data-end=\"1182\">Med denne funksjonen mottar brukeren bekreftelse via LED-lys n\u00e5r systemet har mottatt en kommando, noe som gir \u00f8kt sikkerhet og trygghet.<\/p>\n<p data-start=\"1184\" data-end=\"1513\">Risco 2-veis slank magnetisk bryter er enkel \u00e5 installere og kan raskt festes til veggen med en enkel monteringsbrakett.<\/p>\n<p data-start=\"1184\" data-end=\"1513\">Den er ogs\u00e5 designet for \u00e5 v\u00e6re enkel \u00e5 vedlikeholde med et enkelt batteribytte, noe som gj\u00f8r den til et brukervennlig alternativ for b\u00e5de nye installasjoner og oppgraderinger av eksisterende systemer.<\/p>\n<p data-start=\"1515\" data-end=\"1876\">Magnetkontakten bruker et standard 3V litiumbatteri og fungerer s\u00f8ml\u00f8st med RISCOs 2-veis tr\u00e5dl\u00f8se systemer, inkludert Agility\u2122, LightSYS og WiComm PRO.<\/p>\n<p data-start=\"1515\" data-end=\"1876\">For ekstra fleksibilitet kan den ogs\u00e5 brukes til \u00e5 koble til andre kablede sensorer eller magnetiske kontakter via en ekstra soneinngang, noe som gj\u00f8r den perfekt for tilpassede sikkerhetsl\u00f8sninger.<\/p>\n<p data-start=\"1878\" data-end=\"1908\"><strong data-start=\"1878\" data-end=\"1906\">Hovedfunksjoner:<\/strong><\/p>\n<ul data-start=\"1909\" data-end=\"2531\">\n<li data-start=\"1909\" data-end=\"1993\">\n<p data-start=\"1911\" data-end=\"1993\"><strong data-start=\"1911\" data-end=\"1944\">2-veis tr\u00e5dl\u00f8s kommunikasjon:<\/strong> For h\u00f8yere sikkerhet og mindre tr\u00e5dl\u00f8s forstyrrelse<\/p>\n<\/li>\n<li data-start=\"1994\" data-end=\"2064\">\n<p data-start=\"1996\" data-end=\"2064\"><strong data-start=\"1996\" data-end=\"2015\">Kompatibilitet:<\/strong> Fungerer med Agility\u2122, LightSYS og WiComm PRO<\/p>\n<\/li>\n<li data-start=\"2065\" data-end=\"2170\">\n<p data-start=\"2067\" data-end=\"2170\"><strong data-start=\"2067\" data-end=\"2090\">Enkel installasjon:<\/strong> Montert med enkel veggmontering og enkel programmering via fjernkonfigurasjon<\/p>\n<\/li>\n<li data-start=\"2171\" data-end=\"2252\">\n<p data-start=\"2173\" data-end=\"2252\"><strong data-start=\"2173\" data-end=\"2199\">Forbedret f\u00f8lsomhet:<\/strong> \u00d8ker deteksjonskapasiteten for d\u00f8rer og vinduer<\/p>\n<\/li>\n<li data-start=\"2253\" data-end=\"2307\">\n<p data-start=\"2255\" data-end=\"2307\"><strong data-start=\"2255\" data-end=\"2267\">Batteri:<\/strong> 1 x 3V litiumbatteri, enkelt \u00e5 bytte ut<\/p>\n<\/li>\n<li data-start=\"2308\" data-end=\"2325\">\n<p data-start=\"2310\" data-end=\"2325\"><strong data-start=\"2310\" data-end=\"2319\">Farge:<\/strong> Hvit<\/p>\n<\/li>\n<li data-start=\"2326\" data-end=\"2410\">\n<p data-start=\"2328\" data-end=\"2410\"><strong data-start=\"2328\" data-end=\"2342\">Soneinndata:<\/strong> Kan kobles til andre kablede sensorer for \u00f8kt fleksibilitet<\/p>\n<\/li>\n<li data-start=\"2411\" data-end=\"2484\">\n<p data-start=\"2413\" data-end=\"2484\"><strong data-start=\"2413\" data-end=\"2425\">St\u00f8rrelse:<\/strong> Kompakt design for enkel installasjon p\u00e5 trange steder<\/p>\n<\/li>\n<li data-start=\"2485\" data-end=\"2531\">\n<p data-start=\"2487\" data-end=\"2531\"><strong data-start=\"2487\" data-end=\"2516\">Leverand\u00f8rens artikkelnummer:<\/strong> RWX780868M3B<\/p>\n<\/li>\n<\/ul>\n<p data-start=\"2533\" data-end=\"2564\"><strong data-start=\"2533\" data-end=\"2562\">Tekniske spesifikasjoner:<\/strong><\/p>\n<ul data-start=\"2565\" data-end=\"2824\">\n<li data-start=\"2565\" data-end=\"2590\">\n<p data-start=\"2567\" data-end=\"2590\"><strong data-start=\"2567\" data-end=\"2580\">Hyppighet:<\/strong> 868 MHz<\/p>\n<\/li>\n<li data-start=\"2591\" data-end=\"2633\">\n<p data-start=\"2593\" data-end=\"2633\"><strong data-start=\"2593\" data-end=\"2614\">Str\u00f8mforsyning:<\/strong> 3V litiumbatteri<\/p>\n<\/li>\n<li data-start=\"2634\" data-end=\"2680\">\n<p data-start=\"2636\" data-end=\"2680\"><strong data-start=\"2636\" data-end=\"2650\">Soneinndata:<\/strong> Ja, for kablede sensorer<\/p>\n<\/li>\n<li data-start=\"2681\" data-end=\"2726\">\n<p data-start=\"2683\" data-end=\"2726\"><strong data-start=\"2683\" data-end=\"2707\">Temperaturomr\u00e5de:<\/strong> -10\u00b0C til +40\u00b0C<\/p>\n<\/li>\n<li data-start=\"2727\" data-end=\"2771\">\n<p data-start=\"2729\" data-end=\"2771\"><strong data-start=\"2729\" data-end=\"2745\">Dimensjoner:<\/strong> Kompakt og slank design<\/p>\n<\/li>\n<li data-start=\"2772\" data-end=\"2824\">\n<p data-start=\"2774\" data-end=\"2824\"><strong data-start=\"2774\" data-end=\"2783\">Vekt:<\/strong> Lett og fleksibel for enkel installasjon<\/p>\n<\/li>\n<\/ul>\n<p data-start=\"2826\" data-end=\"3093\">Risco 2-veis slank magnetkontakt er den perfekte l\u00f8sningen for brukere som \u00f8nsker en tr\u00e5dl\u00f8s sikkerhetsl\u00f8sning med h\u00f8y ytelse for beskyttelse av d\u00f8rer og vinduer.<\/p>\n<p data-start=\"2826\" data-end=\"3093\">Denne enheten tilbyr b\u00e5de h\u00f8y sikkerhet og enkel installasjon, og fungerer s\u00f8ml\u00f8st med RISCOs avanserte systemer.<\/p>\n<div class=\"field field-name-field-product-description field-type-text-long field-label-hidden\">\n<div class=\"field-items\">\n<p><a href=\"https:\/\/www.riscogroup.com\/products\/product\/52708\" target=\"_blank\" rel=\"noopener\">Her kan du lese mer om WiCom Pro p\u00e5 Risco Groups nettsider\u00a0<\/a><\/p>\n<p><iframe title=\"Wicomm Smart Hub US\" width=\"1170\" height=\"658\" src=\"https:\/\/www.youtube.com\/embed\/5PHoH2dRjEs?feature=oembed\" frameborder=\"0\" allow=\"accelerometer; autoplay; clipboard-write; encrypted-media; gyroscope; picture-in-picture; web-share\" referrerpolicy=\"strict-origin-when-cross-origin\" allowfullscreen><\/iframe><\/p>\n<\/div>\n<\/div>","protected":false},"excerpt":{"rendered":"<p>Risco 2-veis tr\u00e5dl\u00f8s slank magnetkontakt er en slank d\u00f8r-\/vinduskontakt med 868 MHz-frekvens, designet for \u00e5 gi h\u00f8y sikkerhet i bolig- og kommersielle applikasjoner.<\/p>\n<p>Den er kompatibel med Agility, LightSYS og WiComm PRO, og tilbyr enkel installasjon og batteribytte.<\/p>","protected":false},"featured_media":145453,"template":"","meta":{"_acf_changed":false},"product_brand":[],"product_cat":[2731,3188],"product_tag":[],"class_list":{"0":"post-57368","1":"product","2":"type-product","3":"status-publish","4":"has-post-thumbnail","6":"product_cat-risco-larm","7":"product_cat-larmenheter-risco-larm","8":"product_shipping_class-postnord-varubrev","9":"pa_brands-4risco","10":"pa_risco-produkter-agility-4","11":"pa_wicomm-pro-kategorier-magnetkontakter","12":"tm-no-options","14":"first","15":"instock","16":"sale","17":"featured","18":"taxable","19":"shipping-taxable","20":"purchasable","21":"product-type-simple"},"acf":[],"_links":{"self":[{"href":"https:\/\/secureus.se\/no\/wp-json\/wp\/v2\/product\/57368","targetHints":{"allow":["GET"]}}],"collection":[{"href":"https:\/\/secureus.se\/no\/wp-json\/wp\/v2\/product"}],"about":[{"href":"https:\/\/secureus.se\/no\/wp-json\/wp\/v2\/types\/product"}],"wp:featuredmedia":[{"embeddable":true,"href":"https:\/\/secureus.se\/no\/wp-json\/wp\/v2\/media\/145453"}],"wp:attachment":[{"href":"https:\/\/secureus.se\/no\/wp-json\/wp\/v2\/media?parent=57368"}],"wp:term":[{"taxonomy":"product_brand","embeddable":true,"href":"https:\/\/secureus.se\/no\/wp-json\/wp\/v2\/product_brand?post=57368"},{"taxonomy":"product_cat","embeddable":true,"href":"https:\/\/secureus.se\/no\/wp-json\/wp\/v2\/product_cat?post=57368"},{"taxonomy":"product_tag","embeddable":true,"href":"https:\/\/secureus.se\/no\/wp-json\/wp\/v2\/product_tag?post=57368"}],"curies":[{"name":"wp","href":"https:\/\/api.w.org\/{rel}","templated":true}]}}