{"id":57369,"date":"2022-03-10T15:15:00","date_gmt":"2022-03-10T14:15:00","guid":{"rendered":"https:\/\/secureus.se\/produkt\/riscontrol-ips-8-touchscreen-keypad\/"},"modified":"2025-12-31T19:43:47","modified_gmt":"2025-12-31T18:43:47","slug":"touchscreen-keypad-wicomm-pro-risco","status":"publish","type":"product","link":"https:\/\/secureus.se\/no\/touchscreen-keypad-wicomm-pro-risco\/","title":{"rendered":"RisControl IPS-ber\u00f8ringsskjermtastatur Risco \u2013 ProsysPlus, LightSYS+"},"content":{"rendered":"<h1>Risco ber\u00f8ringsskjermtastatur ProsysPlus, LightSYS+<\/h1>\n<p data-start=\"436\" data-end=\"778\">Risco ber\u00f8ringsskjermtastatur (RisControl) er den nyeste innovasjonen fra RISCO Group, designet for \u00e5 tilby en moderne og intuitiv brukeropplevelse for sikkerhetskontroll.<\/p>\n<p data-start=\"436\" data-end=\"778\">Dette h\u00f8yoppl\u00f8selige 8-tommers ber\u00f8ringsskjermtastaturet gir brukerne en enkel og rask metode for \u00e5 kontrollere alarmen og skybaserte l\u00f8sninger fra \u00e9n enhet.<\/p>\n<p data-start=\"780\" data-end=\"1087\">Med en responsiv skjerm og et brukervennlig grensesnitt gj\u00f8r RisControl det enkelt \u00e5 samhandle med systemet.<\/p>\n<p data-start=\"780\" data-end=\"1087\">Enten det gjelder \u00e5 aktivere eller deaktivere sikkerhetssystemet, motta meldinger eller overv\u00e5ke systemets status, er tastaturet utformet for \u00e5 gj\u00f8re brukeropplevelsen smidig og effektiv.<\/p>\n<p data-start=\"1089\" data-end=\"1447\">RisControl er ikke bare brukervennlig, men ogs\u00e5 allsidig. Den er perfekt for b\u00e5de boliger og n\u00e6ringsbygg, og den elegante designen gj\u00f8r den til en ideell l\u00f8sning for ethvert rom.<\/p>\n<p data-start=\"1089\" data-end=\"1447\">Tastaturet installeres enkelt med en monteringsbrakett og en avtakbar kontakt for enkel kabling, noe som gj\u00f8r installasjonen rask og problemfri.<\/p>\n<p data-start=\"1449\" data-end=\"1835\">RisControl kommuniserer via RS-485 med kontrollpanelet og har WiFi-tilkobling for \u00e5 koble til RISCO Cloud, slik at brukeren kan administrere og overv\u00e5ke systemet sitt eksternt via skyen.<\/p>\n<p data-start=\"1449\" data-end=\"1835\">Den er kompatibel med RISCOs LightSYS 2 (versjon 6.05 og h\u00f8yere) og ProSYS Plus\/GT Plus (versjon 1.4 og h\u00f8yere), noe som gj\u00f8r den til en fleksibel l\u00f8sning for ulike sikkerhetsbehov.<\/p>\n<p data-start=\"1837\" data-end=\"1867\"><strong data-start=\"1837\" data-end=\"1865\">Hovedfunksjoner:<\/strong><\/p>\n<ul data-start=\"1868\" data-end=\"2515\">\n<li data-start=\"1868\" data-end=\"1959\">\n<p data-start=\"1870\" data-end=\"1959\"><strong data-start=\"1870\" data-end=\"1901\">H\u00f8yoppl\u00f8selig 8-tommers ber\u00f8ringsskjerm:<\/strong> Gir et klart og konsist grensesnitt for systemkontroll<\/p>\n<\/li>\n<li data-start=\"1960\" data-end=\"2060\">\n<p data-start=\"1962\" data-end=\"2060\"><strong data-start=\"1962\" data-end=\"1988\">Brukervennlig design:<\/strong> Intuitivt og brukervennlig grensesnitt for rask l\u00e6ring og bruk<\/p>\n<\/li>\n<li data-start=\"2061\" data-end=\"2159\">\n<p data-start=\"2063\" data-end=\"2159\"><strong data-start=\"2063\" data-end=\"2083\">WiFi-tilkobling:<\/strong> Muliggj\u00f8r kommunikasjon med RISCO Cloud for fjernkontroll og overv\u00e5king<\/p>\n<\/li>\n<li data-start=\"2160\" data-end=\"2257\">\n<p data-start=\"2162\" data-end=\"2257\"><strong data-start=\"2162\" data-end=\"2185\">Enkel installasjon:<\/strong> Monteringsbrakett og avtakbar kontakt for rask og enkel installasjon<\/p>\n<\/li>\n<li data-start=\"2258\" data-end=\"2370\">\n<p data-start=\"2260\" data-end=\"2370\"><strong data-start=\"2260\" data-end=\"2279\">Kompatibilitet:<\/strong> Kompatibel med LightSYS 2 (fra versjon 6.05) og ProSYS Plus\/GT Plus (fra versjon 1.4)<\/p>\n<\/li>\n<li data-start=\"2371\" data-end=\"2436\">\n<p data-start=\"2373\" data-end=\"2436\"><strong data-start=\"2373\" data-end=\"2391\">Kommunikasjon:<\/strong> Kommuniserer via RS-485 med kontrollpanelet<\/p>\n<\/li>\n<li data-start=\"2437\" data-end=\"2515\">\n<p data-start=\"2439\" data-end=\"2515\"><strong data-start=\"2439\" data-end=\"2456\">Fleksibilitet:<\/strong> Nyttig for b\u00e5de bolig- og n\u00e6ringsbruk<\/p>\n<\/li>\n<\/ul>\n<p data-start=\"2517\" data-end=\"2548\"><strong data-start=\"2517\" data-end=\"2546\">Tekniske spesifikasjoner:<\/strong><\/p>\n<ul data-start=\"2549\" data-end=\"2913\">\n<li data-start=\"2549\" data-end=\"2590\">\n<p data-start=\"2551\" data-end=\"2590\"><strong data-start=\"2551\" data-end=\"2561\">Skjerm:<\/strong> 8-tommers ber\u00f8ringsskjerm med h\u00f8y oppl\u00f8sning<\/p>\n<\/li>\n<li data-start=\"2591\" data-end=\"2642\">\n<p data-start=\"2593\" data-end=\"2642\"><strong data-start=\"2593\" data-end=\"2611\">Kommunikasjon:<\/strong> WiFi og RS-485 (systembuss)<\/p>\n<\/li>\n<li data-start=\"2643\" data-end=\"2737\">\n<p data-start=\"2645\" data-end=\"2737\"><strong data-start=\"2645\" data-end=\"2664\">Kompatibilitet:<\/strong> LightSYS 2 (fra versjon 6.05), ProSYS Plus\/GT Plus (fra versjon 1.4)<\/p>\n<\/li>\n<li data-start=\"2738\" data-end=\"2821\">\n<p data-start=\"2740\" data-end=\"2821\"><strong data-start=\"2740\" data-end=\"2757\">Installasjon:<\/strong> Monteringsbrakett og avtakbar kontakt for enkel kabling<\/p>\n<\/li>\n<li data-start=\"2822\" data-end=\"2913\">\n<p data-start=\"2824\" data-end=\"2913\"><strong data-start=\"2824\" data-end=\"2839\">Egenskaper:<\/strong> Fjernkontroll via RISCO Cloud, meldingsvarsler og systemkontroll<\/p>\n<\/li>\n<\/ul>\n<p data-start=\"2915\" data-end=\"3209\">Risco ber\u00f8ringsskjermtastatur WiComm Pro (RisControl) tilbyr en kraftig og brukervennlig l\u00f8sning for alle som \u00f8nsker en moderne og effektiv m\u00e5te \u00e5 kontrollere sikkerhetssystemene sine p\u00e5.<\/p>\n<p data-start=\"2915\" data-end=\"3209\">Med avanserte funksjoner og enkel installasjon er det et perfekt valg for alle typer sikkerhetsinstallasjoner.<\/p>\n<p dir=\"ltr\" data-placeholder=\"\u00d6vers\u00e4ttning\" data-ved=\"2ahUKEwiA7fbX8b6DAxWmTaQEHfTSAXMQ3ewLegQIBRAQ\"><a href=\"https:\/\/www.riscogroup.com\/products\/product\/56111\" target=\"_blank\" rel=\"noopener\">Her kan du se en video og lese mer om hvordan du enkelt legger til Touch-panelet!<\/a><\/p>\n<h4>L\u00e6r mer om WiComm Pro og disse egenskapene!<\/h4>\n<p><a href=\"https:\/\/www.riscogroup.com\/products\/product\/52708\" target=\"_blank\" rel=\"noopener\">Her kan du lese mer om WiCom Pro p\u00e5 Risco Groups nettsider\u00a0<\/a><\/p>\n<p><iframe title=\"Wicomm Smart Hub US\" width=\"1170\" height=\"658\" src=\"https:\/\/www.youtube.com\/embed\/5PHoH2dRjEs?feature=oembed\" frameborder=\"0\" allow=\"accelerometer; autoplay; clipboard-write; encrypted-media; gyroscope; picture-in-picture; web-share\" referrerpolicy=\"strict-origin-when-cross-origin\" allowfullscreen><\/iframe><\/p>\n<p>&nbsp;<\/p>","protected":false},"excerpt":{"rendered":"<p data-start=\"114\" data-end=\"402\">Risco ber\u00f8ringsskjermtastatur (RisControl) er et 8-tommers ber\u00f8ringsskjermtastatur med h\u00f8y oppl\u00f8sning som tilbyr et brukervennlig og intuitivt grensesnitt.<\/p>\n<p data-start=\"114\" data-end=\"402\">Med WiFi-tilkobling til RISCO Cloud og enkel installasjon gir den brukerne full kontroll over alarm- og skybaserte l\u00f8sninger.<\/p>\n<p class=\"tw-data-text tw-text-large tw-ta\" dir=\"ltr\" data-placeholder=\"\u00d6vers\u00e4ttning\" data-ved=\"2ahUKEwiA7fbX8b6DAxWmTaQEHfTSAXMQ3ewLegQIBRAQ\">","protected":false},"featured_media":145662,"template":"","meta":{"_acf_changed":false},"product_brand":[],"product_cat":[3193],"product_tag":[],"class_list":{"0":"post-57369","1":"product","2":"type-product","3":"status-publish","4":"has-post-thumbnail","6":"product_cat-smarta-hem-risco-larm","7":"product_shipping_class-postnord-varubrev","8":"pa_brands-4risco","9":"pa_wicomm-pro-kategorier-manoverpaneler-knappar","10":"tm-no-options","12":"first","13":"instock","14":"sale","15":"featured","16":"taxable","17":"shipping-taxable","18":"purchasable","19":"product-type-simple"},"acf":[],"_links":{"self":[{"href":"https:\/\/secureus.se\/no\/wp-json\/wp\/v2\/product\/57369","targetHints":{"allow":["GET"]}}],"collection":[{"href":"https:\/\/secureus.se\/no\/wp-json\/wp\/v2\/product"}],"about":[{"href":"https:\/\/secureus.se\/no\/wp-json\/wp\/v2\/types\/product"}],"wp:featuredmedia":[{"embeddable":true,"href":"https:\/\/secureus.se\/no\/wp-json\/wp\/v2\/media\/145662"}],"wp:attachment":[{"href":"https:\/\/secureus.se\/no\/wp-json\/wp\/v2\/media?parent=57369"}],"wp:term":[{"taxonomy":"product_brand","embeddable":true,"href":"https:\/\/secureus.se\/no\/wp-json\/wp\/v2\/product_brand?post=57369"},{"taxonomy":"product_cat","embeddable":true,"href":"https:\/\/secureus.se\/no\/wp-json\/wp\/v2\/product_cat?post=57369"},{"taxonomy":"product_tag","embeddable":true,"href":"https:\/\/secureus.se\/no\/wp-json\/wp\/v2\/product_tag?post=57369"}],"curies":[{"name":"wp","href":"https:\/\/api.w.org\/{rel}","templated":true}]}}