{"id":57370,"date":"2022-03-10T15:15:00","date_gmt":"2022-03-10T14:15:00","guid":{"rendered":"https:\/\/secureus.se\/produkt\/2-way-wireless-repeater-868-869mhz\/"},"modified":"2025-12-31T19:39:09","modified_gmt":"2025-12-31T18:39:09","slug":"risco-2-vags-signalforstarkare","status":"publish","type":"product","link":"https:\/\/secureus.se\/no\/risco-2-vags-signalforstarkare\/","title":{"rendered":"Risco 2-veis signalforsterker \u2013 LightSYS, WiComm Pro, Agility"},"content":{"rendered":"<div>\n<h1 class=\"tw-data-text tw-text-large tw-ta\" dir=\"ltr\" data-placeholder=\"\u00d6vers\u00e4ttning\" data-ved=\"2ahUKEwiA7fbX8b6DAxWmTaQEHfTSAXMQ3ewLegQIBRAQ\"><span class=\"Y2IQFc\" lang=\"sv\">Risco 2-veis signalforsterker<\/span><\/h1>\n<p data-start=\"536\" data-end=\"922\">Risco 2-veis signalforsterkerrepeater WiComm Pro er en kraftig l\u00f8sning for \u00e5 forsterke signalet i ditt tr\u00e5dl\u00f8se sikkerhetssystem og sikre at alle enheter fungerer effektivt over st\u00f8rre avstander.<\/p>\n<p data-start=\"536\" data-end=\"922\">Denne repeateren, som opererer p\u00e5 868 MHz, er designet for bruk med toveiskompatible enheter og er perfekt for \u00e5 forbedre dekningen i b\u00e5de sm\u00e5 og store installasjoner.<\/p>\n<p data-start=\"924\" data-end=\"1404\">Med en rekkevidde p\u00e5 opptil 300 meter i \u00e5pent felt kan WiComm Pro Repeater st\u00f8tte opptil 32 toveisdetektorer, inkludert 8 fotodetektorer, 3 sirener, 3 tastaturer og opptil 16 toveis fjernkontroller (maks. 8 fjernkontroller st\u00f8ttes for Agility og WiComm Pro).<\/p>\n<p data-start=\"924\" data-end=\"1404\">Maksimalt antall repeatere som kan kobles til per sentral er 4, noe som lar deg utvide rekkevidden til sikkerhetssystemet ditt og sikre stabil og p\u00e5litelig kommunikasjon mellom alle enheter.<\/p>\n<p data-start=\"1406\" data-end=\"1789\">Repeateren er ideell for b\u00e5de bolig- og n\u00e6ringsinstallasjoner der signalet m\u00e5 forsterkes for \u00e5 n\u00e5 lengre avstander eller gjennom hindringer som kan blokkere tr\u00e5dl\u00f8se signaler.<\/p>\n<p data-start=\"1406\" data-end=\"1789\">I tillegg kan fjernkontroller brukes p\u00e5 alle repeatere, og alle enheter vises live p\u00e5 kontrollpanelet, noe som gj\u00f8r det enkelt \u00e5 overv\u00e5ke og kontrollere systemet ditt fra hvor som helst.<\/p>\n<p data-start=\"1791\" data-end=\"1995\">For \u00e5 installere og bruke Repeater WiComm Pro kreves firmwareversjon 5.62 og et Panda Wireless Keypad versjon D (RW332KPP800), noe som garanterer at repeateren fungerer optimalt i systemet ditt.<\/p>\n<p data-start=\"1997\" data-end=\"2027\"><strong data-start=\"1997\" data-end=\"2025\">Hovedfunksjoner:<\/strong><\/p>\n<ul data-start=\"2028\" data-end=\"2713\">\n<li data-start=\"2028\" data-end=\"2077\">\n<p data-start=\"2030\" data-end=\"2077\"><strong data-start=\"2030\" data-end=\"2043\">Omfang:<\/strong> Opptil 300 meter i \u00e5pent felt<\/p>\n<\/li>\n<li data-start=\"2078\" data-end=\"2151\">\n<p data-start=\"2080\" data-end=\"2151\"><strong data-start=\"2080\" data-end=\"2099\">Kompatibilitet:<\/strong> Bruk med Agility og WiComm Pro V5.62 og h\u00f8yere<\/p>\n<\/li>\n<li data-start=\"2152\" data-end=\"2272\">\n<p data-start=\"2154\" data-end=\"2272\"><strong data-start=\"2154\" data-end=\"2176\">Maksimalt antall enheter:<\/strong> St\u00f8tter opptil 32 toveisdetektorer, 3 sirener, 3 tastaturer og 16 toveis fjernkontroller<\/p>\n<\/li>\n<li data-start=\"2273\" data-end=\"2335\">\n<p data-start=\"2275\" data-end=\"2335\"><strong data-start=\"2275\" data-end=\"2301\">Maks antall repeatere:<\/strong> 4 repeatere per sentral<\/p>\n<\/li>\n<li data-start=\"2336\" data-end=\"2439\">\n<p data-start=\"2338\" data-end=\"2439\"><strong data-start=\"2338\" data-end=\"2358\">Fjernkontroller:<\/strong> Fjernkontroller fungerer p\u00e5 alle repeatere og vises live p\u00e5 kontrollpanelet<\/p>\n<\/li>\n<li data-start=\"2440\" data-end=\"2506\">\n<p data-start=\"2442\" data-end=\"2506\"><strong data-start=\"2442\" data-end=\"2463\">Str\u00f8mforsyning:<\/strong> Leveres med oppladbart reservebatteri<\/p>\n<\/li>\n<li data-start=\"2507\" data-end=\"2606\">\n<p data-start=\"2509\" data-end=\"2606\"><strong data-start=\"2509\" data-end=\"2531\">Installasjonskrav:<\/strong> Fastvareversjon 5.62 og Panda tr\u00e5dl\u00f8st tastaturversjon D (RW332KPP800)<\/p>\n<\/li>\n<li data-start=\"2607\" data-end=\"2713\">\n<p data-start=\"2609\" data-end=\"2713\"><strong data-start=\"2609\" data-end=\"2637\">Forbedret signalstyrke:<\/strong> Forbedrer rekkevidden og stabiliteten til tr\u00e5dl\u00f8se enheter i systemet<\/p>\n<\/li>\n<\/ul>\n<p data-start=\"2715\" data-end=\"2746\"><strong data-start=\"2715\" data-end=\"2744\">Tekniske spesifikasjoner:<\/strong><\/p>\n<ul data-start=\"2747\" data-end=\"3179\">\n<li data-start=\"2747\" data-end=\"2776\">\n<p data-start=\"2749\" data-end=\"2776\"><strong data-start=\"2749\" data-end=\"2762\">Hyppighet:<\/strong> 868\/869 MHz<\/p>\n<\/li>\n<li data-start=\"2777\" data-end=\"2817\">\n<p data-start=\"2779\" data-end=\"2817\"><strong data-start=\"2779\" data-end=\"2792\">Omfang:<\/strong> 300 meter i \u00e5pent felt<\/p>\n<\/li>\n<li data-start=\"2818\" data-end=\"2889\">\n<p data-start=\"2820\" data-end=\"2889\"><strong data-start=\"2820\" data-end=\"2839\">Kompatibilitet:<\/strong> Agility og WiComm Pro (versjon 5.62 og nyere)<\/p>\n<\/li>\n<li data-start=\"2890\" data-end=\"2989\">\n<p data-start=\"2892\" data-end=\"2989\"><strong data-start=\"2892\" data-end=\"2927\">Maks antall enheter per repeater:<\/strong> 32 detektorer, 3 sirener, 3 tastaturer, 16 fjernkontroller<\/p>\n<\/li>\n<li data-start=\"2990\" data-end=\"3040\">\n<p data-start=\"2992\" data-end=\"3040\"><strong data-start=\"2992\" data-end=\"3032\">Antall repeatere per sentral:<\/strong> Maksimum 4<\/p>\n<\/li>\n<li data-start=\"3041\" data-end=\"3094\">\n<p data-start=\"3043\" data-end=\"3094\"><strong data-start=\"3043\" data-end=\"3055\">Batteri:<\/strong> Inkluderer oppladbart reservebatteri<\/p>\n<\/li>\n<li data-start=\"3095\" data-end=\"3179\">\n<p data-start=\"3097\" data-end=\"3179\"><strong data-start=\"3097\" data-end=\"3119\">Installasjonskrav:<\/strong> Fastvareversjon 5.62 og Panda tr\u00e5dl\u00f8st tastaturversjon D<\/p>\n<\/li>\n<\/ul>\n<p data-start=\"3181\" data-end=\"3435\">Risco 2-veis signalforsterkerrepeater WiComm Pro er et utmerket valg for \u00e5 sikre at det tr\u00e5dl\u00f8se sikkerhetssystemet ditt fungerer med h\u00f8yest mulig kapasitet, spesielt n\u00e5r du trenger \u00e5 \u00f8ke rekkevidden eller forsterke signalet for \u00e5 dekke et st\u00f8rre omr\u00e5de.<\/p>\n<p><a href=\"https:\/\/www.riscogroup.com\/products\/product\/52708\" target=\"_blank\" rel=\"noopener\">Her kan du lese mer om WiCom Pro p\u00e5 Risco Groups nettsider\u00a0<\/a><\/p>\n<p><iframe title=\"Wicomm Smart Hub US\" width=\"1170\" height=\"658\" src=\"https:\/\/www.youtube.com\/embed\/5PHoH2dRjEs?feature=oembed\" frameborder=\"0\" allow=\"accelerometer; autoplay; clipboard-write; encrypted-media; gyroscope; picture-in-picture; web-share\" referrerpolicy=\"strict-origin-when-cross-origin\" allowfullscreen><\/iframe><\/p>\n<p>&nbsp;<\/p>\n<\/div>","protected":false},"excerpt":{"rendered":"<p>Risco 2-veis signalforsterkerrepeater WiComm Pro er en tr\u00e5dl\u00f8s repeater som st\u00f8tter opptil 32 toveisdetektorer, 3 sirener, 3 tastaturer og 16 toveis fjernkontroller.<\/p>\n<p>Med en rekkevidde p\u00e5 300 meter i \u00e5pent felt forbedrer denne repeateren signalstyrken til WiComm Pro- og Agility-systemer og gj\u00f8r installasjonen av tr\u00e5dl\u00f8se sikkerhetskomponenter enda enklere.<\/p>","protected":false},"featured_media":145664,"template":"","meta":{"_acf_changed":false},"product_brand":[],"product_cat":[2731,3188,4671],"product_tag":[2426],"class_list":{"0":"post-57370","1":"product","2":"type-product","3":"status-publish","4":"has-post-thumbnail","6":"product_cat-risco-larm","7":"product_cat-larmenheter-risco-larm","8":"product_cat-signalforstarkare","9":"product_tag-rel-risco","10":"product_shipping_class-postnord-varubrev","11":"pa_brands-4risco","12":"pa_wicomm-pro-kategorier-repeater","13":"tm-no-options","15":"first","16":"instock","17":"sale","18":"featured","19":"taxable","20":"shipping-taxable","21":"purchasable","22":"product-type-simple"},"acf":[],"_links":{"self":[{"href":"https:\/\/secureus.se\/no\/wp-json\/wp\/v2\/product\/57370","targetHints":{"allow":["GET"]}}],"collection":[{"href":"https:\/\/secureus.se\/no\/wp-json\/wp\/v2\/product"}],"about":[{"href":"https:\/\/secureus.se\/no\/wp-json\/wp\/v2\/types\/product"}],"wp:featuredmedia":[{"embeddable":true,"href":"https:\/\/secureus.se\/no\/wp-json\/wp\/v2\/media\/145664"}],"wp:attachment":[{"href":"https:\/\/secureus.se\/no\/wp-json\/wp\/v2\/media?parent=57370"}],"wp:term":[{"taxonomy":"product_brand","embeddable":true,"href":"https:\/\/secureus.se\/no\/wp-json\/wp\/v2\/product_brand?post=57370"},{"taxonomy":"product_cat","embeddable":true,"href":"https:\/\/secureus.se\/no\/wp-json\/wp\/v2\/product_cat?post=57370"},{"taxonomy":"product_tag","embeddable":true,"href":"https:\/\/secureus.se\/no\/wp-json\/wp\/v2\/product_tag?post=57370"}],"curies":[{"name":"wp","href":"https:\/\/api.w.org\/{rel}","templated":true}]}}