{"id":57372,"date":"2022-03-10T15:15:00","date_gmt":"2022-03-10T14:15:00","guid":{"rendered":"https:\/\/secureus.se\/produkt\/wicomm-pro-kontrollpanel-32-tradlosa-och-4-tranbundna-sektioner\/"},"modified":"2026-01-05T13:27:38","modified_gmt":"2026-01-05T12:27:38","slug":"risco-centralenhet-wicomm-pro-32-tradlosa-sektioner-3-larmomraden","status":"publish","type":"product","link":"https:\/\/secureus.se\/no\/risco-centralenhet-wicomm-pro-32-tradlosa-sektioner-3-larmomraden\/","title":{"rendered":"Risco Sentralenhet WiComm Pro \u2013 32 tr\u00e5dl\u00f8se seksjoner 3 Alarmomr\u00e5der"},"content":{"rendered":"<h1>Risco Sentralenhet WiComm Pro \u2013 32 tr\u00e5dl\u00f8se seksjoner 3 Alarmomr\u00e5der<\/h1>\n<p data-start=\"521\" data-end=\"1030\">Risco WiComm Pro-kontrollpanelet (modell RW332M80000C) er en kraftig og fleksibel l\u00f8sning for sikkerhetsbehov som krever tr\u00e5dl\u00f8s integrasjon og avansert funksjonalitet.<\/p>\n<p data-start=\"521\" data-end=\"1030\">Med st\u00f8tte for opptil 32 tr\u00e5dl\u00f8se soner kan systemet tilpasses for \u00e5 dekke et bredt spekter av sikkerhetskrav.<\/p>\n<p data-start=\"521\" data-end=\"1030\">Den er kompatibel med b\u00e5de endiriksjonelle og todiriksjonelle soner, og tilbyr muligheten til \u00e5 koble til opptil 8 tr\u00e5dl\u00f8se kameradetektorer og 3 tr\u00e5dl\u00f8se sirener, noe som gj\u00f8r den ideell for b\u00e5de sm\u00e5 og store installasjoner.<\/p>\n<p data-start=\"1032\" data-end=\"1406\">Dette kontrollpanelet tilbyr fleksibel kommunikasjon via Wifi, IP og GSM\/GPRS (2G og 3G), noe som sikrer at systemet ditt fungerer uten avbrudd.<\/p>\n<p data-start=\"1032\" data-end=\"1406\">Kommunikasjonsformatet kan tilpasses med kontakt-ID, SIA niv\u00e5 2 og 3 eller IP\/GSM.<\/p>\n<p data-start=\"1032\" data-end=\"1406\">Systemet har ogs\u00e5 full lokal programmeringsmulighet via RS232 eller LCD-skjerm og kan konfigureres eksternt via GPRS eller IP.<\/p>\n<p data-start=\"1408\" data-end=\"1843\">Med WiComm Pro f\u00e5r brukerne ogs\u00e5 tilgang til en kraftig selvoverv\u00e5kingsapplikasjon for full kontroll via smarttelefon eller nettleser.<\/p>\n<p data-start=\"1408\" data-end=\"1843\">Det lar brukere styre systemet eksternt, motta hendelsesvarsler via push-meldinger eller SMS, og se video i sanntid, inkludert muligheten til \u00e5 ta opp.<\/p>\n<p data-start=\"1408\" data-end=\"1843\">Systemet tilbyr ogs\u00e5 toveis lyd (snakk\/lytting) for \u00e5 muliggj\u00f8re direkte kommunikasjon via systemet.<\/p>\n<p data-start=\"1845\" data-end=\"2207\">WiComm Pro har et komplett utvalg av funksjoner som sikrer h\u00f8y brukervennlighet og tilpasningsmuligheter.<\/p>\n<p data-start=\"1845\" data-end=\"2207\">Den tilbyr en detaljert meny som automatisk viser relevante alternativer basert p\u00e5 installert maskinvare og brukertillatelser.<\/p>\n<p data-start=\"1845\" data-end=\"2207\">I tillegg st\u00f8tter den programmering med opptil 8 timerinnstillinger for \u00e5 skreddersy systemet til spesifikke behov.<\/p>\n<p data-start=\"2209\" data-end=\"2505\">For sikkerhet og n\u00f8yaktig overv\u00e5king lagrer systemet opptil 1000 hendelser lokalt og 2000 hendelser p\u00e5 RISCO Cloud-serveren, noe som gj\u00f8r det enkelt \u00e5 spore og analysere tidligere hendelser.<\/p>\n<p data-start=\"2209\" data-end=\"2505\">I tillegg kan brukere motta lydmeldinger og stemmeveiledning for \u00e5 raskt reagere p\u00e5 hendelser.<\/p>\n<p data-start=\"2507\" data-end=\"2537\"><strong data-start=\"2507\" data-end=\"2535\">Hovedfunksjoner:<\/strong><\/p>\n<ul data-start=\"2538\" data-end=\"3320\">\n<li data-start=\"2538\" data-end=\"2590\">\n<p data-start=\"2540\" data-end=\"2590\"><strong data-start=\"2540\" data-end=\"2558\">Kommunikasjon:<\/strong> Wifi, IP og GSM\/GPRS (2G\/3G)<\/p>\n<\/li>\n<li data-start=\"2591\" data-end=\"2669\">\n<p data-start=\"2593\" data-end=\"2669\"><strong data-start=\"2593\" data-end=\"2607\">Antall soner:<\/strong> Opptil 32 tr\u00e5dl\u00f8se soner (ensveis eller toveis)<\/p>\n<\/li>\n<li data-start=\"2670\" data-end=\"2757\">\n<p data-start=\"2672\" data-end=\"2757\"><strong data-start=\"2672\" data-end=\"2695\">Tilkoblingsbare enheter:<\/strong> Opptil 3 tr\u00e5dl\u00f8se sirener og 8 tr\u00e5dl\u00f8se kameradetektorer<\/p>\n<\/li>\n<li data-start=\"2758\" data-end=\"2797\">\n<p data-start=\"2760\" data-end=\"2797\"><strong data-start=\"2760\" data-end=\"2778\">Brukerkoder:<\/strong> 32 brukerkoder<\/p>\n<\/li>\n<li data-start=\"2798\" data-end=\"2832\">\n<p data-start=\"2800\" data-end=\"2832\"><strong data-start=\"2800\" data-end=\"2816\">Partisjoner:<\/strong> 3 alarmomr\u00e5der<\/p>\n<\/li>\n<li data-start=\"2833\" data-end=\"2911\">\n<p data-start=\"2835\" data-end=\"2911\"><strong data-start=\"2835\" data-end=\"2853\">Tilpasset meny:<\/strong> Tilpasset installert maskinvare og tillatelsesniv\u00e5<\/p>\n<\/li>\n<li data-start=\"2912\" data-end=\"2996\">\n<p data-start=\"2914\" data-end=\"2996\"><strong data-start=\"2914\" data-end=\"2934\">Lagring av hendelser:<\/strong> Opptil 1000 arrangementer lokalt og 2000 arrangementer i skyen<\/p>\n<\/li>\n<li data-start=\"2997\" data-end=\"3064\">\n<p data-start=\"2999\" data-end=\"3064\"><strong data-start=\"2999\" data-end=\"3020\">Fjernoverv\u00e5king:<\/strong> Gjennom RISCO Cloud-appen, nett og mobil<\/p>\n<\/li>\n<li data-start=\"3065\" data-end=\"3155\">\n<p data-start=\"3067\" data-end=\"3155\"><strong data-start=\"3067\" data-end=\"3091\">Innebygde funksjoner:<\/strong> Videoverifisering, toveis lyd (snakk\/lytting), push-varsler<\/p>\n<\/li>\n<li data-start=\"3156\" data-end=\"3223\">\n<p data-start=\"3158\" data-end=\"3223\"><strong data-start=\"3158\" data-end=\"3176\">Programmering:<\/strong> Lokalt via RS232 eller via skyen (GPRS, IP)<\/p>\n<\/li>\n<li data-start=\"3224\" data-end=\"3286\">\n<p data-start=\"3226\" data-end=\"3286\"><strong data-start=\"3226\" data-end=\"3238\">Batteri:<\/strong> Inkluderer batteri for drift under str\u00f8mbrudd<\/p>\n<\/li>\n<li data-start=\"3287\" data-end=\"3320\">\n<p data-start=\"3289\" data-end=\"3320\"><strong data-start=\"3289\" data-end=\"3306\">Sertifisering:<\/strong> Alarm klasse R<\/p>\n<\/li>\n<\/ul>\n<p data-start=\"3322\" data-end=\"3353\"><strong data-start=\"3322\" data-end=\"3351\">Tekniske spesifikasjoner:<\/strong><\/p>\n<ul data-start=\"3354\" data-end=\"3621\">\n<li data-start=\"3354\" data-end=\"3396\">\n<p data-start=\"3356\" data-end=\"3396\"><strong data-start=\"3356\" data-end=\"3372\">Dimensjoner:<\/strong> 197,5 x 152,2 x 52 mm<\/p>\n<\/li>\n<li data-start=\"3397\" data-end=\"3429\">\n<p data-start=\"3399\" data-end=\"3429\"><strong data-start=\"3399\" data-end=\"3420\">Str\u00f8mforsyning:<\/strong> 12V DC<\/p>\n<\/li>\n<li data-start=\"3430\" data-end=\"3491\">\n<p data-start=\"3432\" data-end=\"3491\"><strong data-start=\"3432\" data-end=\"3454\">Hendelsesvarsel:<\/strong> SMS, push, e-post, talepost<\/p>\n<\/li>\n<li data-start=\"3492\" data-end=\"3545\">\n<p data-start=\"3494\" data-end=\"3545\"><strong data-start=\"3494\" data-end=\"3512\">Hendelsesminne:<\/strong> 1000 lokalt og 2000 i skyen<\/p>\n<\/li>\n<li data-start=\"3546\" data-end=\"3621\">\n<p data-start=\"3548\" data-end=\"3621\"><strong data-start=\"3548\" data-end=\"3574\">Maksimal kommunikasjon:<\/strong> Opptil 3 LCD- eller Slim tr\u00e5dl\u00f8se tastaturer<\/p>\n<\/li>\n<\/ul>\n<p data-start=\"3623\" data-end=\"3959\">Dette Risco WiComm Pro-kontrollpanelet er et ideelt valg for de som \u00f8nsker en h\u00f8ykvalitets og fleksibel l\u00f8sning for alarm- og sikkerhetssystemer.<\/p>\n<p data-start=\"3623\" data-end=\"3959\">Med avansert teknologi, brukervennlige funksjoner og p\u00e5litelig kommunikasjon via ulike kanaler, kan WiComm Pro tilby den n\u00f8dvendige sikkerheten og tryggheten for alle typer installasjoner.<\/p>\n<p><a href=\"https:\/\/www.riscogroup.com\/products\/product\/52708\" target=\"_blank\" rel=\"noopener\">Her kan du lese mer om WiCom Pro p\u00e5 Risco Groups nettsider\u00a0<\/a><\/p>\n<p><iframe title=\"Wicomm Smart Hub US\" width=\"1170\" height=\"658\" src=\"https:\/\/www.youtube.com\/embed\/5PHoH2dRjEs?feature=oembed\" frameborder=\"0\" allow=\"accelerometer; autoplay; clipboard-write; encrypted-media; gyroscope; picture-in-picture; web-share\" referrerpolicy=\"strict-origin-when-cross-origin\" allowfullscreen><\/iframe><\/p>","protected":false},"excerpt":{"rendered":"<p>Risco WiComm Pro er et avansert tr\u00e5dl\u00f8st kontrollpanel med plass til 32 tr\u00e5dl\u00f8se soner og mulighet for \u00e5 koble til opptil 3 tr\u00e5dl\u00f8se sirener og 8 tr\u00e5dl\u00f8se kameradetektorer.<\/p>\n<p>Med omfattende fjernoverv\u00e5king og videoverifisering via RISCO Cloud tilbyr dette kontrollpanelet total kontroll og tilpasningsmuligheter for b\u00e5de hjem og bedrifter.<\/p>","protected":false},"featured_media":145247,"template":"","meta":{"_acf_changed":false},"product_brand":[],"product_cat":[2731,4879],"product_tag":[2426],"class_list":{"0":"post-57372","1":"product","2":"type-product","3":"status-publish","4":"has-post-thumbnail","6":"product_cat-risco-larm","7":"product_cat-wicomm-pro","8":"product_tag-rel-risco","9":"product_shipping_class-postnord-varubrev","10":"pa_brands-4risco","11":"pa_risco-produkter-agility-4","12":"pa_wicomm-pro-kategorier-hub-centralapparaten","13":"tm-no-options","15":"first","16":"outofstock","17":"sale","18":"featured","19":"taxable","20":"shipping-taxable","21":"purchasable","22":"product-type-simple"},"acf":[],"_links":{"self":[{"href":"https:\/\/secureus.se\/no\/wp-json\/wp\/v2\/product\/57372","targetHints":{"allow":["GET"]}}],"collection":[{"href":"https:\/\/secureus.se\/no\/wp-json\/wp\/v2\/product"}],"about":[{"href":"https:\/\/secureus.se\/no\/wp-json\/wp\/v2\/types\/product"}],"wp:featuredmedia":[{"embeddable":true,"href":"https:\/\/secureus.se\/no\/wp-json\/wp\/v2\/media\/145247"}],"wp:attachment":[{"href":"https:\/\/secureus.se\/no\/wp-json\/wp\/v2\/media?parent=57372"}],"wp:term":[{"taxonomy":"product_brand","embeddable":true,"href":"https:\/\/secureus.se\/no\/wp-json\/wp\/v2\/product_brand?post=57372"},{"taxonomy":"product_cat","embeddable":true,"href":"https:\/\/secureus.se\/no\/wp-json\/wp\/v2\/product_cat?post=57372"},{"taxonomy":"product_tag","embeddable":true,"href":"https:\/\/secureus.se\/no\/wp-json\/wp\/v2\/product_tag?post=57372"}],"curies":[{"name":"wp","href":"https:\/\/api.w.org\/{rel}","templated":true}]}}