{"id":57373,"date":"2022-03-10T15:15:00","date_gmt":"2022-03-10T14:15:00","guid":{"rendered":"https:\/\/secureus.se\/produkt\/wifi-ip-modul-kommunikationsmodul-agility4-wicomm-pro\/"},"modified":"2026-02-12T10:44:17","modified_gmt":"2026-02-12T09:44:17","slug":"ip-modul-wicomm-pro-risco","status":"publish","type":"product","link":"https:\/\/secureus.se\/no\/ip-modul-wicomm-pro-risco\/","title":{"rendered":"Risco IP\/Ethernet-modul - WiComm Pro"},"content":{"rendered":"<h1>IP-modul WiComm Pro Wifi-kommunikasjonsmodul<\/h1>\n<p data-start=\"440\" data-end=\"748\">Risco IP-modul WiComm Pro (mod. RW332IP0000A) er en kraftig og fleksibel WiFi-kommunikasjonsmodul som gj\u00f8r det mulig for WiComm Pro-kontrollpanelet \u00e5 kommunisere via TCP\/IP-nettverk.<\/p>\n<p data-start=\"440\" data-end=\"748\">Denne plugin-modulen er designet for \u00e5 enkelt integreres i systemet, noe som gj\u00f8r installasjonen rask og problemfri.<\/p>\n<p data-start=\"750\" data-end=\"1115\">Denne IP-modulen st\u00f8tter flerkanalskommunikasjon og gir mulighet for b\u00e5de prim\u00e6rkommunikasjon og backupl\u00f8sninger for IP- eller PSTN-kommunikasjon.<\/p>\n<p data-start=\"750\" data-end=\"1115\">Hvis det prim\u00e6re kommunikasjonssystemet (f.eks. IP eller PSTN) skulle svikte, tar modulen over og s\u00f8rger for at systemet fortsetter \u00e5 fungere uten avbrudd, noe som gir h\u00f8y sikkerhet og p\u00e5litelighet for brukeren.<\/p>\n<p data-start=\"1117\" data-end=\"1454\">En av de store fordelene med denne modulen er at den muliggj\u00f8r fjerntilgang til kontrollpanelet via Riscos konfigurasjonsprogramvare, slik at brukere eller installat\u00f8rer kan administrere og konfigurere systemet eksternt.<\/p>\n<p data-start=\"1117\" data-end=\"1454\">Dette forenkler b\u00e5de installasjon og vedlikehold, og reduserer behovet for fysiske bes\u00f8k p\u00e5 installasjonsstedet.<\/p>\n<p data-start=\"1456\" data-end=\"1674\">Risco IP-modulen WiComm Pro er kompatibel med WiComm Pro-kontrollpanelet og er et utmerket valg for brukere som \u00f8nsker \u00e5 forbedre kommunikasjonsl\u00f8sningen sin og f\u00e5 st\u00f8rre fleksibilitet i administrasjonen av sikkerhetssystemet sitt.<\/p>\n<p data-start=\"1676\" data-end=\"1706\"><strong data-start=\"1676\" data-end=\"1704\">Hovedfunksjoner:<\/strong><\/p>\n<ul data-start=\"1707\" data-end=\"2292\">\n<li data-start=\"1707\" data-end=\"1793\">\n<p data-start=\"1709\" data-end=\"1793\"><strong data-start=\"1709\" data-end=\"1726\">Fjerntilgang:<\/strong> Muliggj\u00f8r fjerntilgang til panelet via konfigurasjonsprogrammet<\/p>\n<\/li>\n<li data-start=\"1794\" data-end=\"1919\">\n<p data-start=\"1796\" data-end=\"1919\"><strong data-start=\"1796\" data-end=\"1834\">Prim\u00e6r- eller reservekommunikasjon:<\/strong> Brukes som prim\u00e6rkommunikasjon eller som backup for IP- eller PSTN-kommunikasjon<\/p>\n<\/li>\n<li data-start=\"1920\" data-end=\"2009\">\n<p data-start=\"1922\" data-end=\"2009\"><strong data-start=\"1922\" data-end=\"1950\">Flerkanalskommunikasjon:<\/strong> St\u00f8tte for flerkanalskommunikasjon for fleksibel bruk<\/p>\n<\/li>\n<li data-start=\"2010\" data-end=\"2102\">\n<p data-start=\"2012\" data-end=\"2102\"><strong data-start=\"2012\" data-end=\"2035\">Enkel installasjon:<\/strong> Plug-in-modul som kobles direkte til WiComm Pro-kontrollpanelet<\/p>\n<\/li>\n<li data-start=\"2103\" data-end=\"2172\">\n<p data-start=\"2105\" data-end=\"2172\"><strong data-start=\"2105\" data-end=\"2124\">Kompatibilitet:<\/strong> Fungerer med WiComm Pro-kontrollpanel grad 2<\/p>\n<\/li>\n<li data-start=\"2173\" data-end=\"2292\">\n<p data-start=\"2175\" data-end=\"2292\"><strong data-start=\"2175\" data-end=\"2204\">Drift via TCP\/IP-nettverk:<\/strong> Muliggj\u00f8r kommunikasjon over TCP\/IP-nettverk for forbedret sikkerhet og p\u00e5litelighet<\/p>\n<\/li>\n<\/ul>\n<p data-start=\"2294\" data-end=\"2325\"><strong data-start=\"2294\" data-end=\"2323\">Tekniske spesifikasjoner:<\/strong><\/p>\n<ul data-start=\"2326\" data-end=\"2681\">\n<li data-start=\"2326\" data-end=\"2365\">\n<p data-start=\"2328\" data-end=\"2365\"><strong data-start=\"2328\" data-end=\"2356\">Kommunikasjonsprotokoll:<\/strong> TCP\/IP<\/p>\n<\/li>\n<li data-start=\"2366\" data-end=\"2422\">\n<p data-start=\"2368\" data-end=\"2422\"><strong data-start=\"2368\" data-end=\"2387\">Kompatibilitet:<\/strong> WiComm Pro kontrollpanel Grad 2<\/p>\n<\/li>\n<li data-start=\"2423\" data-end=\"2477\">\n<p data-start=\"2425\" data-end=\"2477\"><strong data-start=\"2425\" data-end=\"2442\">Fjerntilgang:<\/strong> Ja, via konfigurasjonsprogrammet<\/p>\n<\/li>\n<li data-start=\"2478\" data-end=\"2558\">\n<p data-start=\"2480\" data-end=\"2558\"><strong data-start=\"2480\" data-end=\"2499\">Sikkerhetskopieringsfunksjon:<\/strong> Kan brukes som backup for IP- eller PSTN-kommunikasjon<\/p>\n<\/li>\n<li data-start=\"2559\" data-end=\"2635\">\n<p data-start=\"2561\" data-end=\"2635\"><strong data-start=\"2561\" data-end=\"2578\">Installasjon:<\/strong> Pluggbar, enkel \u00e5 installere direkte i kontrollpanelet<\/p>\n<\/li>\n<li data-start=\"2636\" data-end=\"2681\">\n<p data-start=\"2638\" data-end=\"2681\"><strong data-start=\"2638\" data-end=\"2668\">Leverand\u00f8rens artikkelnummer:<\/strong> RW332IP0000A<\/p>\n<\/li>\n<\/ul>\n<p data-start=\"2683\" data-end=\"2939\">Risco IP-modulen WiComm Pro gir en p\u00e5litelig og fleksibel m\u00e5te \u00e5 administrere kommunikasjon for sikkerhetssystemet ditt p\u00e5, og med muligheten til \u00e5 tilby fjerntilgang og sikkerhetskopieringsl\u00f8sninger er den et utmerket valg for brukere som \u00f8nsker en sikker og fleksibel l\u00f8sning.<\/p>\n<p><a href=\"https:\/\/www.riscogroup.com\/\" target=\"_blank\" rel=\"noopener\"><span style=\"text-decoration: underline\"><strong>Risco Group er ledende innen tr\u00e5dl\u00f8s sikkerhet \u2013 Her kan du lese mer om Risco\u00a0<\/strong><\/span><\/a><\/p>","protected":false},"excerpt":{"rendered":"<p data-start=\"138\" data-end=\"406\">Risco IP-modul WiComm Pro er en plugin-in WiFi-kommunikasjonsmodul som muliggj\u00f8r kommunikasjon via TCP\/IP-nettverk.<\/p>\n<p data-start=\"138\" data-end=\"406\">Den er enkel \u00e5 installere, kobles direkte til WiComm Pro-kontrollpanelet og fungerer som prim\u00e6r- eller backupkommunikasjon for IP- eller PSTN-nettverk.<\/p>","protected":false},"featured_media":145335,"template":"","meta":{"_acf_changed":false},"product_brand":[],"product_cat":[2731,4879],"product_tag":[2426],"class_list":{"0":"post-57373","1":"product","2":"type-product","3":"status-publish","4":"has-post-thumbnail","6":"product_cat-risco-larm","7":"product_cat-wicomm-pro","8":"product_tag-rel-risco","9":"product_shipping_class-postnord-varubrev","10":"pa_brands-4risco","11":"pa_risco-produkter-agility-4","12":"pa_wicomm-pro-kategorier-gsm-ip-moduler","13":"tm-no-options","15":"first","16":"instock","17":"featured","18":"taxable","19":"shipping-taxable","20":"purchasable","21":"product-type-simple"},"acf":[],"_links":{"self":[{"href":"https:\/\/secureus.se\/no\/wp-json\/wp\/v2\/product\/57373","targetHints":{"allow":["GET"]}}],"collection":[{"href":"https:\/\/secureus.se\/no\/wp-json\/wp\/v2\/product"}],"about":[{"href":"https:\/\/secureus.se\/no\/wp-json\/wp\/v2\/types\/product"}],"wp:featuredmedia":[{"embeddable":true,"href":"https:\/\/secureus.se\/no\/wp-json\/wp\/v2\/media\/145335"}],"wp:attachment":[{"href":"https:\/\/secureus.se\/no\/wp-json\/wp\/v2\/media?parent=57373"}],"wp:term":[{"taxonomy":"product_brand","embeddable":true,"href":"https:\/\/secureus.se\/no\/wp-json\/wp\/v2\/product_brand?post=57373"},{"taxonomy":"product_cat","embeddable":true,"href":"https:\/\/secureus.se\/no\/wp-json\/wp\/v2\/product_cat?post=57373"},{"taxonomy":"product_tag","embeddable":true,"href":"https:\/\/secureus.se\/no\/wp-json\/wp\/v2\/product_tag?post=57373"}],"curies":[{"name":"wp","href":"https:\/\/api.w.org\/{rel}","templated":true}]}}