{"id":57379,"date":"2022-03-10T15:13:00","date_gmt":"2022-03-10T14:13:00","guid":{"rendered":"https:\/\/secureus.se\/produkt\/elatec-twn4-multitech-2-lf-125-khz-em4100-02-4200-4305-programmerad-for-system-kod-endast-lasare-med-uid-chipkod\/"},"modified":"2025-12-31T19:42:51","modified_gmt":"2025-12-31T18:42:51","slug":"rfid-lasare-elatec-twn4-multitech-2-lf-125-khz-em4100-02-4200-4305-programmerad-for-system-kod-endast-lasare-med-uid-chipkod","status":"publish","type":"product","link":"https:\/\/secureus.se\/no\/rfid-lasare-elatec-twn4-multitech-2-lf-125-khz-em4100-02-4200-4305-programmerad-for-system-kod-endast-lasare-med-uid-chipkod\/","title":{"rendered":"RFID-leser Elatec TWN4 Multitech 2 LF 125 Khz EM4100\/02\/4200"},"content":{"rendered":"<p>Bordlesere av h\u00f8y kvalitet fra tyske Elatec, som er ledende innen leseteknologi.<\/p>\n<p>\u00d8nsker du en annen utgang eller funksjon for f.eks skriver\/datamaskin, hjelper vi deg med det ogs\u00e5.<\/p>\n<p>Disse leserne erstatter tidligere modeller (TWN3) og er et valg for mange av v\u00e5re kunder.<\/p>\n<p>Trenger du st\u00f8rre volum eller kj\u00f8per fortl\u00f8pende, kan vi sette opp lager for deg med avrop.<\/p>\n<p>Vi har lavere priser enn du kan forvente for disse produktene!<\/p>\n<p>TWN4 h\u00e5ndterer f\u00f8lgende:<\/p>\n<p>125 kHz \/ 134,2 kHz:<\/p>\n<p>4100, 4102, 420010), 4050, 4150, 4450, 4550, AWID, CASI-RUSCO, HITAG 111), HITAG 211, HITAG S11, Keri, Miro, Pyramid, TIRIS, Q5HDX-ITAN, UNIQUE , T55x7, ZODIAC2 4305, Cardax, IDTECK, 4305<\/p>\n<p>Informasjon om valg:<\/p>\n<p>ID-format = EM<\/p>\n<p>A = Aptus<br \/>\nR = RCO<br \/>\nS = ARX\/SOLID<br \/>\n\u00d8ks = Axema<br \/>\nB13 = Bewator13 (Omnis)<\/p>\n<p>B8 = Bewator8 (Entro)<br \/>\nV = Axema Vaka<br \/>\n10t = Heksadesimal<\/p>\n<p>&nbsp;<\/p>","protected":false},"excerpt":{"rendered":"<p>Bordlesere av h\u00f8y kvalitet fra tyske Elatec, som er ledende innen leseteknologi. \u00d8nsker du en annen utgang eller funksjon for f.eks skriver\/datamaskin, hjelper vi deg med det ogs\u00e5.<\/p>","protected":false},"featured_media":145670,"template":"","meta":{"_acf_changed":false},"product_brand":[],"product_cat":[1743],"product_tag":[],"class_list":{"0":"post-57379","1":"product","2":"type-product","3":"status-publish","4":"has-post-thumbnail","6":"product_cat-rfid-lasare","7":"product_shipping_class-postnord-varubrev","8":"pa_access-lasare-chippets-uid-kod","9":"pa_access-lasare-em-kod-aptus","10":"pa_access-lasare-em-kod-rco","11":"pa_access-lasare-em-kod-assa-arx","12":"pa_access-lasare-em-kod-axema-10-siffror","13":"pa_access-lasare-em-kod-axema-vaka-13-siffror","14":"pa_access-lasare-em-kod-bewator-vanderbilt-13-siffror","15":"pa_access-lasare-em-kod-bewator-vanderbilt-8-siffror","16":"pa_bordlasare-val-av-typ-em-teknik","17":"pa_brands-elatec","18":"tm-has-options","20":"first","21":"outofstock","22":"sale","23":"featured","24":"taxable","25":"shipping-taxable","26":"purchasable","27":"product-type-simple"},"acf":[],"_links":{"self":[{"href":"https:\/\/secureus.se\/no\/wp-json\/wp\/v2\/product\/57379","targetHints":{"allow":["GET"]}}],"collection":[{"href":"https:\/\/secureus.se\/no\/wp-json\/wp\/v2\/product"}],"about":[{"href":"https:\/\/secureus.se\/no\/wp-json\/wp\/v2\/types\/product"}],"wp:featuredmedia":[{"embeddable":true,"href":"https:\/\/secureus.se\/no\/wp-json\/wp\/v2\/media\/145670"}],"wp:attachment":[{"href":"https:\/\/secureus.se\/no\/wp-json\/wp\/v2\/media?parent=57379"}],"wp:term":[{"taxonomy":"product_brand","embeddable":true,"href":"https:\/\/secureus.se\/no\/wp-json\/wp\/v2\/product_brand?post=57379"},{"taxonomy":"product_cat","embeddable":true,"href":"https:\/\/secureus.se\/no\/wp-json\/wp\/v2\/product_cat?post=57379"},{"taxonomy":"product_tag","embeddable":true,"href":"https:\/\/secureus.se\/no\/wp-json\/wp\/v2\/product_tag?post=57379"}],"curies":[{"name":"wp","href":"https:\/\/api.w.org\/{rel}","templated":true}]}}