{"id":57394,"date":"2022-03-10T15:13:00","date_gmt":"2022-03-10T14:13:00","guid":{"rendered":"https:\/\/secureus.se\/produkt\/elatec-twn4-multitech-kombi-programmerad-for-system-kod-endast-lasare-med-uid-chipkod\/"},"modified":"2026-04-28T09:40:45","modified_gmt":"2026-04-28T07:40:45","slug":"rfid-lasare-elatec-twn4-multitech-kombi-programmerad-for-system-kod-endast-lasare-med-uid-chipkod","status":"publish","type":"product","link":"https:\/\/secureus.se\/no\/rfid-lasare-elatec-twn4-multitech-kombi-programmerad-for-system-kod-endast-lasare-med-uid-chipkod\/","title":{"rendered":"RFID-leser Elatec TWN4 Multitech Combi LF + HF + NFC"},"content":{"rendered":"<p>Her er v\u00e5re utvalgte modeller av Elatechs fleksible og popul\u00e6re modeller og vi programmerer alle etter dine \u00f8nsker.<\/p>\n<p>\u00d8nsker du en annen utgang eller funksjon for f.eks skriver\/datamaskin, hjelper vi deg med det ogs\u00e5.<\/p>\n<p>Disse leserne erstatter tidligere modeller (TWN3) og er et valg for mange av v\u00e5re kunder.<\/p>\n<p>Trenger du st\u00f8rre volum eller kj\u00f8per fortl\u00f8pende, kan vi sette opp lager for deg med avrop.<\/p>\n<p>Vi har lavere priser enn du kan forvente for disse produktene!<\/p>\n<p>TWN4 h\u00e5ndterer f\u00f8lgende:<\/p>\n<p>125 kHz \/ 134,2 kHz<\/p>\n<p>13,56 MHz \/ ISO14443A<\/p>\n<p>Les i dataarket hvilke teknikker leseren kan h\u00e5ndtere.<\/p>","protected":false},"excerpt":{"rendered":"<p><span class=\"ui-provider a b c d e f g h i j k l m n o p q r s t u v w x y z ab ac ae af ag ah ai aj ak\" dir=\"ltr\">Kombinasjonsleser som h\u00e5ndterer b\u00e5de EM + Mifare + NFC.<\/span><\/p>","protected":false},"featured_media":145344,"template":"","meta":{"_acf_changed":false},"product_brand":[],"product_cat":[1743],"product_tag":[],"class_list":{"0":"post-57394","1":"product","2":"type-product","3":"status-publish","4":"has-post-thumbnail","6":"product_cat-rfid-lasare","7":"product_shipping_class-postnord-varubrev","8":"pa_access-lasare-chippets-uid-kod","9":"pa_access-lasare-em-kod-aptus","10":"pa_access-lasare-em-kod-rco","11":"pa_access-lasare-em-kod-assa-arx","12":"pa_access-lasare-em-kod-axema-10-siffror","13":"pa_access-lasare-em-kod-axema-vaka-13-siffror","14":"pa_access-lasare-em-kod-bewator-vanderbilt-13-siffror","15":"pa_access-lasare-em-kod-bewator-vanderbilt-8-siffror","16":"pa_access-lasare-mifare-mifare-mfd-aptus-9-siffror","17":"pa_access-lasare-mifare-mifare-mfr-axema-vaka-13-siffror","18":"pa_access-lasare-mifare-chippets-uid-kod","19":"pa_access-lasare-mifare-mifare-mfd-assa-10-siffror","20":"pa_access-lasare-mifare-mifare-rco-9-siffror","21":"pa_bordlasare-val-av-typ-em-teknik","22":"pa_bordlasare-val-av-typ-kombi-emmifare","23":"pa_bordlasare-val-av-typ-mifare-teknik","24":"pa_bordlasare-val-av-typ-multilasare","25":"pa_brands-elatec","26":"pa_holes-chippets-uid-kod","27":"tm-has-options","29":"first","30":"instock","31":"sale","32":"featured","33":"taxable","34":"shipping-taxable","35":"purchasable","36":"product-type-simple"},"acf":[],"_links":{"self":[{"href":"https:\/\/secureus.se\/no\/wp-json\/wp\/v2\/product\/57394","targetHints":{"allow":["GET"]}}],"collection":[{"href":"https:\/\/secureus.se\/no\/wp-json\/wp\/v2\/product"}],"about":[{"href":"https:\/\/secureus.se\/no\/wp-json\/wp\/v2\/types\/product"}],"wp:featuredmedia":[{"embeddable":true,"href":"https:\/\/secureus.se\/no\/wp-json\/wp\/v2\/media\/145344"}],"wp:attachment":[{"href":"https:\/\/secureus.se\/no\/wp-json\/wp\/v2\/media?parent=57394"}],"wp:term":[{"taxonomy":"product_brand","embeddable":true,"href":"https:\/\/secureus.se\/no\/wp-json\/wp\/v2\/product_brand?post=57394"},{"taxonomy":"product_cat","embeddable":true,"href":"https:\/\/secureus.se\/no\/wp-json\/wp\/v2\/product_cat?post=57394"},{"taxonomy":"product_tag","embeddable":true,"href":"https:\/\/secureus.se\/no\/wp-json\/wp\/v2\/product_tag?post=57394"}],"curies":[{"name":"wp","href":"https:\/\/api.w.org\/{rel}","templated":true}]}}