{"id":57479,"date":"2022-03-10T14:57:00","date_gmt":"2022-03-10T13:57:00","guid":{"rendered":"https:\/\/secureus.se\/produkt\/2-way-i-o-and-x-10-wireless-expander\/"},"modified":"2025-12-31T19:36:32","modified_gmt":"2025-12-31T18:36:32","slug":"risco-2-way-i-o-och-x-10-tradlos-expander","status":"publish","type":"product","link":"https:\/\/secureus.se\/no\/risco-2-way-i-o-och-x-10-tradlos-expander\/","title":{"rendered":"Risco 2-veis I\/O og X-10 tr\u00e5dl\u00f8s utvider \u2013 Wicomm PRO, Agility"},"content":{"rendered":"<h1>Risco 2-veis I\/O og X-10 Wireless Expander<\/h1>\n<p data-start=\"449\" data-end=\"918\">Risco 2-veis I\/O og X-10 tr\u00e5dl\u00f8s utvider (mod. RW132I04000A) er en hjemmeautomatiseringsmodul som lar brukere utvide og tilpasse Agility\u2122-sikkerhetssystemene sine for \u00e5 st\u00f8tte nye trender og sikkerhetsl\u00f8sninger.<\/p>\n<p data-start=\"449\" data-end=\"918\">Ved \u00e5 koble faste enheter til systemet kan modulen \u00f8ke fleksibiliteten og \u00e5pne for fremtidig utvidelse, slik at systemet kan utvikles og tilpasses skiftende markedsbehov, uavhengig av den opprinnelige installasjonen.<\/p>\n<p data-start=\"920\" data-end=\"1286\">Den tr\u00e5dl\u00f8se hjemmeautomasjonsmodulen st\u00f8tter opptil fire fastkablede soner og fire utganger, noe som gir brukerne muligheten til \u00e5 integrere og kontrollere en rekke enheter i sikkerhetssystemet sitt.<\/p>\n<p data-start=\"920\" data-end=\"1286\">I tillegg st\u00f8tter den opptil 16 X10-enheter, slik at brukeren kan kontrollere husholdningsapparater som belysning, garasjeporter, hagesprinklere og andre hjemmeautomatiseringsenheter.<\/p>\n<p data-start=\"1288\" data-end=\"1613\">Modulen leveres komplett med str\u00f8mforsyning (PSU) for \u00e5 drive enheten og 3 oppladbare AA-batterier for sikker og langvarig drift n\u00e5r batteribackup er n\u00f8dvendig.<\/p>\n<p data-start=\"1288\" data-end=\"1613\">X-10 Expander for Agility\u2122 gir en enkel l\u00f8sning for \u00e5 integrere og kontrollere enheter gjennom systemet uten behov for \u00e5 legge til ekstra maskinvare eller kabling.<\/p>\n<p data-start=\"1615\" data-end=\"1645\"><strong data-start=\"1615\" data-end=\"1643\">Hovedfunksjoner:<\/strong><\/p>\n<ul data-start=\"1646\" data-end=\"2262\">\n<li data-start=\"1646\" data-end=\"1730\">\n<p data-start=\"1648\" data-end=\"1730\"><strong data-start=\"1648\" data-end=\"1674\">Tr\u00e5dl\u00f8s hjemmeautomatisering:<\/strong> St\u00f8tter opptil 4 fastkoblede soner og 4 utganger<\/p>\n<\/li>\n<li data-start=\"1731\" data-end=\"1826\">\n<p data-start=\"1733\" data-end=\"1826\"><strong data-start=\"1733\" data-end=\"1761\">Styring av X10-enheter:<\/strong> Styrer opptil 16 X10-enheter, f.eks. belysning og garasjeporter<\/p>\n<\/li>\n<li data-start=\"1827\" data-end=\"1956\">\n<p data-start=\"1829\" data-end=\"1956\"><strong data-start=\"1829\" data-end=\"1846\">Fleksibilitet:<\/strong> Gj\u00f8r det mulig \u00e5 tilpasse og utvide Agility\u2122-systemet for \u00e5 m\u00f8te nye behov og teknologiske trender<\/p>\n<\/li>\n<li data-start=\"1957\" data-end=\"2075\">\n<p data-start=\"1959\" data-end=\"2075\"><strong data-start=\"1959\" data-end=\"1982\">Enkel installasjon:<\/strong> St\u00f8tte for kablet tilkobling av faste enheter samt enkel integrering via tr\u00e5dl\u00f8s kommunikasjon<\/p>\n<\/li>\n<li data-start=\"2076\" data-end=\"2166\">\n<p data-start=\"2078\" data-end=\"2166\"><strong data-start=\"2078\" data-end=\"2113\">Str\u00f8madapter og batteribackup:<\/strong> Inkluderer str\u00f8mforsyning og 3 oppladbare AA-batterier<\/p>\n<\/li>\n<li data-start=\"2167\" data-end=\"2262\">\n<p data-start=\"2169\" data-end=\"2262\"><strong data-start=\"2169\" data-end=\"2188\">Kompatibilitet:<\/strong> Fungerer med Risco Agility\u2122-systemet for \u00f8kt funksjonalitet og kontroll<\/p>\n<\/li>\n<\/ul>\n<p data-start=\"2264\" data-end=\"2295\"><strong data-start=\"2264\" data-end=\"2293\">Tekniske spesifikasjoner:<\/strong><\/p>\n<ul data-start=\"2296\" data-end=\"2712\">\n<li data-start=\"2296\" data-end=\"2340\">\n<p data-start=\"2298\" data-end=\"2340\"><strong data-start=\"2298\" data-end=\"2317\">Antall innganger:<\/strong> 4 fastkoblede soner<\/p>\n<\/li>\n<li data-start=\"2341\" data-end=\"2417\">\n<p data-start=\"2343\" data-end=\"2417\"><strong data-start=\"2343\" data-end=\"2362\">Antall utganger:<\/strong> 2 rel\u00e9utganger (1A-klasse), 2 Open Collector-utganger<\/p>\n<\/li>\n<li data-start=\"2418\" data-end=\"2506\">\n<p data-start=\"2420\" data-end=\"2506\"><strong data-start=\"2420\" data-end=\"2433\">X10-st\u00f8tte:<\/strong> Styrer opptil 16 X10-enheter (belysning, garasjeport, sprinkleranlegg osv.)<\/p>\n<\/li>\n<li data-start=\"2507\" data-end=\"2572\">\n<p data-start=\"2509\" data-end=\"2572\"><strong data-start=\"2509\" data-end=\"2530\">Str\u00f8mforsyning:<\/strong> Str\u00f8mforsyning og 3 oppladbare AA-batterier<\/p>\n<\/li>\n<li data-start=\"2573\" data-end=\"2662\">\n<p data-start=\"2575\" data-end=\"2662\"><strong data-start=\"2575\" data-end=\"2592\">Tilkoblinger:<\/strong> 4 x kabeltilkoblinger, 1 x X10-port for tilkobling til X10-sender<\/p>\n<\/li>\n<li data-start=\"2663\" data-end=\"2712\">\n<p data-start=\"2665\" data-end=\"2712\"><strong data-start=\"2665\" data-end=\"2697\">Leverand\u00f8rens artikkelnummer:<\/strong> RW132I04000A<\/p>\n<\/li>\n<\/ul>\n<p data-start=\"2714\" data-end=\"2967\">Risco 2-veis I\/O og X-10 tr\u00e5dl\u00f8s utvider er en praktisk l\u00f8sning for effektivt \u00e5 utvide og tilpasse Agility\u2122-systemet til moderne behov for hjemmeautomatisering, og gir brukerne muligheten til \u00e5 kontrollere apparater og enheter direkte fra sikkerhetssystemet.<\/p>","protected":false},"excerpt":{"rendered":"<p data-start=\"136\" data-end=\"415\">Risco 2-veis I\/O og X-10 tr\u00e5dl\u00f8s utvider for Agility\u2122-systemet muliggj\u00f8r tilkobling av faste enheter og hjemmeautomasjonsl\u00f8sninger.<\/p>\n<p data-start=\"136\" data-end=\"415\">Den st\u00f8tter 4 innganger, 4 utganger og styrer opptil 16 X10-enheter for \u00e5 styre for eksempel belysning, garasjeporter eller hagesprinklere.<\/p>","protected":false},"featured_media":145456,"template":"","meta":{"_acf_changed":false},"product_brand":[],"product_cat":[2731,4882,4671,4879],"product_tag":[],"class_list":{"0":"post-57479","1":"product","2":"type-product","3":"status-publish","4":"has-post-thumbnail","6":"product_cat-risco-larm","7":"product_cat-agility-v4-3-2","8":"product_cat-signalforstarkare","9":"product_cat-wicomm-pro","10":"product_shipping_class-postnord-varubrev","11":"pa_brands-4risco","12":"pa_risco-produkter-agility-4","13":"tm-no-options","15":"first","16":"instock","17":"sale","18":"featured","19":"taxable","20":"shipping-taxable","21":"purchasable","22":"product-type-simple"},"acf":[],"_links":{"self":[{"href":"https:\/\/secureus.se\/no\/wp-json\/wp\/v2\/product\/57479","targetHints":{"allow":["GET"]}}],"collection":[{"href":"https:\/\/secureus.se\/no\/wp-json\/wp\/v2\/product"}],"about":[{"href":"https:\/\/secureus.se\/no\/wp-json\/wp\/v2\/types\/product"}],"wp:featuredmedia":[{"embeddable":true,"href":"https:\/\/secureus.se\/no\/wp-json\/wp\/v2\/media\/145456"}],"wp:attachment":[{"href":"https:\/\/secureus.se\/no\/wp-json\/wp\/v2\/media?parent=57479"}],"wp:term":[{"taxonomy":"product_brand","embeddable":true,"href":"https:\/\/secureus.se\/no\/wp-json\/wp\/v2\/product_brand?post=57479"},{"taxonomy":"product_cat","embeddable":true,"href":"https:\/\/secureus.se\/no\/wp-json\/wp\/v2\/product_cat?post=57479"},{"taxonomy":"product_tag","embeddable":true,"href":"https:\/\/secureus.se\/no\/wp-json\/wp\/v2\/product_tag?post=57479"}],"curies":[{"name":"wp","href":"https:\/\/api.w.org\/{rel}","templated":true}]}}