{"id":57480,"date":"2022-03-10T14:57:00","date_gmt":"2022-03-10T13:57:00","guid":{"rendered":"https:\/\/secureus.se\/produkt\/vibrationsdetektor-tradlos-agililty3-4-och-wicomm-pro\/"},"modified":"2025-12-31T19:42:31","modified_gmt":"2025-12-31T18:42:31","slug":"risco-vibrationsdetektor-1-vags","status":"publish","type":"product","link":"https:\/\/secureus.se\/no\/risco-vibrationsdetektor-1-vags\/","title":{"rendered":"Risco Vibrasjonsdetektor 1-veis"},"content":{"rendered":"<h1>Risco Vibrasjonsdetektor 1-veis<\/h1>\n<p data-start=\"435\" data-end=\"949\">Risco vibrasjonsdetektor 1-veis WiComm Pro Agility er en avansert tr\u00e5dl\u00f8s st\u00f8tdetektor som tilbyr h\u00f8y sikkerhet for interne og eksterne beskyttede omr\u00e5der.<\/p>\n<p data-start=\"435\" data-end=\"949\">Den er designet for \u00e5 oppdage vibrasjoner som oppst\u00e5r n\u00e5r man fors\u00f8ker \u00e5 tvinge, knuse, bore eller sage gjennom vinduer, d\u00f8rer, vegger eller tak, selv n\u00e5r inntrengeren fortsatt er utenfor.<\/p>\n<p data-start=\"435\" data-end=\"949\">Dette gj\u00f8r den til en effektiv l\u00f8sning for perimeterbeskyttelse, og er spesielt nyttig for \u00e5 forhindre inntrenging f\u00f8r de fysiske barrierene brytes.<\/p>\n<p data-start=\"951\" data-end=\"1355\">Denne detektoren er utstyrt med en digital mikroprosessor og intelligent digital signalbehandling for n\u00f8yaktig \u00e5 analysere og registrere vibrasjoner.<\/p>\n<p data-start=\"951\" data-end=\"1355\">Den justerbare f\u00f8lsomheten lar brukeren tilpasse detektorens responsniv\u00e5 til ulike milj\u00f8er og behov.<\/p>\n<p data-start=\"951\" data-end=\"1355\">Den leveres med en trefarget LED-indikator som forenkler kalibrering og gir tydelig statusinformasjon om detektorens f\u00f8lsomhet.<\/p>\n<p data-start=\"1357\" data-end=\"1617\">Detektoren er fullstendig overv\u00e5ket, noe som betyr at sabotasje, batterispenning og kommunikasjon alltid kontrolleres.<\/p>\n<p data-start=\"1357\" data-end=\"1617\">Med en rekkevidde p\u00e5 opptil 300 meter (LOS) og lang batterilevetid, som varer i omtrent 3 \u00e5r, er den en p\u00e5litelig del av Riscos sikkerhetssystem.<\/p>\n<p data-start=\"1619\" data-end=\"1932\">Funksjoner som grov angrepsdeteksjon og innkapslet bimorph piezoelektrisk sensor gj\u00f8r denne vibrasjonsdetektoren godt rustet til \u00e5 h\u00e5ndtere potensielle sikkerhetstrusler.<\/p>\n<p data-start=\"1619\" data-end=\"1932\">Den er ogs\u00e5 kompatibel med Riscos Agility\u2122-, WisDom-, ProSYS\u2122-, LightSYS\u2122- og Nova-systemer, noe som gj\u00f8r den sv\u00e6rt fleksibel for ulike sikkerhetsbehov.<\/p>\n<p>&nbsp;<\/p>\n<p><iframe title=\"Wicomm Smart Hub US\" width=\"1170\" height=\"658\" src=\"https:\/\/www.youtube.com\/embed\/5PHoH2dRjEs?feature=oembed\" frameborder=\"0\" allow=\"accelerometer; autoplay; clipboard-write; encrypted-media; gyroscope; picture-in-picture; web-share\" referrerpolicy=\"strict-origin-when-cross-origin\" allowfullscreen><\/iframe><\/p>","protected":false},"excerpt":{"rendered":"<p>Tr\u00e5dl\u00f8s vibrasjonsdetektor for Risco Agility og WiComm Pro, designet for \u00e5 oppdage innbruddsfors\u00f8k ved \u00e5 registrere vibrasjoner fra pressing, knusing, boring eller saging.<\/p>\n<p>Tilpasset for b\u00e5de innend\u00f8rs og perimeterbeskyttelse.<\/p>","protected":false},"featured_media":145396,"template":"","meta":{"_acf_changed":false},"product_brand":[],"product_cat":[3188,2731],"product_tag":[3152],"class_list":{"0":"post-57480","1":"product","2":"type-product","3":"status-publish","4":"has-post-thumbnail","6":"product_cat-larmenheter-risco-larm","7":"product_cat-risco-larm","8":"product_tag-cr123-tillbehor","9":"product_shipping_class-postnord-varubrev","10":"pa_brands-4risco","11":"pa_risco-produkter-agility-3","12":"pa_risco-produkter-agility-4","13":"pa_wicomm-pro-kategorier-vibrationdetektorer","14":"tm-no-options","16":"first","17":"instock","18":"sale","19":"featured","20":"taxable","21":"shipping-taxable","22":"purchasable","23":"product-type-simple"},"acf":[],"_links":{"self":[{"href":"https:\/\/secureus.se\/no\/wp-json\/wp\/v2\/product\/57480","targetHints":{"allow":["GET"]}}],"collection":[{"href":"https:\/\/secureus.se\/no\/wp-json\/wp\/v2\/product"}],"about":[{"href":"https:\/\/secureus.se\/no\/wp-json\/wp\/v2\/types\/product"}],"wp:featuredmedia":[{"embeddable":true,"href":"https:\/\/secureus.se\/no\/wp-json\/wp\/v2\/media\/145396"}],"wp:attachment":[{"href":"https:\/\/secureus.se\/no\/wp-json\/wp\/v2\/media?parent=57480"}],"wp:term":[{"taxonomy":"product_brand","embeddable":true,"href":"https:\/\/secureus.se\/no\/wp-json\/wp\/v2\/product_brand?post=57480"},{"taxonomy":"product_cat","embeddable":true,"href":"https:\/\/secureus.se\/no\/wp-json\/wp\/v2\/product_cat?post=57480"},{"taxonomy":"product_tag","embeddable":true,"href":"https:\/\/secureus.se\/no\/wp-json\/wp\/v2\/product_tag?post=57480"}],"curies":[{"name":"wp","href":"https:\/\/api.w.org\/{rel}","templated":true}]}}