{"id":57484,"date":"2022-03-10T14:57:00","date_gmt":"2022-03-10T13:57:00","guid":{"rendered":"https:\/\/secureus.se\/produkt\/2-vags-tradlos-beyond-dual-tech-kband-detektor-inom-utomhus-agililty4-och-wicomm-pro\/"},"modified":"2025-12-31T19:35:24","modified_gmt":"2025-12-31T18:35:24","slug":"risco-rorelsedetektor-med-kamera-2-vags-utomhus-beyond","status":"publish","type":"product","link":"https:\/\/secureus.se\/no\/risco-rorelsedetektor-med-kamera-2-vags-utomhus-beyond\/","title":{"rendered":"Risco 2-veis utend\u00f8rs bevegelsesdetektor \u2013 Beyond"},"content":{"rendered":"<h1>Risco Bevegelsesdetektor med kamera 2-veis \u2013 Outdoor Beyond<\/h1>\n<p data-start=\"516\" data-end=\"1046\">Risco bevegelsesdetektor med kamera 2-veis Beyond Agility WiComm Pro er en innovativ l\u00f8sning for utend\u00f8rs deteksjon og visuell verifisering.<\/p>\n<p data-start=\"516\" data-end=\"1046\">Denne detektoren kombinerer dobbel teknologi med et integrert kamera som muliggj\u00f8r krystallklar visuell verifisering via iRISCO smarttelefonappen, webgrensesnittet eller overv\u00e5kingsstasjonen.<\/p>\n<p data-start=\"516\" data-end=\"1046\">Ved \u00e5 bruke to separate radiokanaler med forskjellige antenner sikres sikker overf\u00f8ring av b\u00e5de bilder og alarmer, noe som gj\u00f8r den ideell for bruk i utend\u00f8rsmilj\u00f8er.<\/p>\n<p data-start=\"1048\" data-end=\"1398\">Beyond bruker RISCOs unike deteksjonsteknologier, Sway Recognition\u2122 og Digital Correlation\u2122, for \u00e5 redusere falske alarmer drastisk, noe som gj\u00f8r denne l\u00f8sningen sv\u00e6rt n\u00f8yaktig og p\u00e5litelig.<\/p>\n<p data-start=\"1048\" data-end=\"1398\">Bevegelsesdetektoren har et justerbart omr\u00e5de p\u00e5 mellom 5\u201312 meter og en dyrevennlig funksjon som betyr at den ikke reagerer p\u00e5 dyr opptil 50 cm i h\u00f8yden.<\/p>\n<p data-start=\"1400\" data-end=\"1702\">Med en kombinasjon av infrar\u00f8de og mikrob\u00f8lgesensorer er Beyond immun mot direkte sollys og har en antimaskeringsfunksjon for \u00e5 forhindre manipulering.<\/p>\n<p data-start=\"1400\" data-end=\"1702\">Detektoren er ogs\u00e5 enkel \u00e5 installere p\u00e5 en vegg eller et hj\u00f8rne, og tilbyr lang batterilevetid (opptil 3 \u00e5r med inkluderte CR123A litiumbatterier).<\/p>\n<p data-start=\"1704\" data-end=\"1872\">Den er konstruert for \u00e5 fungere under t\u00f8ffe utend\u00f8rsforhold, med en driftstemperatur p\u00e5 -25 \u00b0C til 65 \u00b0C og et IP65-klassifisert beskyttelsesniv\u00e5 for \u00e5 t\u00e5le v\u00e6rforhold.<\/p>\n<p>&nbsp;<\/p>\n<p><iframe title=\"Wicomm Smart Hub US\" width=\"1170\" height=\"658\" src=\"https:\/\/www.youtube.com\/embed\/5PHoH2dRjEs?feature=oembed\" frameborder=\"0\" allow=\"accelerometer; autoplay; clipboard-write; encrypted-media; gyroscope; picture-in-picture; web-share\" referrerpolicy=\"strict-origin-when-cross-origin\" allowfullscreen><\/iframe><\/p>","protected":false},"excerpt":{"rendered":"<p>Risco Beyond Agility WiComm Pro er en avansert bevegelsesdetektor med integrert kamera for utend\u00f8rs bruk.<\/p>\n<p>Med to separate radiokanaler og deteksjonsteknologi som minimerer falske alarmer, gir den krystallklar visuell verifisering via smarttelefonappen eller overv\u00e5kingsstasjonen.<\/p>","protected":false},"featured_media":158860,"template":"","meta":{"_acf_changed":false},"product_brand":[],"product_cat":[2731,3191],"product_tag":[3152,2426],"class_list":{"0":"post-57484","1":"product","2":"type-product","3":"status-publish","4":"has-post-thumbnail","6":"product_cat-risco-larm","7":"product_cat-utomhusdetektorer","8":"product_tag-cr123-tillbehor","9":"product_tag-rel-risco","10":"product_shipping_class-postnord-varubrev","11":"pa_risco-produkter-agility-4","12":"pa_wicomm-pro-kategorier-rorelsedetektor","13":"tm-no-options","15":"first","16":"instock","17":"sale","18":"featured","19":"taxable","20":"shipping-taxable","21":"purchasable","22":"product-type-simple"},"acf":[],"_links":{"self":[{"href":"https:\/\/secureus.se\/no\/wp-json\/wp\/v2\/product\/57484","targetHints":{"allow":["GET"]}}],"collection":[{"href":"https:\/\/secureus.se\/no\/wp-json\/wp\/v2\/product"}],"about":[{"href":"https:\/\/secureus.se\/no\/wp-json\/wp\/v2\/types\/product"}],"wp:featuredmedia":[{"embeddable":true,"href":"https:\/\/secureus.se\/no\/wp-json\/wp\/v2\/media\/158860"}],"wp:attachment":[{"href":"https:\/\/secureus.se\/no\/wp-json\/wp\/v2\/media?parent=57484"}],"wp:term":[{"taxonomy":"product_brand","embeddable":true,"href":"https:\/\/secureus.se\/no\/wp-json\/wp\/v2\/product_brand?post=57484"},{"taxonomy":"product_cat","embeddable":true,"href":"https:\/\/secureus.se\/no\/wp-json\/wp\/v2\/product_cat?post=57484"},{"taxonomy":"product_tag","embeddable":true,"href":"https:\/\/secureus.se\/no\/wp-json\/wp\/v2\/product_tag?post=57484"}],"curies":[{"name":"wp","href":"https:\/\/api.w.org\/{rel}","templated":true}]}}