{"id":57485,"date":"2022-03-10T14:57:00","date_gmt":"2022-03-10T13:57:00","guid":{"rendered":"https:\/\/secureus.se\/produkt\/siren-utomhus-rws20a\/"},"modified":"2025-12-31T19:36:44","modified_gmt":"2025-12-31T18:36:44","slug":"risco-siren-2-vags-rws20a-utomhus-105db","status":"publish","type":"product","link":"https:\/\/secureus.se\/no\/risco-siren-2-vags-rws20a-utomhus-105db\/","title":{"rendered":"Risco Sirene 2-veis RWS20A \u2013 Utend\u00f8rs 105dB"},"content":{"rendered":"<h1>Risco Sirene 2-veis RWS20A \u2013 Utend\u00f8rs 105dB<\/h1>\n<p data-start=\"416\" data-end=\"761\">Risco 2-veis sirene RWS20A (mod. RWS20A86800) er en elegant og funksjonell tr\u00e5dl\u00f8s utend\u00f8rssirene som er utviklet for \u00e5 forbedre sikkerhetssystemets signaleringsmuligheter utenfor det beskyttede omr\u00e5det.<\/p>\n<p data-start=\"416\" data-end=\"761\">Denne sirenen er en ideell l\u00f8sning for \u00e5 \u00f8ke sikkerheten i alle typer utend\u00f8rsmilj\u00f8er, takket v\u00e6re den robuste designen og den fleksible installasjonen.<\/p>\n<p data-start=\"763\" data-end=\"1041\">Med et lydniv\u00e5 p\u00e5 105 dB tilbyr RWS20A et kraftig lydsignal som tydelig varsler om innbrudd eller andre sikkerhetshendelser.<\/p>\n<p data-start=\"763\" data-end=\"1041\">Fordi sirenen er fullstendig batteridrevet og tr\u00e5dl\u00f8s, er den enkel \u00e5 installere uten behov for kabling, noe som gj\u00f8r installasjonen rask og fleksibel.<\/p>\n<p data-start=\"1043\" data-end=\"1363\">En av de mest nyttige funksjonene til RWS20A er den innebygde foralarmfunksjonen.<\/p>\n<p data-start=\"1043\" data-end=\"1363\">Under nedtellingen av inngangsforsinkelsen aktiveres sirenen og utl\u00f8ser en foralarm hvis systemet blir utsatt for h\u00e6rverk f\u00f8r alarmen aktiveres. Dette gj\u00f8r sirenen til et utmerket supplement for \u00e5 forhindre innbrudd allerede f\u00f8r systemet er fullt aktivert.<\/p>\n<p data-start=\"1365\" data-end=\"1588\">RWS20A har ogs\u00e5 en squawk-funksjon som gir lydvarsler n\u00e5r systemet er aktivert eller deaktivert.<\/p>\n<p data-start=\"1365\" data-end=\"1588\">Ved alarm gir sirenen et spesielt varsel med fire pip som signaliserer at alarmen er utl\u00f8st, noe som kan indikere et innbrudd.<\/p>\n<p data-start=\"1590\" data-end=\"1828\">Flere tr\u00e5dl\u00f8se sirener kan enkelt kobles til samme system, noe som gj\u00f8r det mulig \u00e5 tilpasse sikkerhetsl\u00f8sningen avhengig av st\u00f8rrelsen og behovene til det beskyttede omr\u00e5det.<\/p>\n<p data-start=\"1590\" data-end=\"1828\">Sirenen er tilgjengelig i forskjellige farger for \u00e5 passe estetiske preferanser.<\/p>\n<p data-start=\"1830\" data-end=\"1860\"><strong data-start=\"1830\" data-end=\"1858\">Hovedfunksjoner:<\/strong><\/p>\n<ul data-start=\"1861\" data-end=\"2460\">\n<li data-start=\"1861\" data-end=\"1908\">\n<p data-start=\"1863\" data-end=\"1908\"><strong data-start=\"1863\" data-end=\"1878\">Volum:<\/strong> 105 dB for effektiv varsling<\/p>\n<\/li>\n<li data-start=\"1909\" data-end=\"1998\">\n<p data-start=\"1911\" data-end=\"1998\"><strong data-start=\"1911\" data-end=\"1931\">Forh\u00e5ndsalarmfunksjon:<\/strong> Aktiveres under nedtelling av inngangsforsinkelse og i tilfelle h\u00e6rverk<\/p>\n<\/li>\n<li data-start=\"1999\" data-end=\"2120\">\n<p data-start=\"2001\" data-end=\"2120\"><strong data-start=\"2001\" data-end=\"2022\">Squawk-varsel:<\/strong> Lydmeldinger ved aktivering og deaktivering, inkludert en melding med fire skrik ved alarmutl\u00f8sning<\/p>\n<\/li>\n<li data-start=\"2121\" data-end=\"2179\">\n<p data-start=\"2123\" data-end=\"2179\"><strong data-start=\"2123\" data-end=\"2141\">Batteridrevet:<\/strong> Helt tr\u00e5dl\u00f8s for enkel installasjon<\/p>\n<\/li>\n<li data-start=\"2180\" data-end=\"2249\">\n<p data-start=\"2182\" data-end=\"2249\"><strong data-start=\"2182\" data-end=\"2208\">Fleksibel installasjon:<\/strong> Enkel \u00e5 plassere uten behov for kabling<\/p>\n<\/li>\n<li data-start=\"2250\" data-end=\"2326\">\n<p data-start=\"2252\" data-end=\"2326\"><strong data-start=\"2252\" data-end=\"2269\">Flere farger:<\/strong> Tilgjengelig i forskjellige farger som passer til installasjonsmilj\u00f8et<\/p>\n<\/li>\n<li data-start=\"2327\" data-end=\"2391\">\n<p data-start=\"2329\" data-end=\"2391\"><strong data-start=\"2329\" data-end=\"2348\">Kompatibilitet:<\/strong> Flere sirener kan tilordnes til samme system<\/p>\n<\/li>\n<li data-start=\"2392\" data-end=\"2460\">\n<p data-start=\"2394\" data-end=\"2460\"><strong data-start=\"2394\" data-end=\"2422\">Egnet for utend\u00f8rs bruk:<\/strong> Designet for \u00e5 t\u00e5le ytre milj\u00f8er<\/p>\n<\/li>\n<\/ul>\n<p data-start=\"2462\" data-end=\"2493\"><strong data-start=\"2462\" data-end=\"2491\">Tekniske spesifikasjoner:<\/strong><\/p>\n<ul data-start=\"2494\" data-end=\"2761\">\n<li data-start=\"2494\" data-end=\"2520\">\n<p data-start=\"2496\" data-end=\"2520\"><strong data-start=\"2496\" data-end=\"2511\">Volum:<\/strong> 105 dB<\/p>\n<\/li>\n<li data-start=\"2521\" data-end=\"2546\">\n<p data-start=\"2523\" data-end=\"2546\"><strong data-start=\"2523\" data-end=\"2536\">Hyppighet:<\/strong> 868 MHz<\/p>\n<\/li>\n<li data-start=\"2547\" data-end=\"2586\">\n<p data-start=\"2549\" data-end=\"2586\"><strong data-start=\"2549\" data-end=\"2570\">Str\u00f8mforsyning:<\/strong> Batteridrevet<\/p>\n<\/li>\n<li data-start=\"2587\" data-end=\"2640\">\n<p data-start=\"2589\" data-end=\"2640\"><strong data-start=\"2589\" data-end=\"2612\">Installasjonsmetode:<\/strong> Tr\u00e5dl\u00f8s og batteridrevet<\/p>\n<\/li>\n<li data-start=\"2641\" data-end=\"2668\">\n<p data-start=\"2643\" data-end=\"2668\"><strong data-start=\"2643\" data-end=\"2663\">Squawk-funksjon:<\/strong> Ja<\/p>\n<\/li>\n<li data-start=\"2669\" data-end=\"2703\">\n<p data-start=\"2671\" data-end=\"2703\"><strong data-start=\"2671\" data-end=\"2680\">Farge:<\/strong> Tilgjengelig i forskjellige farger<\/p>\n<\/li>\n<li data-start=\"2704\" data-end=\"2761\">\n<p data-start=\"2706\" data-end=\"2761\"><strong data-start=\"2706\" data-end=\"2738\">Leverand\u00f8rens artikkelnummer:<\/strong> RWS20A \/ RWS20A86800<\/p>\n<\/li>\n<\/ul>\n<p data-start=\"2763\" data-end=\"3016\">Risco 2-veis sirene RWS20A er den perfekte l\u00f8sningen for \u00e5 forbedre sikkerheten til eiendommen din.<\/p>\n<p data-start=\"2763\" data-end=\"3016\">Det kraftige lydsignalet og den tr\u00e5dl\u00f8se installasjonen gj\u00f8r den b\u00e5de effektiv og fleksibel, og gir ekstra beskyttelse mot innbrudd og andre sikkerhetstrusler.<\/p>","protected":false},"excerpt":{"rendered":"<p>Risco 2-veis sirene RWS20A er en batteridrevet tr\u00e5dl\u00f8s utend\u00f8rs sirene som tilbyr 105 dB lydeffekt og 2-veis radiokommunikasjon.<\/p>\n<p>Den er designet for \u00e5 utvide utend\u00f8rs signaleringsmuligheter, har en foralarmfunksjon og kan aktiveres i tilfelle h\u00e6rverk p\u00e5 systemet.<\/p>","protected":false},"featured_media":145682,"template":"","meta":{"_acf_changed":false},"product_brand":[],"product_cat":[2731,3190],"product_tag":[2266,2262,2420,3070],"class_list":{"0":"post-57485","1":"product","2":"type-product","3":"status-publish","4":"has-post-thumbnail","6":"product_cat-risco-larm","7":"product_cat-sirener-risco-larm","8":"product_tag-larmdon-blixtljus-blixtljus-i-samma-enhet","9":"product_tag-larmdon-siren-utomhus","10":"product_tag-rel-larmdonblixt","11":"product_tag-wicomm-pro-siren","12":"product_shipping_class-tunga-paket","13":"pa_brands-4risco","14":"pa_risco-produkter-agility-4","15":"pa_wicomm-pro-kategorier-sinerer","16":"tm-no-options","18":"first","19":"instock","20":"sale","21":"featured","22":"taxable","23":"shipping-taxable","24":"purchasable","25":"product-type-simple"},"acf":[],"_links":{"self":[{"href":"https:\/\/secureus.se\/no\/wp-json\/wp\/v2\/product\/57485","targetHints":{"allow":["GET"]}}],"collection":[{"href":"https:\/\/secureus.se\/no\/wp-json\/wp\/v2\/product"}],"about":[{"href":"https:\/\/secureus.se\/no\/wp-json\/wp\/v2\/types\/product"}],"wp:featuredmedia":[{"embeddable":true,"href":"https:\/\/secureus.se\/no\/wp-json\/wp\/v2\/media\/145682"}],"wp:attachment":[{"href":"https:\/\/secureus.se\/no\/wp-json\/wp\/v2\/media?parent=57485"}],"wp:term":[{"taxonomy":"product_brand","embeddable":true,"href":"https:\/\/secureus.se\/no\/wp-json\/wp\/v2\/product_brand?post=57485"},{"taxonomy":"product_cat","embeddable":true,"href":"https:\/\/secureus.se\/no\/wp-json\/wp\/v2\/product_cat?post=57485"},{"taxonomy":"product_tag","embeddable":true,"href":"https:\/\/secureus.se\/no\/wp-json\/wp\/v2\/product_tag?post=57485"}],"curies":[{"name":"wp","href":"https:\/\/api.w.org\/{rel}","templated":true}]}}