{"id":57486,"date":"2022-03-10T14:57:00","date_gmt":"2022-03-10T13:57:00","guid":{"rendered":"https:\/\/secureus.se\/produkt\/2-vags-tradlos-beyond-dual-tech-kband-detektor-med-kamera-inom-utomhus-agililty4-och-wicomm-pro\/"},"modified":"2025-10-03T12:50:19","modified_gmt":"2025-10-03T10:50:19","slug":"kameradetektor-beyond-utomhus","status":"publish","type":"product","link":"https:\/\/secureus.se\/no\/kameradetektor-beyond-utomhus\/","title":{"rendered":"Risco kameradetektor 2-veis tr\u00e5dl\u00f8s Beyond Dual-tech \u2013 utend\u00f8rs\/innend\u00f8rs"},"content":{"rendered":"<h1 data-start=\"379\" data-end=\"812\">Kameradetektor Beyond Outdoors<\/h1>\n<p data-start=\"379\" data-end=\"812\">RISCO Beyond utend\u00f8rs kameradetektor er designet for \u00e5 gi et h\u00f8yt sikkerhetsniv\u00e5 b\u00e5de innend\u00f8rs og utend\u00f8rs.<\/p>\n<p data-start=\"379\" data-end=\"812\">Den bruker dobbel utend\u00f8rs radiofrekvensteknologi og et WDR-kamera av h\u00f8y kvalitet for \u00e5 optimalisere bilde- og bevegelsesdeteksjon.<\/p>\n<p data-start=\"379\" data-end=\"812\">Detektoren har en dekning p\u00e5 12 meter med et synsfelt p\u00e5 90\u00ba, og er utstyrt med to separate PIR-sensorer og en 2-kanals K-b\u00e5nds mikrob\u00f8lgesensor for h\u00f8y n\u00f8yaktighet.<\/p>\n<p data-start=\"814\" data-end=\"1071\">Den har innebygd dyreimmunitet opptil 50 cm i h\u00f8yden og ormebeskyttelse for \u00e5 forhindre sabotasje. RISCOs Sway Recognition-teknologi kan gjenkjenne og ekskludere objekter som gjentatte ganger beveger seg eller svaier, noe som gj\u00f8r det mulig \u00e5 eliminere falske alarmer.<\/p>\n<p data-start=\"1073\" data-end=\"1290\">Med et oppladbart batteri drevet av solenergi forlenges batterilevetiden til 6 \u00e5r hvis et ekstra solcellepanel (valgfritt) installeres.<\/p>\n<p data-start=\"1073\" data-end=\"1290\">Ellers har detektoren en batterilevetid p\u00e5 3 \u00e5r med sine 3 x CR123 3V litiumbatterier.<\/p>\n<p data-start=\"1292\" data-end=\"1581\">Detektoren har et roterende kuleledd med 180\u00b0 rotasjon og en variabel monteringsh\u00f8yde fra 1,8 til 2,7 meter, med en optimal h\u00f8yde p\u00e5 2,2 meter for best ytelse.<\/p>\n<p data-start=\"1292\" data-end=\"1581\">Den t\u00e5ler temperaturer fra -25 til 65 \u00baC og har en IP65-beskyttelsesgrad, noe som gj\u00f8r den slitesterk under t\u00f8ffe utend\u00f8rsforhold.<\/p>\n<p data-start=\"1583\" data-end=\"1612\"><strong data-start=\"1583\" data-end=\"1612\">Tekniske spesifikasjoner:<\/strong><\/p>\n<ul data-start=\"1613\" data-end=\"2156\">\n<li data-start=\"1613\" data-end=\"1634\">\n<p data-start=\"1615\" data-end=\"1634\">Modell: RWX350DC800<\/p>\n<\/li>\n<li data-start=\"1635\" data-end=\"1664\">\n<p data-start=\"1637\" data-end=\"1664\">Dekning: 12 m, 90\u00ba synsfelt<\/p>\n<\/li>\n<li data-start=\"1665\" data-end=\"1715\">\n<p data-start=\"1667\" data-end=\"1715\">Teknologi: Dobbel PIR- og K-b\u00e5nds mikrob\u00f8lgesensor<\/p>\n<\/li>\n<li data-start=\"1716\" data-end=\"1754\">\n<p data-start=\"1718\" data-end=\"1754\">Dyreimmunitet: Opptil 50 cm i h\u00f8yden<\/p>\n<\/li>\n<li data-start=\"1755\" data-end=\"1814\">\n<p data-start=\"1757\" data-end=\"1814\">Svingningsgjenkjenning: Ja (for \u00e5 ekskludere svaiende objekter)<\/p>\n<\/li>\n<li data-start=\"1815\" data-end=\"1887\">\n<p data-start=\"1817\" data-end=\"1887\">Batteri: Solcelledrevet oppladbart + 3 x CR123 3V litiumbatterier<\/p>\n<\/li>\n<li data-start=\"1888\" data-end=\"1932\">\n<p data-start=\"1890\" data-end=\"1932\">Batterilevetid: 3 \u00e5r (6 \u00e5r med ekstra solcellepanel)<\/p>\n<\/li>\n<li data-start=\"1933\" data-end=\"1966\">\n<p data-start=\"1935\" data-end=\"1966\">Roterende kuleledd: 180\u00b0 rotasjon<\/p>\n<\/li>\n<li data-start=\"1967\" data-end=\"2023\">\n<p data-start=\"1969\" data-end=\"2023\">Montering: Variabel h\u00f8yde 1,8 til 2,7 m, optimal 2,2 m<\/p>\n<\/li>\n<li data-start=\"2024\" data-end=\"2058\">\n<p data-start=\"2026\" data-end=\"2058\">Arbeidstemperatur: -25 til 65 \u00baC<\/p>\n<\/li>\n<li data-start=\"2059\" data-end=\"2077\">\n<p data-start=\"2061\" data-end=\"2077\">Milj\u00f8beskyttelse: IP65<\/p>\n<\/li>\n<li data-start=\"2078\" data-end=\"2103\">\n<p data-start=\"2080\" data-end=\"2103\">M\u00e5l: 176 x 89 x 106 mm<\/p>\n<\/li>\n<li data-start=\"2104\" data-end=\"2156\">\n<p data-start=\"2106\" data-end=\"2156\">Kompatibilitet: Agility 5.14 og h\u00f8yere, WiComm Pro, Lightsys<\/p>\n<\/li>\n<\/ul>\n<p data-start=\"2158\" data-end=\"2263\"><strong data-start=\"2158\" data-end=\"2179\">Metatittel (SEO):<\/strong><\/p>\n<div class=\"youtube-embed-wrapper\" style=\"position: relative; padding-bottom: 56.25%; padding-top: 30px; height: 0; overflow: hidden;\"><iframe style=\"position: absolute; top: 0; left: 0; width: 100%; height: 100%;\" src=\"https:\/\/www.youtube.com\/embed\/oLOfbHq0Rf0?rel=0\" width=\"640\" height=\"360\" frameborder=\"0\" allowfullscreen=\"allowfullscreen\"><\/iframe><\/div>\n<p>&nbsp;<\/p>","protected":false},"excerpt":{"rendered":"<p>RISCO Kameradetektor Beyond Outdoor er en tr\u00e5dl\u00f8s detektor for b\u00e5de utend\u00f8rs og innend\u00f8rs bruk som tilbyr 12 m dekning og h\u00f8y sikkerhetsteknologi med WDR-kamera, 2-kanals K-b\u00e5nds mikrob\u00f8lgesensor og PIR-sensorer.<\/p>","protected":false},"featured_media":10974,"template":"","meta":{"_acf_changed":false},"product_brand":[],"product_cat":[2731,3191],"product_tag":[2376,2426],"class_list":{"0":"post-57486","1":"product","2":"type-product","3":"status-publish","4":"has-post-thumbnail","6":"product_cat-risco-larm","7":"product_cat-utomhusdetektorer","8":"product_tag-paket-bundle-ej-disc-rules","9":"product_tag-rel-risco","10":"product_shipping_class-postnord-varubrev","11":"pa_brands-risco-group","12":"pa_risco-produkter-agility-4","13":"pa_wicomm-pro-kategorier-kameradetektorer","14":"tm-no-options","16":"first","17":"instock","18":"sale","19":"featured","20":"taxable","21":"shipping-taxable","22":"purchasable","23":"product-type-simple"},"acf":[],"_links":{"self":[{"href":"https:\/\/secureus.se\/no\/wp-json\/wp\/v2\/product\/57486","targetHints":{"allow":["GET"]}}],"collection":[{"href":"https:\/\/secureus.se\/no\/wp-json\/wp\/v2\/product"}],"about":[{"href":"https:\/\/secureus.se\/no\/wp-json\/wp\/v2\/types\/product"}],"wp:featuredmedia":[{"embeddable":true,"href":"https:\/\/secureus.se\/no\/wp-json\/wp\/v2\/media\/10974"}],"wp:attachment":[{"href":"https:\/\/secureus.se\/no\/wp-json\/wp\/v2\/media?parent=57486"}],"wp:term":[{"taxonomy":"product_brand","embeddable":true,"href":"https:\/\/secureus.se\/no\/wp-json\/wp\/v2\/product_brand?post=57486"},{"taxonomy":"product_cat","embeddable":true,"href":"https:\/\/secureus.se\/no\/wp-json\/wp\/v2\/product_cat?post=57486"},{"taxonomy":"product_tag","embeddable":true,"href":"https:\/\/secureus.se\/no\/wp-json\/wp\/v2\/product_tag?post=57486"}],"curies":[{"name":"wp","href":"https:\/\/api.w.org\/{rel}","templated":true}]}}