{"id":57488,"date":"2022-03-10T14:57:00","date_gmt":"2022-03-10T13:57:00","guid":{"rendered":"https:\/\/secureus.se\/produkt\/magnetkontakt-rwx73f-med-multifunktion-agililty3-4-och-wicomm\/"},"modified":"2025-12-31T19:42:37","modified_gmt":"2025-12-31T18:42:37","slug":"risco-2-vags-magnetkontakt-med-no-nc-plint","status":"publish","type":"product","link":"https:\/\/secureus.se\/no\/risco-2-vags-magnetkontakt-med-no-nc-plint\/","title":{"rendered":"Risco 2-veis Magnetisk kontakt med NO\/NC terminal"},"content":{"rendered":"<h1>Risco 2-veis Magnetisk kontakt med NO\/NC terminal<\/h1>\n<p>Magnetisk kontakt RWX73F Agililty Wicomm Pro er en 2-veis multifunksjonssender ideell for tr\u00e5dl\u00f8s beskyttelse, for d\u00f8r\/vindu i hjem og sm\u00e5 bedrifter.<\/p>\n<p>RWX73F er en kostnadseffektiv sender som kombinerer en magnetisk \/ d\u00f8rkontakt med 2 separate kanaler for to separate innganger.<\/p>\n<p>Ved \u00e5 bruke to separate kanaler kan RWX73F betjene to separate applikasjoner; perimeterbeskyttelse for d\u00f8rer og vinduer n\u00e5r de er koblet til en enkelt kanal og en annen sensor for den andre kanalen.<\/p>\n<p>Hver kanal kan kobles til kablede magnetiske kontakter eller til andre detektorer som kan brukes til ulike kontroll- eller sikkerhetsapplikasjoner.<\/p>\n<p>Magnetisk kontakt RWX73F Agililty Wicomm Pro fungerer for beskyttelse for f.eks d\u00f8rer og vinduer, og motst\u00e5r alle fors\u00f8k p\u00e5 \u00e5 manipulere detektoren med eksterne magneter.<\/p>\n<p>RWX73F fungerer med RISCO Groups 2-veis tr\u00e5dl\u00f8se og hybridsystemer.<\/p>\n<p>Magnetisk kontakt RWX73F Agililty Wicomm Pro er enkel \u00e5 installere med en enkel brakett til vegginstallasjon og enkel \u00e5 programmere med RISCOs fjernkonfigurasjonsprogramvare.<\/p>\n<p id=\"tw-target-text\" class=\"tw-data-text tw-text-large tw-ta\" dir=\"ltr\" data-placeholder=\"Translation\" data-ved=\"2ahUKEwi6ot3F2L6DAxWBaqQEHbtQCksQ3ewLegQIARAQ\"><span style=\"text-decoration: underline\"><strong>Egenskaper:<\/strong><\/span><br \/>\nKommunikasjon: Toveis<br \/>\nFullt overv\u00e5ket<br \/>\nInnebygd magnetisk kontakt<br \/>\nSelektiv inngangsresponstid tilpasset kablede sensorer (rask for st\u00f8tsensorer, sakte for magnetiske brytere)<br \/>\nRekkevidde: opptil 1000 fot (300 m) rekkevidde (utend\u00f8rs)<br \/>\nSelektiv inngangsterminering (NO, NC, DEOL) for universell kontrollfunksjon<br \/>\nSikkerhetsbeskyttelse for rygg og lokk<br \/>\nSikkerhetsbeskyttelse mot sabotasje<br \/>\nTo kanaler gjenkjent som separate soner i systemet med selektiv funksjonalitet (universell eller lukkerbeskyttelse)<br \/>\nFor \u00e5 forlenge batterilevetiden kan du sende hendelser en gang hvert 2,5 minutt<br \/>\nKompatibel med RISCO tr\u00e5dl\u00f8se og hybridsystemer<\/p>\n<p><strong>Magnetisk kontakt RWX73F Agililty Wicomm Pro Multifunksjon leverand\u00f8r delenummer<\/strong>: <span class=\"sku_wrapper\"><span class=\"sku\">RWX73M86800D<\/span><\/span><\/p>\n<h4>L\u00e6r mer om WiComm Pro og disse egenskapene!<\/h4>\n<p><a href=\"https:\/\/www.riscogroup.com\/products\/product\/52708\" target=\"_blank\" rel=\"noopener\">Her kan du lese mer om WiCom Pro p\u00e5 Risco Groups nettsider\u00a0<\/a><\/p>\n<p><iframe title=\"Wicomm Smart Hub US\" width=\"1170\" height=\"658\" src=\"https:\/\/www.youtube.com\/embed\/5PHoH2dRjEs?feature=oembed\" frameborder=\"0\" allow=\"accelerometer; autoplay; clipboard-write; encrypted-media; gyroscope; picture-in-picture; web-share\" referrerpolicy=\"strict-origin-when-cross-origin\" allowfullscreen><\/iframe><\/p>","protected":false},"excerpt":{"rendered":"<p>Risco 2-veis magnetkontakt RWX73F for Agility og WiComm Pro er en multifunksjonssender som tilbyr tr\u00e5dl\u00f8s beskyttelse for d\u00f8rer og vinduer.<\/p>\n<p>Med to separate kanaler for ulike bruksomr\u00e5der, tilbyr denne magnetiske kontakten fleksibilitet og sikkerhet for b\u00e5de hjem og sm\u00e5 bedrifter. Enkel installasjon og kompatibilitet med Risco tr\u00e5dl\u00f8se og hybride systemer.<\/p>","protected":false},"featured_media":145404,"template":"","meta":{"_acf_changed":false},"product_brand":[],"product_cat":[2731,3188,1324],"product_tag":[2426],"class_list":{"0":"post-57488","1":"product","2":"type-product","3":"status-publish","4":"has-post-thumbnail","6":"product_cat-risco-larm","7":"product_cat-larmenheter-risco-larm","8":"product_cat-outlet","9":"product_tag-rel-risco","10":"product_shipping_class-postnord-varubrev","11":"pa_brands-4risco","12":"pa_risco-produkter-agility-3","13":"pa_risco-produkter-agility-4","14":"pa_wicomm-pro-kategorier-magnetkontakter","15":"tm-no-options","17":"first","18":"instock","19":"sale","20":"featured","21":"taxable","22":"shipping-taxable","23":"purchasable","24":"product-type-simple"},"acf":[],"_links":{"self":[{"href":"https:\/\/secureus.se\/no\/wp-json\/wp\/v2\/product\/57488","targetHints":{"allow":["GET"]}}],"collection":[{"href":"https:\/\/secureus.se\/no\/wp-json\/wp\/v2\/product"}],"about":[{"href":"https:\/\/secureus.se\/no\/wp-json\/wp\/v2\/types\/product"}],"wp:featuredmedia":[{"embeddable":true,"href":"https:\/\/secureus.se\/no\/wp-json\/wp\/v2\/media\/145404"}],"wp:attachment":[{"href":"https:\/\/secureus.se\/no\/wp-json\/wp\/v2\/media?parent=57488"}],"wp:term":[{"taxonomy":"product_brand","embeddable":true,"href":"https:\/\/secureus.se\/no\/wp-json\/wp\/v2\/product_brand?post=57488"},{"taxonomy":"product_cat","embeddable":true,"href":"https:\/\/secureus.se\/no\/wp-json\/wp\/v2\/product_cat?post=57488"},{"taxonomy":"product_tag","embeddable":true,"href":"https:\/\/secureus.se\/no\/wp-json\/wp\/v2\/product_tag?post=57488"}],"curies":[{"name":"wp","href":"https:\/\/api.w.org\/{rel}","templated":true}]}}