{"id":57489,"date":"2022-03-10T14:57:00","date_gmt":"2022-03-10T13:57:00","guid":{"rendered":"https:\/\/secureus.se\/produkt\/larmknapp-armband-t51p-vattentat-och-levereras-med-armband-halsband\/"},"modified":"2025-12-31T19:37:05","modified_gmt":"2025-12-31T18:37:05","slug":"risco-nodknapp-t51p-endast-till-risco-system","status":"publish","type":"product","link":"https:\/\/secureus.se\/no\/risco-nodknapp-t51p-endast-till-risco-system\/","title":{"rendered":"Risco n\u00f8dknapp T51P kun for Risco System"},"content":{"rendered":"<h1>Risco n\u00f8dknapp T51P kun for Risco System<\/h1>\n<p data-start=\"386\" data-end=\"721\">Risco n\u00f8dknapp T51P (mod. RWT51P80000) er en praktisk og p\u00e5litelig tr\u00e5dl\u00f8s alarmknapp designet for bruk med Risco Agility\u2122- og Wisdom-systemene.<\/p>\n<p data-start=\"386\" data-end=\"721\">Den er perfekt for \u00e5 aktivere n\u00f8d- eller sikkerhetsalarmer med et enkelt trykk, noe som gj\u00f8r den ideell for brukere som \u00f8nsker en rask og enkel metode for \u00e5 be om hjelp.<\/p>\n<p data-start=\"723\" data-end=\"1001\">Knappen er vanntett med en IP67-klassifisering, noe som gj\u00f8r den slitesterk og trygg \u00e5 bruke selv i fuktige eller utend\u00f8rs milj\u00f8er.<\/p>\n<p data-start=\"723\" data-end=\"1001\">Den leveres med b\u00e5de armb\u00e5nd og halskjede, noe som gir brukeren friheten til \u00e5 bruke den p\u00e5 den m\u00e5ten som passer dem best \u2013 rundt h\u00e5ndleddet eller halsen.<\/p>\n<p data-start=\"1003\" data-end=\"1374\">Med kontinuerlig batterispenningsoverv\u00e5king og lang batterilevetid p\u00e5 opptil 3 \u00e5r (takket v\u00e6re det medf\u00f8lgende CR2430 litiumbatteriet), er T51P en p\u00e5litelig l\u00f8sning for n\u00f8dsituasjoner.<\/p>\n<p data-start=\"1003\" data-end=\"1374\">N\u00e5r knappen trykkes inn, sender den et signal til kontrollpanelet om \u00e5 aktivere et n\u00f8danrop eller en annen handling, noe som gj\u00f8r den b\u00e5de effektiv og enkel \u00e5 bruke n\u00e5r det er n\u00f8dvendig.<\/p>\n<p data-start=\"1376\" data-end=\"1406\"><strong data-start=\"1376\" data-end=\"1404\">Hovedfunksjoner:<\/strong><\/p>\n<ul data-start=\"1407\" data-end=\"2036\">\n<li data-start=\"1407\" data-end=\"1473\">\n<p data-start=\"1409\" data-end=\"1473\"><strong data-start=\"1409\" data-end=\"1433\">Enkelttrykksfunksjon:<\/strong> Aktiver n\u00f8dalarmen med et enkelt trykk<\/p>\n<\/li>\n<li data-start=\"1474\" data-end=\"1537\">\n<p data-start=\"1476\" data-end=\"1537\"><strong data-start=\"1476\" data-end=\"1492\">Vannbestandig:<\/strong> IP67-klassifisert for bruk i alle milj\u00f8er<\/p>\n<\/li>\n<li data-start=\"1538\" data-end=\"1619\">\n<p data-start=\"1540\" data-end=\"1619\"><strong data-start=\"1540\" data-end=\"1566\">Lang batterilevetid:<\/strong> Opptil 3 \u00e5rs bruk med CR2430 litiumbatteri<\/p>\n<\/li>\n<li data-start=\"1620\" data-end=\"1701\">\n<p data-start=\"1622\" data-end=\"1701\"><strong data-start=\"1622\" data-end=\"1634\">Tr\u00e5dl\u00f8s:<\/strong> Enkel installasjon og bruk med Agility\u2122- og Wisdom-systemer<\/p>\n<\/li>\n<li data-start=\"1702\" data-end=\"1787\">\n<p data-start=\"1704\" data-end=\"1787\"><strong data-start=\"1704\" data-end=\"1743\">Leveres med armb\u00e5nd og halskjede:<\/strong> Fleksibilitet til \u00e5 bruke knappen slik du vil<\/p>\n<\/li>\n<li data-start=\"1788\" data-end=\"1877\">\n<p data-start=\"1790\" data-end=\"1877\"><strong data-start=\"1790\" data-end=\"1826\">Kontinuerlig batterioverv\u00e5king:<\/strong> Holder oversikt over batteristatusen og varsler om utskifting<\/p>\n<\/li>\n<li data-start=\"1878\" data-end=\"1944\">\n<p data-start=\"1880\" data-end=\"1944\"><strong data-start=\"1880\" data-end=\"1899\">Kompatibilitet:<\/strong> Fungerer med alle Risco Group radiosystemer<\/p>\n<\/li>\n<li data-start=\"1945\" data-end=\"2036\">\n<p data-start=\"1947\" data-end=\"2036\"><strong data-start=\"1947\" data-end=\"1964\">Soneinndeling:<\/strong> Kan tilordnes en spesifikk sone p\u00e5 kontrollpanelet for bedre administrasjon<\/p>\n<\/li>\n<\/ul>\n<p data-start=\"2038\" data-end=\"2069\"><strong data-start=\"2038\" data-end=\"2067\">Tekniske spesifikasjoner:<\/strong><\/p>\n<ul data-start=\"2070\" data-end=\"2417\">\n<li data-start=\"2070\" data-end=\"2095\">\n<p data-start=\"2072\" data-end=\"2095\"><strong data-start=\"2072\" data-end=\"2085\">Hyppighet:<\/strong> 868 MHz<\/p>\n<\/li>\n<li data-start=\"2096\" data-end=\"2162\">\n<p data-start=\"2098\" data-end=\"2162\"><strong data-start=\"2098\" data-end=\"2110\">Batteri:<\/strong> CR2430 litiumbatteri (inkludert), maks 3 \u00e5rs levetid<\/p>\n<\/li>\n<li data-start=\"2163\" data-end=\"2196\">\n<p data-start=\"2165\" data-end=\"2196\"><strong data-start=\"2165\" data-end=\"2181\">Vannbestandig:<\/strong> IP67-klassifisert<\/p>\n<\/li>\n<li data-start=\"2197\" data-end=\"2236\">\n<p data-start=\"2199\" data-end=\"2236\"><strong data-start=\"2199\" data-end=\"2208\">M\u00e5le:<\/strong> Kompakt og enkel \u00e5 b\u00e6re<\/p>\n<\/li>\n<li data-start=\"2237\" data-end=\"2285\">\n<p data-start=\"2239\" data-end=\"2285\"><strong data-start=\"2239\" data-end=\"2271\">Leverand\u00f8rens artikkelnummer:<\/strong> RWT51P80000<\/p>\n<\/li>\n<li data-start=\"2286\" data-end=\"2338\">\n<p data-start=\"2288\" data-end=\"2338\"><strong data-start=\"2288\" data-end=\"2307\">Kompatibilitet:<\/strong> Agility\u2122- og Wisdom-systemer<\/p>\n<\/li>\n<li data-start=\"2339\" data-end=\"2417\">\n<p data-start=\"2341\" data-end=\"2417\"><strong data-start=\"2341\" data-end=\"2356\">Forbindelse:<\/strong> Tr\u00e5dl\u00f8s, enkel \u00e5 tilordne til en sone p\u00e5 kontrollpanelet<\/p>\n<\/li>\n<\/ul>\n<p data-start=\"2419\" data-end=\"2612\">Risco n\u00f8dknapp T51P tilbyr en effektiv og fleksibel l\u00f8sning for rask og enkel aktivering av n\u00f8d- eller sikkerhetsalarmer, noe som gir brukerne trygghet og ro i sinnet i kritiske situasjoner.<\/p>","protected":false},"excerpt":{"rendered":"<p>Risco n\u00f8dknapp T51P er en tr\u00e5dl\u00f8s alarmknapp for Agility\u2122- og Wisdom-systemer.<\/p>\n<p>Den aktiverer n\u00f8dalarmer med et enkelt trykk og leveres med armb\u00e5nd og halskjede.<\/p>\n<p>Vannbestandig (IP67) og har en batterilevetid p\u00e5 opptil 3 \u00e5r.<\/p>","protected":false},"featured_media":145466,"template":"","meta":{"_acf_changed":false},"product_brand":[],"product_cat":[2731,4881],"product_tag":[],"class_list":{"0":"post-57489","1":"product","2":"type-product","3":"status-publish","4":"has-post-thumbnail","6":"product_cat-risco-larm","7":"product_cat-overfallslarm-fjarrkontroll","8":"product_shipping_class-postnord-varubrev","9":"pa_brands-4risco","10":"pa_risco-produkter-agility-2","11":"pa_risco-produkter-agility-3","12":"pa_risco-produkter-agility-4","13":"tm-no-options","15":"first","16":"instock","17":"sale","18":"featured","19":"taxable","20":"shipping-taxable","21":"purchasable","22":"product-type-simple"},"acf":[],"_links":{"self":[{"href":"https:\/\/secureus.se\/no\/wp-json\/wp\/v2\/product\/57489","targetHints":{"allow":["GET"]}}],"collection":[{"href":"https:\/\/secureus.se\/no\/wp-json\/wp\/v2\/product"}],"about":[{"href":"https:\/\/secureus.se\/no\/wp-json\/wp\/v2\/types\/product"}],"wp:featuredmedia":[{"embeddable":true,"href":"https:\/\/secureus.se\/no\/wp-json\/wp\/v2\/media\/145466"}],"wp:attachment":[{"href":"https:\/\/secureus.se\/no\/wp-json\/wp\/v2\/media?parent=57489"}],"wp:term":[{"taxonomy":"product_brand","embeddable":true,"href":"https:\/\/secureus.se\/no\/wp-json\/wp\/v2\/product_brand?post=57489"},{"taxonomy":"product_cat","embeddable":true,"href":"https:\/\/secureus.se\/no\/wp-json\/wp\/v2\/product_cat?post=57489"},{"taxonomy":"product_tag","embeddable":true,"href":"https:\/\/secureus.se\/no\/wp-json\/wp\/v2\/product_tag?post=57489"}],"curies":[{"name":"wp","href":"https:\/\/api.w.org\/{rel}","templated":true}]}}