{"id":57493,"date":"2022-03-10T14:57:00","date_gmt":"2022-03-10T13:57:00","guid":{"rendered":"https:\/\/secureus.se\/produkt\/2-vags-tradlos-rok-temperatur-detektor-agililty3-4-och-wicomm-pro\/"},"modified":"2025-12-31T19:35:02","modified_gmt":"2025-12-31T18:35:02","slug":"risco-rok-varmedetektor-2-vags","status":"publish","type":"product","link":"https:\/\/secureus.se\/no\/risco-rok-varmedetektor-2-vags\/","title":{"rendered":"Risco r\u00f8yk- og varmedetektor 2-veis"},"content":{"rendered":"<h1>Risco r\u00f8yk- og varmedetektor 2-veis<\/h1>\n<p data-start=\"468\" data-end=\"829\">Risco 2-veis r\u00f8yk- og varmedetektor RWX35S00800C er en innovativ og effektiv l\u00f8sning for branndeteksjon, designet for \u00e5 passe i alle typer milj\u00f8er \u2013 fra boliger til kommersielle lokaler.<\/p>\n<p data-start=\"468\" data-end=\"829\">Denne detektoren kombinerer b\u00e5de r\u00f8yk- og varmedeteksjon i \u00e9n enhet, noe som gj\u00f8r den til et utmerket valg for \u00e5 sikre optimal sikkerhet og brannoverv\u00e5king.<\/p>\n<p data-start=\"831\" data-end=\"1154\"><strong data-start=\"831\" data-end=\"849\">R\u00f8ykdeteksjon<\/strong><br data-start=\"849\" data-end=\"852\" \/>Risco RWX35 bruker et nytt avansert fotoelektrisk kammer og en utviklet deteksjonsalgoritme som oppfyller EN14604-standarden for r\u00f8ykdeteksjon.<\/p>\n<p data-start=\"831\" data-end=\"1154\">Denne teknologien gj\u00f8r det mulig \u00e5 raskt og effektivt oppdage r\u00f8yk i tilfelle brann, noe som gir brukerne verdifull tid til \u00e5 handle og beskytte seg selv.<\/p>\n<p data-start=\"1156\" data-end=\"1468\"><strong data-start=\"1156\" data-end=\"1176\">Varmedeteksjon<\/strong><br data-start=\"1176\" data-end=\"1179\" \/>Detektoren overv\u00e5ker temperaturen med fire separate varmesensorer som m\u00e5ler b\u00e5de stigningshastighet og absolutt temperatur.<\/p>\n<p data-start=\"1156\" data-end=\"1468\">Denne doble metoden for temperaturoverv\u00e5king lar detektoren reagere p\u00e5 en potensiell brann raskere og mer n\u00f8yaktig, noe som forbedrer sikkerheten ytterligere.<\/p>\n<p data-start=\"1470\" data-end=\"2006\"><strong data-start=\"1470\" data-end=\"1507\">Enkel installasjon og bruk<\/strong><br data-start=\"1507\" data-end=\"1510\" \/>Designet til RWX35 gj\u00f8r installasjonen rask og enkel. Den er kompatibel med alle RISCO Groups hybrid- og tr\u00e5dl\u00f8se systemer, inkludert Agility3, Agility4 og WiComm Pro, og bruker toveiskommunikasjon for \u00e5 sikre kontinuerlig og p\u00e5litelig overv\u00e5king.<\/p>\n<p data-start=\"1470\" data-end=\"2006\">For \u00e5 sikre at detektoren fungerer som den skal, kan brukerne ganske enkelt trykke p\u00e5 trykkplaten for \u00e5 aktivere brannalarmen og bekrefte at systemet fungerer som det skal. For \u00e5 tilbakestille, trykk p\u00e5 knappen for \u00e5 sl\u00e5 av alarmen.<\/p>\n<p data-start=\"2008\" data-end=\"2038\"><strong data-start=\"2008\" data-end=\"2036\">Hovedfunksjoner:<\/strong><\/p>\n<ul data-start=\"2039\" data-end=\"2536\">\n<li data-start=\"2039\" data-end=\"2117\">\n<p data-start=\"2041\" data-end=\"2117\">R\u00f8ykdeteksjon: Fotoelektrisk kammer og avansert deteksjonsalgoritme<\/p>\n<\/li>\n<li data-start=\"2118\" data-end=\"2224\">\n<p data-start=\"2120\" data-end=\"2224\">Varmedeteksjon: Fire separate varmesensorer for \u00e5 m\u00e5le temperatur\u00f8kning og absolutt temperatur<\/p>\n<\/li>\n<li data-start=\"2225\" data-end=\"2320\">\n<p data-start=\"2227\" data-end=\"2320\">Enkel testing: Trykk p\u00e5 knappen for \u00e5 aktivere brannalarmen og sikre riktig drift<\/p>\n<\/li>\n<li data-start=\"2321\" data-end=\"2404\">\n<p data-start=\"2323\" data-end=\"2404\">Tr\u00e5dl\u00f8s 2-veis kommunikasjon: Kompatibel med Agility3, Agility4, WiComm Pro<\/p>\n<\/li>\n<li data-start=\"2405\" data-end=\"2473\">\n<p data-start=\"2407\" data-end=\"2473\">Lang batterilevetid: Drevet av 4 x CR123 3V litiumbatterier<\/p>\n<\/li>\n<li data-start=\"2474\" data-end=\"2536\">\n<p data-start=\"2476\" data-end=\"2536\">Elegant design: Passer godt inn i ethvert hjem<\/p>\n<\/li>\n<\/ul>\n<p data-start=\"2538\" data-end=\"2569\"><strong data-start=\"2538\" data-end=\"2567\">Tekniske spesifikasjoner:<\/strong><\/p>\n<ul data-start=\"2570\" data-end=\"2952\">\n<li data-start=\"2570\" data-end=\"2595\">\n<p data-start=\"2572\" data-end=\"2595\">Frekvens: 868 MHz<\/p>\n<\/li>\n<li data-start=\"2596\" data-end=\"2656\">\n<p data-start=\"2598\" data-end=\"2656\">Batteritype: 4 x CR123 3V litiumbatterier (inkludert)<\/p>\n<\/li>\n<li data-start=\"2657\" data-end=\"2711\">\n<p data-start=\"2659\" data-end=\"2711\">Kompatibilitet: Agility3, Agility4, WiComm Pro<\/p>\n<\/li>\n<li data-start=\"2712\" data-end=\"2779\">\n<p data-start=\"2714\" data-end=\"2779\">R\u00f8ykdeteksjon: Oppfyller EN14604 med fotoelektrisk kammer<\/p>\n<\/li>\n<li data-start=\"2780\" data-end=\"2838\">\n<p data-start=\"2782\" data-end=\"2838\">Temperaturoverv\u00e5king: Fire separate varmesensorer<\/p>\n<\/li>\n<li data-start=\"2839\" data-end=\"2902\">\n<p data-start=\"2841\" data-end=\"2902\">Dimensjoner: Kompakt og diskret design for enkel installasjon<\/p>\n<\/li>\n<li data-start=\"2903\" data-end=\"2952\">\n<p data-start=\"2905\" data-end=\"2952\">Leverand\u00f8rens delenummer: RWX35S00800C<\/p>\n<\/li>\n<\/ul>\n<p data-start=\"2954\" data-end=\"3255\">Risco 2-veis r\u00f8yk- og varmedetektor tilbyr en p\u00e5litelig og effektiv l\u00f8sning for \u00e5 oppdage b\u00e5de r\u00f8yk og varme i ett system.<\/p>\n<p data-start=\"2954\" data-end=\"3255\">Med enkel installasjon og bruk, samt h\u00f8y sikkerhet og lang batterilevetid, er denne detektoren en utmerket komponent for \u00e5 beskytte hjemmet eller bedriften din mot brann.<\/p>","protected":false},"excerpt":{"rendered":"<p>Risco 2-veis r\u00f8yk- og varmedetektor RWX35S00800C kombinerer r\u00f8yk- og varmedeteksjon i \u00e9n enhet, med avansert fotoelektrisk teknologi og temperaturoverv\u00e5king.<\/p>\n<p>Den er designet for \u00e5 passe inn i ethvert milj\u00f8, og tilbyr h\u00f8y sikkerhet med enkel installasjon og integrering i RISCOs tr\u00e5dl\u00f8se systemer.<\/p>","protected":false},"featured_media":145270,"template":"","meta":{"_acf_changed":false},"product_brand":[],"product_cat":[3188,2731],"product_tag":[3152],"class_list":{"0":"post-57493","1":"product","2":"type-product","3":"status-publish","4":"has-post-thumbnail","6":"product_cat-larmenheter-risco-larm","7":"product_cat-risco-larm","8":"product_tag-cr123-tillbehor","9":"product_shipping_class-postnord-varubrev","10":"pa_brands-4risco","11":"pa_risco-produkter-agility-3","12":"pa_risco-produkter-agility-4","13":"pa_wicomm-pro-kategorier-rokdetektorer","14":"tm-no-options","16":"first","17":"instock","18":"sale","19":"featured","20":"taxable","21":"shipping-taxable","22":"purchasable","23":"product-type-simple"},"acf":[],"_links":{"self":[{"href":"https:\/\/secureus.se\/no\/wp-json\/wp\/v2\/product\/57493","targetHints":{"allow":["GET"]}}],"collection":[{"href":"https:\/\/secureus.se\/no\/wp-json\/wp\/v2\/product"}],"about":[{"href":"https:\/\/secureus.se\/no\/wp-json\/wp\/v2\/types\/product"}],"wp:featuredmedia":[{"embeddable":true,"href":"https:\/\/secureus.se\/no\/wp-json\/wp\/v2\/media\/145270"}],"wp:attachment":[{"href":"https:\/\/secureus.se\/no\/wp-json\/wp\/v2\/media?parent=57493"}],"wp:term":[{"taxonomy":"product_brand","embeddable":true,"href":"https:\/\/secureus.se\/no\/wp-json\/wp\/v2\/product_brand?post=57493"},{"taxonomy":"product_cat","embeddable":true,"href":"https:\/\/secureus.se\/no\/wp-json\/wp\/v2\/product_cat?post=57493"},{"taxonomy":"product_tag","embeddable":true,"href":"https:\/\/secureus.se\/no\/wp-json\/wp\/v2\/product_tag?post=57493"}],"curies":[{"name":"wp","href":"https:\/\/api.w.org\/{rel}","templated":true}]}}