{"id":57495,"date":"2022-03-10T14:57:00","date_gmt":"2022-03-10T13:57:00","guid":{"rendered":"https:\/\/secureus.se\/produkt\/rorelsesensor-t95-digital-ir-15-x-15-meter\/"},"modified":"2025-12-31T19:41:31","modified_gmt":"2025-12-31T18:41:31","slug":"risco-2-vags-rorelsevakt-pir-rorelsedetektor-t95","status":"publish","type":"product","link":"https:\/\/secureus.se\/no\/risco-2-vags-rorelsevakt-pir-rorelsedetektor-t95\/","title":{"rendered":"Risco 2-veis Bevegelsesmonitor - PIR Bevegelsesdetektor T95"},"content":{"rendered":"<h1>Risco 2-veis Bevegelsesmonitor - PIR Bevegelsesdetektor T95<\/h1>\n<p data-start=\"486\" data-end=\"883\">Risco 2-veis bevegelsessensor PIR-bevegelsesdetektor Tp95 (mod. RWX95086800) er en tr\u00e5dl\u00f8s passiv infrar\u00f8d bevegelsesdetektor som tilbyr en p\u00e5litelig l\u00f8sning for sikkerhetssystemer der h\u00f8y ytelse og enkel installasjon er viktig.<\/p>\n<p data-start=\"486\" data-end=\"883\">Med en rekkevidde p\u00e5 opptil 15\u00d715 meter og en monteringsh\u00f8yde p\u00e5 mellom 2,2 og 2,5 meter, er denne detektoren egnet for b\u00e5de bolig- og kommersielle sikkerhetsinstallasjoner.<\/p>\n<p data-start=\"885\" data-end=\"1131\">Detektoren er designet for \u00e5 enkelt monteres i et hj\u00f8rne eller flatt p\u00e5 en vegg uten behov for ekstra tilbeh\u00f8r, noe som gj\u00f8r installasjonen rask og enkel.<\/p>\n<p data-start=\"885\" data-end=\"1131\">Den bruker et 3V litiumbatteri med lang levetid (inkludert) for \u00e5 sikre langvarig drift.<\/p>\n<p data-start=\"1133\" data-end=\"1483\">En av de mest fremtredende funksjonene til Tp95 er sensorbeskyttelsen, som forhindrer falske alarmer for\u00e5rsaket av insekter.<\/p>\n<p data-start=\"1133\" data-end=\"1483\">Det pigmenterte vidvinkelobjektivet beskytter mot hvitt lys og minimerer risikoen for falske alarmer for\u00e5rsaket av sterkt omgivelseslys.<\/p>\n<p data-start=\"1133\" data-end=\"1483\">Dette gj\u00f8r den til en ideell l\u00f8sning for installasjoner i milj\u00f8er der slik interferens kan forekomme.<\/p>\n<p data-start=\"1485\" data-end=\"1728\">For ekstra sikkerhet er Tp95 utstyrt med sabotasjebeskyttelse, som betyr at hvis detektoren fors\u00f8kes \u00e5 fjernes fra veggen, vil den umiddelbart utl\u00f8se en alarm.<\/p>\n<p data-start=\"1485\" data-end=\"1728\">Dette gj\u00f8r systemet sv\u00e6rt motstandsdyktig mot manipulasjon og inntrenging.<\/p>\n<p data-start=\"1730\" data-end=\"1988\">Risco 2-veis bevegelsessensor PIR-bevegelsesdetektor Tp95 bruker toveis radio, som muliggj\u00f8r tr\u00e5dl\u00f8s kommunikasjon med sikkerhetssystemet.<\/p>\n<p data-start=\"1730\" data-end=\"1988\">Den har ogs\u00e5 digital signalbehandling og ekte temperaturkompensasjon, noe som forbedrer ytelsen og n\u00f8yaktigheten.<\/p>\n<p data-start=\"1990\" data-end=\"2020\"><strong data-start=\"1990\" data-end=\"2018\">Hovedfunksjoner:<\/strong><\/p>\n<ul data-start=\"2021\" data-end=\"2601\">\n<li data-start=\"2021\" data-end=\"2050\">\n<p data-start=\"2023\" data-end=\"2050\"><strong data-start=\"2023\" data-end=\"2036\">Omfang:<\/strong> 15\u00d715 meter<\/p>\n<\/li>\n<li data-start=\"2051\" data-end=\"2093\">\n<p data-start=\"2053\" data-end=\"2093\"><strong data-start=\"2053\" data-end=\"2072\">Monteringsh\u00f8yde:<\/strong> 2,2 til 2,5 meter<\/p>\n<\/li>\n<li data-start=\"2094\" data-end=\"2170\">\n<p data-start=\"2096\" data-end=\"2170\"><strong data-start=\"2096\" data-end=\"2116\">Lang batterilevetid:<\/strong> Drevet av et langvarig 3V litiumbatteri (inkludert)<\/p>\n<\/li>\n<li data-start=\"2171\" data-end=\"2233\">\n<p data-start=\"2173\" data-end=\"2233\"><strong data-start=\"2173\" data-end=\"2189\">Sensorbeskyttelse:<\/strong> Forhindrer falske alarmer for\u00e5rsaket av insekter<\/p>\n<\/li>\n<li data-start=\"2234\" data-end=\"2318\">\n<p data-start=\"2236\" data-end=\"2318\"><strong data-start=\"2236\" data-end=\"2266\">Pigmentert vidvinkelobjektiv:<\/strong> Beskytter mot hvitt lys for \u00e5 forhindre falske alarmer<\/p>\n<\/li>\n<li data-start=\"2319\" data-end=\"2375\">\n<p data-start=\"2321\" data-end=\"2375\"><strong data-start=\"2321\" data-end=\"2339\">Sabotasjebeskyttelse:<\/strong> Beskyttelse mot fjerning fra veggen<\/p>\n<\/li>\n<li data-start=\"2376\" data-end=\"2458\">\n<p data-start=\"2378\" data-end=\"2458\"><strong data-start=\"2378\" data-end=\"2399\">Digital detektor:<\/strong> Med ekte temperaturkompensasjon for h\u00f8yere n\u00f8yaktighet<\/p>\n<\/li>\n<li data-start=\"2459\" data-end=\"2532\">\n<p data-start=\"2461\" data-end=\"2532\"><strong data-start=\"2461\" data-end=\"2487\">Tr\u00e5dl\u00f8s kommunikasjon:<\/strong> Toveisradio for p\u00e5litelig signaloverf\u00f8ring<\/p>\n<\/li>\n<li data-start=\"2533\" data-end=\"2601\">\n<p data-start=\"2535\" data-end=\"2601\"><strong data-start=\"2535\" data-end=\"2561\">Fleksibel installasjon:<\/strong> Kan monteres i et hj\u00f8rne eller flatt p\u00e5 veggen<\/p>\n<\/li>\n<\/ul>\n<p data-start=\"2603\" data-end=\"2634\"><strong data-start=\"2603\" data-end=\"2632\">Tekniske spesifikasjoner:<\/strong><\/p>\n<ul data-start=\"2635\" data-end=\"3108\">\n<li data-start=\"2635\" data-end=\"2660\">\n<p data-start=\"2637\" data-end=\"2660\"><strong data-start=\"2637\" data-end=\"2650\">Hyppighet:<\/strong> 868 MHz<\/p>\n<\/li>\n<li data-start=\"2661\" data-end=\"2705\">\n<p data-start=\"2663\" data-end=\"2705\"><strong data-start=\"2663\" data-end=\"2676\">Omfang:<\/strong> 15\u00d715 meter (PIR-detektor)<\/p>\n<\/li>\n<li data-start=\"2706\" data-end=\"2748\">\n<p data-start=\"2708\" data-end=\"2748\"><strong data-start=\"2708\" data-end=\"2727\">Monteringsh\u00f8yde:<\/strong> 2,2 til 2,5 meter<\/p>\n<\/li>\n<li data-start=\"2749\" data-end=\"2803\">\n<p data-start=\"2751\" data-end=\"2803\"><strong data-start=\"2751\" data-end=\"2772\">Str\u00f8mforsyning:<\/strong> 3V litiumbatteri (inkludert)<\/p>\n<\/li>\n<li data-start=\"2804\" data-end=\"2885\">\n<p data-start=\"2806\" data-end=\"2885\"><strong data-start=\"2806\" data-end=\"2816\">Beskyttelse:<\/strong> Sensorbeskyttelse mot insekter, pigmentert linse for beskyttelse mot hvitt lys<\/p>\n<\/li>\n<li data-start=\"2886\" data-end=\"2932\">\n<p data-start=\"2888\" data-end=\"2932\"><strong data-start=\"2888\" data-end=\"2906\">Sabotasjebeskyttelse:<\/strong> Forhindrer manipulasjon<\/p>\n<\/li>\n<li data-start=\"2933\" data-end=\"2993\">\n<p data-start=\"2935\" data-end=\"2993\"><strong data-start=\"2935\" data-end=\"2962\">Temperaturkompensasjon:<\/strong> Ja, digital signalbehandling<\/p>\n<\/li>\n<li data-start=\"2994\" data-end=\"3061\">\n<p data-start=\"2996\" data-end=\"3061\"><strong data-start=\"2996\" data-end=\"3018\">Installasjonskrav:<\/strong> Enkel \u00e5 installere uten ekstra tilbeh\u00f8r<\/p>\n<\/li>\n<li data-start=\"3062\" data-end=\"3108\">\n<p data-start=\"3064\" data-end=\"3108\"><strong data-start=\"3064\" data-end=\"3096\">Leverand\u00f8rens artikkelnummer:<\/strong> RWX95086800<\/p>\n<\/li>\n<\/ul>\n<p data-start=\"3110\" data-end=\"3375\">Risco 2-veis bevegelsessensor PIR-bevegelsesdetektor Tp95 tilbyr en sikkerhetsl\u00f8sning med h\u00f8y ytelse med lang batterilevetid og robust beskyttelse mot falske alarmer og sabotasje.<\/p>\n<p data-start=\"3110\" data-end=\"3375\">Den er perfekt for b\u00e5de hjem og bedrifter som trenger et p\u00e5litelig og fleksibelt sikkerhetssystem.<\/p>","protected":false},"excerpt":{"rendered":"<p>Risco 2-veis bevegelsessensor PIR-bevegelsesdetektor Tp95 er en digital tr\u00e5dl\u00f8s passiv IR-detektor med en rekkevidde p\u00e5 opptil 15\u00d715 meter.<\/p>\n<p>Den er enkel \u00e5 installere i hj\u00f8rner eller p\u00e5 vegger uten ekstra tilbeh\u00f8r, og har lang batterilevetid, pigmentert vidvinkelobjektiv for \u00e5 beskytte mot hvitt lys og manipuleringsbeskyttelse.<\/p>","protected":false},"featured_media":145476,"template":"","meta":{"_acf_changed":false},"product_brand":[],"product_cat":[3188,2731],"product_tag":[],"class_list":{"0":"post-57495","1":"product","2":"type-product","3":"status-publish","4":"has-post-thumbnail","6":"product_cat-larmenheter-risco-larm","7":"product_cat-risco-larm","8":"product_shipping_class-postnord-varubrev","9":"pa_brands-4risco","10":"pa_risco-produkter-agility-2","11":"pa_risco-produkter-agility-3","12":"pa_risco-produkter-agility-4","13":"tm-no-options","15":"first","16":"instock","17":"sale","18":"featured","19":"taxable","20":"shipping-taxable","21":"purchasable","22":"product-type-simple"},"acf":[],"_links":{"self":[{"href":"https:\/\/secureus.se\/no\/wp-json\/wp\/v2\/product\/57495","targetHints":{"allow":["GET"]}}],"collection":[{"href":"https:\/\/secureus.se\/no\/wp-json\/wp\/v2\/product"}],"about":[{"href":"https:\/\/secureus.se\/no\/wp-json\/wp\/v2\/types\/product"}],"wp:featuredmedia":[{"embeddable":true,"href":"https:\/\/secureus.se\/no\/wp-json\/wp\/v2\/media\/145476"}],"wp:attachment":[{"href":"https:\/\/secureus.se\/no\/wp-json\/wp\/v2\/media?parent=57495"}],"wp:term":[{"taxonomy":"product_brand","embeddable":true,"href":"https:\/\/secureus.se\/no\/wp-json\/wp\/v2\/product_brand?post=57495"},{"taxonomy":"product_cat","embeddable":true,"href":"https:\/\/secureus.se\/no\/wp-json\/wp\/v2\/product_cat?post=57495"},{"taxonomy":"product_tag","embeddable":true,"href":"https:\/\/secureus.se\/no\/wp-json\/wp\/v2\/product_tag?post=57495"}],"curies":[{"name":"wp","href":"https:\/\/api.w.org\/{rel}","templated":true}]}}