{"id":57497,"date":"2022-03-10T14:57:00","date_gmt":"2022-03-10T13:57:00","guid":{"rendered":"https:\/\/secureus.se\/produkt\/rorelsesensor-t95p-digital-ir-15-x-15-meter-med-husdjursimmunitet\/"},"modified":"2026-01-16T18:49:07","modified_gmt":"2026-01-16T17:49:07","slug":"risco-rorelsevakt-husdjur-rorelsedetektor-2-vags-t95-pet","status":"publish","type":"product","link":"https:\/\/secureus.se\/no\/risco-rorelsevakt-husdjur-rorelsedetektor-2-vags-t95-pet\/","title":{"rendered":"Risco bevegelsessensor + bevegelsesdetektor for kj\u00e6ledyr 2-veis T95 kj\u00e6ledyr"},"content":{"rendered":"<h1>Risco bevegelsessensor + bevegelsesdetektor for kj\u00e6ledyr 2-veis T95 kj\u00e6ledyr<\/h1>\n<p data-start=\"410\" data-end=\"738\">Risco 2-veis bevegelsessensor T95 Pet (mod. RWX95P86800) er en digital tr\u00e5dl\u00f8s passiv infrar\u00f8d (PIR) detektor som er perfekt for bruk i hjem, kontorer og sm\u00e5 kommersielle installasjoner.<\/p>\n<p data-start=\"410\" data-end=\"738\">Denne detektoren har en rekkevidde p\u00e5 12 \u00d7 12 meter (40&#039;x40&#039;) og tilbyr et bredt synsfelt for \u00e5 sikre at ingen omr\u00e5der forblir ubeskyttet.<\/p>\n<p data-start=\"740\" data-end=\"1129\"><strong data-start=\"740\" data-end=\"761\">Kj\u00e6ledyrs immunitet<\/strong><br data-start=\"761\" data-end=\"764\" \/>En av de mest bemerkelsesverdige funksjonene til T95 Pet er dens immunitet mot kj\u00e6ledyr. Den har en variabel kj\u00e6ledyrterskel (VPT\u2122) som gj\u00f8r den ideell for milj\u00f8er med kj\u00e6ledyr, ettersom den kan ignorere bevegelse fra kj\u00e6ledyr opptil 36 kg (80 lb).<\/p>\n<p data-start=\"740\" data-end=\"1129\">Dette gj\u00f8r detektoren perfekt for husholdninger eller kontorer der sm\u00e5 til mellomstore kj\u00e6ledyr er til stede, uten \u00e5 for\u00e5rsake falske alarmer.<\/p>\n<p data-start=\"1131\" data-end=\"1453\"><strong data-start=\"1131\" data-end=\"1163\">2-veis tr\u00e5dl\u00f8s kommunikasjon<\/strong><br data-start=\"1163\" data-end=\"1166\" \/>T95 Pet bruker toveis tr\u00e5dl\u00f8s kommunikasjon, noe som gir h\u00f8yere sikkerhet gjennom redusert tr\u00e5dl\u00f8s overbelastning og effektiv fjernkontroll og diagnostikk.<\/p>\n<p data-start=\"1131\" data-end=\"1453\">Denne funksjonen gj\u00f8r det enklere \u00e5 holde systemet optimalt, samtidig som RF-kommunikasjonen holdes lav for \u00e5 redusere interferens.<\/p>\n<p data-start=\"1455\" data-end=\"1735\"><strong data-start=\"1455\" data-end=\"1487\">Intelligent signalbehandling<\/strong><br data-start=\"1487\" data-end=\"1490\" \/>Den digitale signalbehandlingen sikrer at detektoren kan oppdage bevegelse n\u00f8yaktig og p\u00e5litelig.<\/p>\n<p data-start=\"1455\" data-end=\"1735\">Den er ogs\u00e5 utstyrt med en beskyttende sensorhylse som forhindrer falske alarmer fra sm\u00e5 insekter, noe som gj\u00f8r systemet enda mer p\u00e5litelig.<\/p>\n<p data-start=\"1737\" data-end=\"2023\"><strong data-start=\"1737\" data-end=\"1755\">Valgfrie linser<\/strong><br data-start=\"1755\" data-end=\"1758\" \/>For \u00e5 ytterligere tilpasse systemet til spesifikke behov, tilbyr T95 Pet valgfrie linser som kan brukes til \u00e5 skreddersy dekningen.<\/p>\n<p data-start=\"1737\" data-end=\"2023\">Bruk standardlinsen for 12 meters dekning, eller velg gardinlinsen for \u00e5 beskytte lengre avstander (opptil 23 m).<\/p>\n<p data-start=\"2025\" data-end=\"2055\"><strong data-start=\"2025\" data-end=\"2053\">Hovedfunksjoner:<\/strong><\/p>\n<ul data-start=\"2056\" data-end=\"2581\">\n<li data-start=\"2056\" data-end=\"2105\">\n<p data-start=\"2058\" data-end=\"2105\"><strong data-start=\"2058\" data-end=\"2071\">Dekning:<\/strong> 12\u00d712 meter (40&#039;x40&#039;) vidvinkel<\/p>\n<\/li>\n<li data-start=\"2106\" data-end=\"2191\">\n<p data-start=\"2108\" data-end=\"2191\"><strong data-start=\"2108\" data-end=\"2130\">Kj\u00e6ledyrs immunitet:<\/strong> Opptil 36 kg (80 lb) med variabel kj\u00e6ledyrterskel (VPT\u2122)<\/p>\n<\/li>\n<li data-start=\"2192\" data-end=\"2273\">\n<p data-start=\"2194\" data-end=\"2273\"><strong data-start=\"2194\" data-end=\"2227\">2-veis tr\u00e5dl\u00f8s kommunikasjon:<\/strong> H\u00f8yere sikkerhet og redusert RF-kommunikasjon<\/p>\n<\/li>\n<li data-start=\"2274\" data-end=\"2344\">\n<p data-start=\"2276\" data-end=\"2344\"><strong data-start=\"2276\" data-end=\"2309\">Intelligent signalbehandling:<\/strong> For presis bevegelsesdeteksjon<\/p>\n<\/li>\n<li data-start=\"2345\" data-end=\"2433\">\n<p data-start=\"2347\" data-end=\"2433\"><strong data-start=\"2347\" data-end=\"2371\">Beskyttelse mot falske alarmer:<\/strong> Beskyttende sensorhylse for \u00e5 forhindre falske alarmer fra insekter<\/p>\n<\/li>\n<li data-start=\"2434\" data-end=\"2500\">\n<p data-start=\"2436\" data-end=\"2500\"><strong data-start=\"2436\" data-end=\"2455\">Valgfrie linser:<\/strong> 12 m gardinlinse eller 23 m langdistanselinser<\/p>\n<\/li>\n<li data-start=\"2501\" data-end=\"2581\">\n<p data-start=\"2503\" data-end=\"2581\"><strong data-start=\"2503\" data-end=\"2522\">Kompatibilitet:<\/strong> Agility\u21223, Agility\u21224, WiComm Pro og andre Risco-systemer<\/p>\n<\/li>\n<\/ul>\n<p data-start=\"2583\" data-end=\"2614\"><strong data-start=\"2583\" data-end=\"2612\">Tekniske spesifikasjoner:<\/strong><\/p>\n<ul data-start=\"2615\" data-end=\"2917\">\n<li data-start=\"2615\" data-end=\"2650\">\n<p data-start=\"2617\" data-end=\"2650\"><strong data-start=\"2617\" data-end=\"2630\">Omfang:<\/strong> 12 \u00d7 12 m (40&#039;x40&#039;)<\/p>\n<\/li>\n<li data-start=\"2651\" data-end=\"2736\">\n<p data-start=\"2653\" data-end=\"2736\"><strong data-start=\"2653\" data-end=\"2675\">Kj\u00e6ledyrs immunitet:<\/strong> Opptil 36 kg (80 lb) med variabel kj\u00e6ledyrterskel (VPT\u2122)<\/p>\n<\/li>\n<li data-start=\"2737\" data-end=\"2774\">\n<p data-start=\"2739\" data-end=\"2774\"><strong data-start=\"2739\" data-end=\"2757\">Kommunikasjon:<\/strong> 2-veis tr\u00e5dl\u00f8s<\/p>\n<\/li>\n<li data-start=\"2775\" data-end=\"2816\">\n<p data-start=\"2777\" data-end=\"2816\"><strong data-start=\"2777\" data-end=\"2789\">Batteri:<\/strong> 3V litiumbatteri (inkludert)<\/p>\n<\/li>\n<li data-start=\"2817\" data-end=\"2868\">\n<p data-start=\"2819\" data-end=\"2868\"><strong data-start=\"2819\" data-end=\"2828\">M\u00e5le:<\/strong> Kompakt design for enkel installasjon<\/p>\n<\/li>\n<li data-start=\"2869\" data-end=\"2917\">\n<p data-start=\"2871\" data-end=\"2917\"><strong data-start=\"2871\" data-end=\"2903\">Leverand\u00f8rens artikkelnummer:<\/strong> RWX95P86800<\/p>\n<\/li>\n<\/ul>\n<p data-start=\"2919\" data-end=\"3223\">Risco 2-veis bevegelsessensor T95 Pet er den perfekte l\u00f8sningen for \u00e5 sikre at sikkerhetssystemet ditt fungerer effektivt uten \u00e5 for\u00e5rsake falske alarmer n\u00e5r kj\u00e6ledyr er til stede.<\/p>\n<p data-start=\"2919\" data-end=\"3223\">Med lang rekkevidde, intelligent signalbehandling og immunitet mot kj\u00e6ledyr, tilbyr denne detektoren h\u00f8y sikkerhet og p\u00e5litelighet.<\/p>","protected":false},"excerpt":{"rendered":"<p>Risco 2-veis bevegelsessensor T95 Pet er en digital tr\u00e5dl\u00f8s PIR-detektor med immunitet mot kj\u00e6ledyr p\u00e5 opptil 36 kg.<\/p>\n<p>Den tilbyr en dekning p\u00e5 12\u00d712 m og bruker intelligent signalbehandling for \u00e5 forhindre falske alarmer.<\/p>","protected":false},"featured_media":145375,"template":"","meta":{"_acf_changed":false},"product_brand":[],"product_cat":[3188,2731],"product_tag":[],"class_list":{"0":"post-57497","1":"product","2":"type-product","3":"status-publish","4":"has-post-thumbnail","6":"product_cat-larmenheter-risco-larm","7":"product_cat-risco-larm","8":"product_shipping_class-postnord-varubrev","9":"pa_brands-4risco","10":"pa_risco-produkter-agility-3","11":"pa_risco-produkter-agility-4","12":"tm-no-options","14":"first","15":"instock","16":"sale","17":"featured","18":"taxable","19":"shipping-taxable","20":"purchasable","21":"product-type-simple"},"acf":[],"_links":{"self":[{"href":"https:\/\/secureus.se\/no\/wp-json\/wp\/v2\/product\/57497","targetHints":{"allow":["GET"]}}],"collection":[{"href":"https:\/\/secureus.se\/no\/wp-json\/wp\/v2\/product"}],"about":[{"href":"https:\/\/secureus.se\/no\/wp-json\/wp\/v2\/types\/product"}],"wp:featuredmedia":[{"embeddable":true,"href":"https:\/\/secureus.se\/no\/wp-json\/wp\/v2\/media\/145375"}],"wp:attachment":[{"href":"https:\/\/secureus.se\/no\/wp-json\/wp\/v2\/media?parent=57497"}],"wp:term":[{"taxonomy":"product_brand","embeddable":true,"href":"https:\/\/secureus.se\/no\/wp-json\/wp\/v2\/product_brand?post=57497"},{"taxonomy":"product_cat","embeddable":true,"href":"https:\/\/secureus.se\/no\/wp-json\/wp\/v2\/product_cat?post=57497"},{"taxonomy":"product_tag","embeddable":true,"href":"https:\/\/secureus.se\/no\/wp-json\/wp\/v2\/product_tag?post=57497"}],"curies":[{"name":"wp","href":"https:\/\/api.w.org\/{rel}","templated":true}]}}