{"id":57499,"date":"2022-03-10T14:57:00","date_gmt":"2022-03-10T13:57:00","guid":{"rendered":"https:\/\/secureus.se\/produkt\/180-faste-till-beyond-dt-detektorer-agility4-wicomm-pro\/"},"modified":"2025-12-31T19:36:02","modified_gmt":"2025-12-31T18:36:02","slug":"risco-faste-till-beyond-detektorer","status":"publish","type":"product","link":"https:\/\/secureus.se\/no\/risco-faste-till-beyond-detektorer\/","title":{"rendered":"Risco-brakett for Beyond-detektorer"},"content":{"rendered":"<div>\n<h1>Risco-brakett for Beyond-detektorer<\/h1>\n<p data-start=\"346\" data-end=\"734\">Risco brakett for Beyond-detektorer 180\u00b0 (mod. RA350S00000) er et praktisk tilbeh\u00f8r som gj\u00f8r det mulig \u00e5 justere og rotere Beyond DT-detektorer i en vinkel p\u00e5 180\u00b0, noe som gir fleksibilitet og presisjon under installasjon.<\/p>\n<p data-start=\"346\" data-end=\"734\">Denne monteringen er spesielt nyttig for \u00e5 sikre at detektoren overv\u00e5ker omr\u00e5det du \u00f8nsker \u00e5 beskytte n\u00f8yaktig, noe som maksimerer dekningsomr\u00e5det og effektiviteten.<\/p>\n<p data-start=\"736\" data-end=\"1065\">Braketten er utformet for enkel integrering med Beyond-serien av detektorer, noe som gj\u00f8r installasjonen smidig og rask.<\/p>\n<p data-start=\"736\" data-end=\"1065\">Den justerbare funksjonen lar brukeren optimalisere detektorens dekning, og det er en perfekt l\u00f8sning for utend\u00f8rsinstallasjoner der presise justeringer kan v\u00e6re avgj\u00f8rende for \u00e5 oppn\u00e5 best mulig resultat.<\/p>\n<p data-start=\"1067\" data-end=\"1240\">Dette festet er et uunnv\u00e6rlig tilbeh\u00f8r for Beyond Detectors, og forenkler installasjonsprosessen samtidig som det sikrer n\u00f8yaktig og effektiv overv\u00e5king.<\/p>\n<p data-start=\"1242\" data-end=\"1272\"><strong data-start=\"1242\" data-end=\"1270\">Hovedfunksjoner:<\/strong><\/p>\n<ul data-start=\"1273\" data-end=\"1676\">\n<li data-start=\"1273\" data-end=\"1380\">\n<p data-start=\"1275\" data-end=\"1380\"><strong data-start=\"1275\" data-end=\"1294\">180\u00b0 justering:<\/strong> Gj\u00f8r det enkelt \u00e5 justere Beyond DT-detektorer for \u00e5 dekke n\u00f8yaktig det \u00f8nskede omr\u00e5det<\/p>\n<\/li>\n<li data-start=\"1381\" data-end=\"1489\">\n<p data-start=\"1383\" data-end=\"1489\"><strong data-start=\"1383\" data-end=\"1403\">For utend\u00f8rs bruk:<\/strong> Perfekt for \u00e5 installere Beyond-detektorer utend\u00f8rs og justere for best mulig dekning<\/p>\n<\/li>\n<li data-start=\"1490\" data-end=\"1574\">\n<p data-start=\"1492\" data-end=\"1574\"><strong data-start=\"1492\" data-end=\"1515\">Enkel installasjon:<\/strong> Gj\u00f8r installasjon av Beyond Detectors rask og enkel<\/p>\n<\/li>\n<li data-start=\"1575\" data-end=\"1676\">\n<p data-start=\"1577\" data-end=\"1676\"><strong data-start=\"1577\" data-end=\"1601\">Dekningsoptimalisering:<\/strong> Bidrar til \u00e5 maksimere detektoreffektiviteten gjennom presis justering<\/p>\n<\/li>\n<\/ul>\n<p data-start=\"1678\" data-end=\"1709\"><strong data-start=\"1678\" data-end=\"1707\">Tekniske spesifikasjoner:<\/strong><\/p>\n<ul data-start=\"1710\" data-end=\"1848\">\n<li data-start=\"1710\" data-end=\"1754\">\n<p data-start=\"1712\" data-end=\"1754\"><strong data-start=\"1712\" data-end=\"1731\">Kompatibilitet:<\/strong> Utover DT-detektorer<\/p>\n<\/li>\n<li data-start=\"1755\" data-end=\"1799\">\n<p data-start=\"1757\" data-end=\"1799\"><strong data-start=\"1757\" data-end=\"1771\">Innstilling:<\/strong> 180\u00b0 for presis justering<\/p>\n<\/li>\n<li data-start=\"1800\" data-end=\"1848\">\n<p data-start=\"1802\" data-end=\"1848\"><strong data-start=\"1802\" data-end=\"1834\">Leverand\u00f8rens artikkelnummer:<\/strong> RA350S00000<\/p>\n<\/li>\n<\/ul>\n<p data-start=\"1850\" data-end=\"2041\">Risco Beyond Detectors 180\u00b0-montering lar brukere optimalisere dekningen til detektorene sine og sikre at omr\u00e5det som skal overv\u00e5kes er beskyttet effektivt og presist.<\/p>\n<\/div>","protected":false},"excerpt":{"rendered":"<p data-start=\"132\" data-end=\"312\">Risco Beyond-detektorfestet 180\u00b0 gj\u00f8r det mulig \u00e5 justere Beyond DT-detektorer slik at de kan roteres 180\u00b0, noe som muliggj\u00f8r presis justering for \u00e5 overv\u00e5ke \u00f8nskede omr\u00e5der.<\/p>","protected":false},"featured_media":158863,"template":"","meta":{"_acf_changed":false},"product_brand":[],"product_cat":[3191,2731],"product_tag":[],"class_list":{"0":"post-57499","1":"product","2":"type-product","3":"status-publish","4":"has-post-thumbnail","6":"product_cat-utomhusdetektorer","7":"product_cat-risco-larm","8":"product_shipping_class-postnord-varubrev","9":"pa_risco-produkter-agility-3","10":"pa_risco-produkter-agility-4","11":"pa_wicomm-pro-kategorier-kameradetektorer","12":"pa_wicomm-pro-kategorier-rorelsedetektor","13":"tm-no-options","15":"first","16":"instock","17":"sale","18":"featured","19":"taxable","20":"shipping-taxable","21":"purchasable","22":"product-type-simple"},"acf":[],"_links":{"self":[{"href":"https:\/\/secureus.se\/no\/wp-json\/wp\/v2\/product\/57499","targetHints":{"allow":["GET"]}}],"collection":[{"href":"https:\/\/secureus.se\/no\/wp-json\/wp\/v2\/product"}],"about":[{"href":"https:\/\/secureus.se\/no\/wp-json\/wp\/v2\/types\/product"}],"wp:featuredmedia":[{"embeddable":true,"href":"https:\/\/secureus.se\/no\/wp-json\/wp\/v2\/media\/158863"}],"wp:attachment":[{"href":"https:\/\/secureus.se\/no\/wp-json\/wp\/v2\/media?parent=57499"}],"wp:term":[{"taxonomy":"product_brand","embeddable":true,"href":"https:\/\/secureus.se\/no\/wp-json\/wp\/v2\/product_brand?post=57499"},{"taxonomy":"product_cat","embeddable":true,"href":"https:\/\/secureus.se\/no\/wp-json\/wp\/v2\/product_cat?post=57499"},{"taxonomy":"product_tag","embeddable":true,"href":"https:\/\/secureus.se\/no\/wp-json\/wp\/v2\/product_tag?post=57499"}],"curies":[{"name":"wp","href":"https:\/\/api.w.org\/{rel}","templated":true}]}}