{"id":57502,"date":"2022-03-10T14:57:00","date_gmt":"2022-03-10T13:57:00","guid":{"rendered":"https:\/\/secureus.se\/produkt\/manoverpanel-panda-prox-dubbelriktad-kommunikation-for-wicomm-pro-obs-aven-for-version-agility-4-5-10-eller-hogre\/"},"modified":"2025-12-31T19:37:24","modified_gmt":"2025-12-31T18:37:24","slug":"risco-knappsats-prox-2-vags","status":"publish","type":"product","link":"https:\/\/secureus.se\/no\/risco-knappsats-prox-2-vags\/","title":{"rendered":"Risco tastatur Prox 2-veis \u2013 WiComm Pro"},"content":{"rendered":"<h1>Risco tastatur Prox 2-veis<\/h1>\n<p data-start=\"444\" data-end=\"979\">Tastaturkontrollpanel WiComm Pro Panda er det nyeste og mest oppdaterte kontrollpanelet fra RISCO, og tilbyr et elegant og stilig design med h\u00f8y funksjonalitet.<\/p>\n<p data-start=\"444\" data-end=\"979\">Dette 2-veis tr\u00e5dl\u00f8se tastaturet gir fjernprogrammering og -kontroll av RISCOs tr\u00e5dl\u00f8se sikkerhetssystem.<\/p>\n<p data-start=\"444\" data-end=\"979\">Fordi det er toveis, mottar tastaturet en svarstatus fra panelet for hver kommando som sendes, noe som forbedrer brukeropplevelsen og sikkerheten.<\/p>\n<p data-start=\"444\" data-end=\"979\">Bruk den enkelt med en kode eller en n\u00e6rhetsbrikke (RFID).<\/p>\n<p data-start=\"981\" data-end=\"1416\">Med opptil tre tr\u00e5dl\u00f8se tastaturer per system og en SOS-\/n\u00f8dn\u00f8kkel for toveiskommunikasjon, tilbyr WiComm Pro Panda en sikker og fleksibel l\u00f8sning for sikkerhetsbehov.<\/p>\n<p data-start=\"981\" data-end=\"1416\">Den har ogs\u00e5 dobbel manipuleringsbeskyttelse (boks og vegg) og en batterisparemodus for langvarig bruk.<\/p>\n<p data-start=\"981\" data-end=\"1416\">Takket v\u00e6re de slitesterke tastaturene og oppdaterte visuelle indikatorene er den b\u00e5de enkel \u00e5 bruke og p\u00e5litelig for problemidentifisering og alarmstatus.<\/p>","protected":false},"excerpt":{"rendered":"<p>Det tr\u00e5dl\u00f8se 2-veis tastaturet WiComm Pro Panda er perfekt for RISCOs tr\u00e5dl\u00f8se sikkerhetssystem og tilbyr h\u00f8y p\u00e5litelighet og moderne design.<\/p>\n<p>Den har en RFID-leser og en SOS-\/n\u00f8dn\u00f8kkel for toveiskommunikasjon.<\/p>","protected":false},"featured_media":145284,"template":"","meta":{"_acf_changed":false},"product_brand":[],"product_cat":[2731,4879],"product_tag":[],"class_list":{"0":"post-57502","1":"product","2":"type-product","3":"status-publish","4":"has-post-thumbnail","6":"product_cat-risco-larm","7":"product_cat-wicomm-pro","8":"product_shipping_class-postnord-varubrev","9":"pa_brands-4risco","10":"pa_risco-produkter-agility-4","11":"pa_wicomm-pro-kategorier-manoverpaneler-knappar","12":"tm-no-options","14":"first","15":"onbackorder","16":"sale","17":"featured","18":"taxable","19":"shipping-taxable","20":"purchasable","21":"product-type-simple"},"acf":[],"_links":{"self":[{"href":"https:\/\/secureus.se\/no\/wp-json\/wp\/v2\/product\/57502","targetHints":{"allow":["GET"]}}],"collection":[{"href":"https:\/\/secureus.se\/no\/wp-json\/wp\/v2\/product"}],"about":[{"href":"https:\/\/secureus.se\/no\/wp-json\/wp\/v2\/types\/product"}],"wp:featuredmedia":[{"embeddable":true,"href":"https:\/\/secureus.se\/no\/wp-json\/wp\/v2\/media\/145284"}],"wp:attachment":[{"href":"https:\/\/secureus.se\/no\/wp-json\/wp\/v2\/media?parent=57502"}],"wp:term":[{"taxonomy":"product_brand","embeddable":true,"href":"https:\/\/secureus.se\/no\/wp-json\/wp\/v2\/product_brand?post=57502"},{"taxonomy":"product_cat","embeddable":true,"href":"https:\/\/secureus.se\/no\/wp-json\/wp\/v2\/product_cat?post=57502"},{"taxonomy":"product_tag","embeddable":true,"href":"https:\/\/secureus.se\/no\/wp-json\/wp\/v2\/product_tag?post=57502"}],"curies":[{"name":"wp","href":"https:\/\/api.w.org\/{rel}","templated":true}]}}