{"id":57505,"date":"2022-03-10T14:57:00","date_gmt":"2022-03-10T13:57:00","guid":{"rendered":"https:\/\/secureus.se\/produkt\/risco-agility-gsm-gprs-2g-modul\/"},"modified":"2026-04-22T14:22:21","modified_gmt":"2026-04-22T12:22:21","slug":"risco-agility-gsm-gprs-2g-modul","status":"publish","type":"product","link":"https:\/\/secureus.se\/no\/risco-agility-gsm-gprs-2g-modul\/","title":{"rendered":"Risco Agility GSM\/GPRS 2G-MODUL - UTG\u00c5TT"},"content":{"rendered":"<h1>Risco Agility GSM\/GPRS 2G-MODUL<\/h1>\n<p data-start=\"433\" data-end=\"917\">Risco Agility GSM\/GPRS 2G-modulen (mod. RW132G2) er en viktig komponent for \u00e5 utvide funksjonaliteten til Agility-sikkerhetssystemet.<\/p>\n<p data-start=\"433\" data-end=\"917\">Denne modulen gir muligheten til \u00e5 kommunisere via GSM\/GPRS-nettverk, noe som gj\u00f8r at systemet kan overf\u00f8re alarmer og hendelser b\u00e5de til kontaktpersoner og til alarmsentralen.<\/p>\n<p data-start=\"433\" data-end=\"917\">Det er en perfekt l\u00f8sning for brukere som \u00f8nsker en sikker og p\u00e5litelig metode for alarmoverf\u00f8ring der internettbasert kommunikasjon via Risco Cloud ikke er et alternativ.<\/p>\n<p data-start=\"919\" data-end=\"1302\">N\u00e5r Agility 3 leveres i basisversjonen, f\u00f8lger det med et nettverkskort for tilkobling til Risco Cloud for alarmoverf\u00f8ring.<\/p>\n<p data-start=\"919\" data-end=\"1302\">For brukere som fortsatt \u00f8nsker \u00e5 bruke tradisjonelle alarmoverf\u00f8ringsmetoder via GSM eller GPRS, m\u00e5 dette plugin-kortet installeres.<\/p>\n<p data-start=\"919\" data-end=\"1302\">Dette gir systemet muligheten til \u00e5 sende SMS- eller talevarsler til forh\u00e5ndsvalgte kontaktpersoner i tilfelle systemhendelser eller alarmer.<\/p>\n<p data-start=\"1304\" data-end=\"1742\">Modulen st\u00f8tter taleoppringing til kontakter, slik at brukere kan motta et direkte anrop ved alarmer eller systemhendelser, noe som kan v\u00e6re et viktig alternativ i situasjoner der SMS ikke er tilstrekkelig.<\/p>\n<p data-start=\"1304\" data-end=\"1742\">I tillegg muliggj\u00f8r den alarmoverf\u00f8ring til alarmsentraler via GSM i ContactID- eller SIA-alarmformat, samt overf\u00f8ring via GPRS i SIA IP-alarmformat, noe som gj\u00f8r systemet kompatibelt med et bredt spekter av alarmsentraler.<\/p>\n<p data-start=\"1744\" data-end=\"1967\">Modulen tillater ogs\u00e5 tilkobling til Risco Cloud via GPRS, slik at brukerne kan fortsette \u00e5 ha fjernoverv\u00e5king og -kontroll av systemet sitt selv om de bruker tradisjonell alarmoverf\u00f8ring via GSM\/GPRS.<\/p>\n<p data-start=\"1969\" data-end=\"1999\"><strong data-start=\"1969\" data-end=\"1997\">Hovedfunksjoner:<\/strong><\/p>\n<ul data-start=\"2000\" data-end=\"2580\">\n<li data-start=\"2000\" data-end=\"2069\">\n<p data-start=\"2002\" data-end=\"2069\"><strong data-start=\"2002\" data-end=\"2029\">GSM\/GPRS-kommunikasjon:<\/strong> Muliggj\u00f8r alarmoverf\u00f8ring via GSM\/GPRS<\/p>\n<\/li>\n<li data-start=\"2070\" data-end=\"2151\">\n<p data-start=\"2072\" data-end=\"2151\"><strong data-start=\"2072\" data-end=\"2085\">SMS-alarm:<\/strong> Sender SMS til kontaktpersoner ved alarmer eller systemhendelser<\/p>\n<\/li>\n<li data-start=\"2152\" data-end=\"2222\">\n<p data-start=\"2154\" data-end=\"2222\"><strong data-start=\"2154\" data-end=\"2174\">Taleoppringing:<\/strong> Taleoppringing til kontaktpersoner i tilfelle alarm<\/p>\n<\/li>\n<li data-start=\"2223\" data-end=\"2292\">\n<p data-start=\"2225\" data-end=\"2292\"><strong data-start=\"2225\" data-end=\"2243\">Fjernkontroll:<\/strong> Talemeny for fjernkontroll av Agility-systemet<\/p>\n<\/li>\n<li data-start=\"2293\" data-end=\"2387\">\n<p data-start=\"2295\" data-end=\"2387\"><strong data-start=\"2295\" data-end=\"2331\">Alarmoverf\u00f8ring til alarmsentral:<\/strong> St\u00f8tter ContactID og SIA via GSM og SIA IP via GPRS<\/p>\n<\/li>\n<li data-start=\"2388\" data-end=\"2476\">\n<p data-start=\"2390\" data-end=\"2476\"><strong data-start=\"2390\" data-end=\"2406\">Risco Cloud:<\/strong> Muliggj\u00f8r tilkobling til Risco Cloud via GPRS for fjernoverv\u00e5king<\/p>\n<\/li>\n<li data-start=\"2477\" data-end=\"2580\">\n<p data-start=\"2479\" data-end=\"2580\"><strong data-start=\"2479\" data-end=\"2495\">Kombinasjon:<\/strong> Kan ikke kombinere GSM\/GPRS-alarmoverf\u00f8ring og tilkobling til Risco Cloud samtidig<\/p>\n<\/li>\n<\/ul>\n<p data-start=\"2582\" data-end=\"2613\"><strong data-start=\"2582\" data-end=\"2611\">Tekniske spesifikasjoner:<\/strong><\/p>\n<ul data-start=\"2614\" data-end=\"2841\">\n<li data-start=\"2614\" data-end=\"2640\">\n<p data-start=\"2616\" data-end=\"2640\"><strong data-start=\"2616\" data-end=\"2629\">Hyppighet:<\/strong> GSM\/GPRS<\/p>\n<\/li>\n<li data-start=\"2641\" data-end=\"2696\">\n<p data-start=\"2643\" data-end=\"2696\"><strong data-start=\"2643\" data-end=\"2658\">Alarmformat:<\/strong> Kontakt-ID, SIA (GSM); SIA IP (GPRS)<\/p>\n<\/li>\n<li data-start=\"2697\" data-end=\"2736\">\n<p data-start=\"2699\" data-end=\"2736\"><strong data-start=\"2699\" data-end=\"2717\">Fjernkontroll:<\/strong> Ja, via talemenyen<\/p>\n<\/li>\n<li data-start=\"2737\" data-end=\"2796\">\n<p data-start=\"2739\" data-end=\"2796\"><strong data-start=\"2739\" data-end=\"2762\">Installasjonsmetode:<\/strong> Plug-in-kort i Agility-systemet<\/p>\n<\/li>\n<li data-start=\"2797\" data-end=\"2841\">\n<p data-start=\"2799\" data-end=\"2841\"><strong data-start=\"2799\" data-end=\"2831\">Leverand\u00f8rens artikkelnummer:<\/strong> RW132G2<\/p>\n<\/li>\n<\/ul>\n<p data-start=\"2843\" data-end=\"3060\">Risco Agility GSM\/GPRS 2G-modulen er en p\u00e5litelig og fleksibel l\u00f8sning for brukere som trenger tradisjonell GSM\/GPRS-alarmoverf\u00f8ring, samtidig som de har mulighet for fjernoverv\u00e5king og -kontroll via Risco Cloud.<\/p>","protected":false},"excerpt":{"rendered":"<p>Risco Agility GSM\/GPRS 2G-modulen (RW132G2) gj\u00f8r det mulig for Agility-systemet \u00e5 kommunisere via GSM\/GPRS.<\/p>\n<p>Dette plugin-kortet tilbyr funksjoner som SMS-alarmer, taleoppringing og alarmoverf\u00f8ring til alarmsentralen via GSM eller GPRS i tradisjonelle alarmformater som ContactID og SIA.<\/p>","protected":false},"featured_media":145255,"template":"","meta":{"_acf_changed":false},"product_brand":[],"product_cat":[2731],"product_tag":[],"class_list":{"0":"post-57505","1":"product","2":"type-product","3":"status-publish","4":"has-post-thumbnail","6":"product_cat-risco-larm","7":"product_shipping_class-postnord-varubrev","8":"pa_brands-4risco","9":"pa_risco-produkter-agility-2","10":"pa_risco-produkter-agility-3","11":"pa_risco-produkter-agility-4","12":"tm-no-options","14":"first","15":"instock","16":"sale","17":"featured","18":"taxable","19":"shipping-taxable","20":"purchasable","21":"product-type-simple"},"acf":[],"_links":{"self":[{"href":"https:\/\/secureus.se\/no\/wp-json\/wp\/v2\/product\/57505","targetHints":{"allow":["GET"]}}],"collection":[{"href":"https:\/\/secureus.se\/no\/wp-json\/wp\/v2\/product"}],"about":[{"href":"https:\/\/secureus.se\/no\/wp-json\/wp\/v2\/types\/product"}],"wp:featuredmedia":[{"embeddable":true,"href":"https:\/\/secureus.se\/no\/wp-json\/wp\/v2\/media\/145255"}],"wp:attachment":[{"href":"https:\/\/secureus.se\/no\/wp-json\/wp\/v2\/media?parent=57505"}],"wp:term":[{"taxonomy":"product_brand","embeddable":true,"href":"https:\/\/secureus.se\/no\/wp-json\/wp\/v2\/product_brand?post=57505"},{"taxonomy":"product_cat","embeddable":true,"href":"https:\/\/secureus.se\/no\/wp-json\/wp\/v2\/product_cat?post=57505"},{"taxonomy":"product_tag","embeddable":true,"href":"https:\/\/secureus.se\/no\/wp-json\/wp\/v2\/product_tag?post=57505"}],"curies":[{"name":"wp","href":"https:\/\/api.w.org\/{rel}","templated":true}]}}