{"id":57506,"date":"2022-03-10T14:57:00","date_gmt":"2022-03-10T13:57:00","guid":{"rendered":"https:\/\/secureus.se\/produkt\/vattendetektor-tradlos-agililty2-3-4-och-wicomm-pro\/"},"modified":"2025-12-31T19:42:20","modified_gmt":"2025-12-31T18:42:20","slug":"risco-vattendetektor-1-vags","status":"publish","type":"product","link":"https:\/\/secureus.se\/no\/risco-vattendetektor-1-vags\/","title":{"rendered":"Risco Vanndetektor 1-veis"},"content":{"rendered":"<h1>Risco Vanndetektor 1-veis<\/h1>\n<p data-start=\"408\" data-end=\"899\">Risco vanndetektor 1-veis WiComm Pro Agility er den perfekte l\u00f8sningen for \u00e5 forhindre vannskader i hjem og bedrifter.<\/p>\n<p data-start=\"408\" data-end=\"899\">Denne tr\u00e5dl\u00f8se flomdetektoren kan enkelt integreres i RISCOs tr\u00e5dl\u00f8se og hybride sikkerhetssystemer for raskt \u00e5 oppdage og varsle om selv sm\u00e5 vannlekkasjer.<\/p>\n<p data-start=\"408\" data-end=\"899\">Enten det er kj\u00f8kkenet, kjelleren, vanntankene eller kj\u00f8leskapene, tilbyr denne detektoren omfattende beskyttelse og kan forhindre st\u00f8rre skader ved \u00e5 oppdage lekkasjer tidlig.<\/p>\n<p data-start=\"901\" data-end=\"1367\">Ved vannlekkasje sender detektoren umiddelbart en melding til brukerens smarttelefon, slik at de kan handle raskt for \u00e5 minimere skaden.<\/p>\n<p data-start=\"901\" data-end=\"1367\">Vanndetektoren fungerer selv n\u00e5r sikkerhetssystemet er deaktivert, noe som gir fullstendig trygghet.<\/p>\n<p data-start=\"901\" data-end=\"1367\">Vannskader kan for\u00e5rsakes av alt fra sprukne r\u00f8r og lekkasjer i tak til knuste vinduer og toaletter, og ved \u00e5 installere Riscos flomdetektor kan du unng\u00e5 potensielt kostbare reparasjoner.<\/p>\n<p data-start=\"1369\" data-end=\"1618\">Detektoren bruker en enveisradio med en frekvens p\u00e5 868 MHz og leveres med et CR123 3V litiumbatteri inkludert.<\/p>\n<p data-start=\"1369\" data-end=\"1618\">Den er kompatibel med b\u00e5de RISCOs enveis- og toveis tr\u00e5dl\u00f8se systemer, noe som gj\u00f8r installasjonen b\u00e5de enkel og fleksibel.<\/p>\n<p>&nbsp;<\/p>\n<p><iframe title=\"Wicomm Smart Hub US\" width=\"1170\" height=\"658\" src=\"https:\/\/www.youtube.com\/embed\/5PHoH2dRjEs?feature=oembed\" frameborder=\"0\" allow=\"accelerometer; autoplay; clipboard-write; encrypted-media; gyroscope; picture-in-picture; web-share\" referrerpolicy=\"strict-origin-when-cross-origin\" allowfullscreen><\/iframe><\/p>","protected":false},"excerpt":{"rendered":"<p>Tr\u00e5dl\u00f8s vanndetektor for WiComm Pro Agility som raskt oppdager og varsler om vannlekkasjer, og beskytter hjemmet og bedriften din mot vannskader.<\/p>\n<p>Enkel \u00e5 installere og fullt kompatibel med Risco sikkerhetssystemer.<\/p>","protected":false},"featured_media":145684,"template":"","meta":{"_acf_changed":false},"product_brand":[],"product_cat":[3188,2731],"product_tag":[3152],"class_list":{"0":"post-57506","1":"product","2":"type-product","3":"status-publish","4":"has-post-thumbnail","6":"product_cat-larmenheter-risco-larm","7":"product_cat-risco-larm","8":"product_tag-cr123-tillbehor","9":"product_shipping_class-postnord-varubrev","10":"pa_brands-4risco","11":"pa_risco-produkter-agility-2","12":"pa_risco-produkter-agility-3","13":"pa_risco-produkter-agility-4","14":"pa_wicomm-pro-kategorier-vattendetektor","15":"tm-no-options","17":"first","18":"onbackorder","19":"sale","20":"featured","21":"taxable","22":"shipping-taxable","23":"purchasable","24":"product-type-simple"},"acf":[],"_links":{"self":[{"href":"https:\/\/secureus.se\/no\/wp-json\/wp\/v2\/product\/57506","targetHints":{"allow":["GET"]}}],"collection":[{"href":"https:\/\/secureus.se\/no\/wp-json\/wp\/v2\/product"}],"about":[{"href":"https:\/\/secureus.se\/no\/wp-json\/wp\/v2\/types\/product"}],"wp:featuredmedia":[{"embeddable":true,"href":"https:\/\/secureus.se\/no\/wp-json\/wp\/v2\/media\/145684"}],"wp:attachment":[{"href":"https:\/\/secureus.se\/no\/wp-json\/wp\/v2\/media?parent=57506"}],"wp:term":[{"taxonomy":"product_brand","embeddable":true,"href":"https:\/\/secureus.se\/no\/wp-json\/wp\/v2\/product_brand?post=57506"},{"taxonomy":"product_cat","embeddable":true,"href":"https:\/\/secureus.se\/no\/wp-json\/wp\/v2\/product_cat?post=57506"},{"taxonomy":"product_tag","embeddable":true,"href":"https:\/\/secureus.se\/no\/wp-json\/wp\/v2\/product_tag?post=57506"}],"curies":[{"name":"wp","href":"https:\/\/api.w.org\/{rel}","templated":true}]}}