{"id":57508,"date":"2022-03-10T14:57:00","date_gmt":"2022-03-10T13:57:00","guid":{"rendered":"https:\/\/secureus.se\/produkt\/glaskrossdetektor-tradlos-agililty2-3-4-och-wicomm-pro\/"},"modified":"2025-12-31T19:37:37","modified_gmt":"2025-12-31T18:37:37","slug":"risco-glaskrossdetektor-1-vag","status":"publish","type":"product","link":"https:\/\/secureus.se\/no\/risco-glaskrossdetektor-1-vag\/","title":{"rendered":"Risco Glassknusdetektor 1-veis"},"content":{"rendered":"<h1>Risco Glassknusdetektor 1-veis<\/h1>\n<p data-start=\"389\" data-end=\"823\">Risco Glassbrudddetektor 1-veis WiComm Pro Agility er en avansert og tr\u00e5dl\u00f8s glassbrudddetektor designet for \u00e5 oppdage glassbrudd p\u00e5 alle typer glass, inkludert vanlig vindusglass, laminert glass, tr\u00e5dforsterket glass og herdet glass.<\/p>\n<p data-start=\"389\" data-end=\"823\">Den har en imponerende rekkevidde p\u00e5 opptil 9 meter og bruker mikroprosessorbasert dobbeltfrekvensm\u00f8nstergjenkjenning for \u00e5 n\u00f8yaktig oppdage selv de minste glassknusene.<\/p>\n<p data-start=\"825\" data-end=\"1227\">Denne glassbrudddetektoren er perfekt for bruk med sikkerhetssystemene Risco Agility og WiComm Pro, og leveres med monteringsbrakett for enkel montering i tak eller p\u00e5 vegg.<\/p>\n<p data-start=\"825\" data-end=\"1227\">For \u00e5 sikre at enheten er p\u00e5litelig, tilbyr den kontinuerlig overv\u00e5king av sabotasje, batterispenning og kommunikasjon.<\/p>\n<p data-start=\"825\" data-end=\"1227\">Den er batteridrevet med et CR123A litiumbatteri som gir opptil 3 \u00e5rs batterilevetid.<\/p>\n<p data-start=\"1229\" data-end=\"1409\">Med fjerntestfunksjonen og funksjonen for overv\u00e5king av d\u00f8d mikrofon kan brukeren enkelt teste enheten uten \u00e5 m\u00e5tte \u00e5pne den, noe som sparer tid og forbedrer brukervennligheten.<\/p>\n<p><iframe title=\"Wicomm Smart Hub US\" width=\"1170\" height=\"658\" src=\"https:\/\/www.youtube.com\/embed\/5PHoH2dRjEs?feature=oembed\" frameborder=\"0\" allow=\"accelerometer; autoplay; clipboard-write; encrypted-media; gyroscope; picture-in-picture; web-share\" referrerpolicy=\"strict-origin-when-cross-origin\" allowfullscreen><\/iframe><\/p>","protected":false},"excerpt":{"rendered":"<p>Tr\u00e5dl\u00f8s glassbrudddetektor for Risco Agility og WiComm Pro, som oppdager alle typer glassbrudd, inkludert plateglass, laminert glass og herdet glass.<\/p>\n<p>Dekningsomr\u00e5de opptil 9 meter for \u00f8kt sikkerhet.<\/p>","protected":false},"featured_media":145686,"template":"","meta":{"_acf_changed":false},"product_brand":[],"product_cat":[2731,3188],"product_tag":[3152,2426],"class_list":{"0":"post-57508","1":"product","2":"type-product","3":"status-publish","4":"has-post-thumbnail","6":"product_cat-risco-larm","7":"product_cat-larmenheter-risco-larm","8":"product_tag-cr123-tillbehor","9":"product_tag-rel-risco","10":"product_shipping_class-postnord-varubrev","11":"pa_brands-4risco","12":"pa_risco-produkter-agility-2","13":"pa_risco-produkter-agility-3","14":"pa_risco-produkter-agility-4","15":"pa_wicomm-pro-kategorier-glaskrossdetektorer","16":"tm-no-options","18":"first","19":"instock","20":"sale","21":"featured","22":"taxable","23":"shipping-taxable","24":"purchasable","25":"product-type-simple"},"acf":[],"_links":{"self":[{"href":"https:\/\/secureus.se\/no\/wp-json\/wp\/v2\/product\/57508","targetHints":{"allow":["GET"]}}],"collection":[{"href":"https:\/\/secureus.se\/no\/wp-json\/wp\/v2\/product"}],"about":[{"href":"https:\/\/secureus.se\/no\/wp-json\/wp\/v2\/types\/product"}],"wp:featuredmedia":[{"embeddable":true,"href":"https:\/\/secureus.se\/no\/wp-json\/wp\/v2\/media\/145686"}],"wp:attachment":[{"href":"https:\/\/secureus.se\/no\/wp-json\/wp\/v2\/media?parent=57508"}],"wp:term":[{"taxonomy":"product_brand","embeddable":true,"href":"https:\/\/secureus.se\/no\/wp-json\/wp\/v2\/product_brand?post=57508"},{"taxonomy":"product_cat","embeddable":true,"href":"https:\/\/secureus.se\/no\/wp-json\/wp\/v2\/product_cat?post=57508"},{"taxonomy":"product_tag","embeddable":true,"href":"https:\/\/secureus.se\/no\/wp-json\/wp\/v2\/product_tag?post=57508"}],"curies":[{"name":"wp","href":"https:\/\/api.w.org\/{rel}","templated":true}]}}