{"id":58385,"date":"2022-07-10T13:17:07","date_gmt":"2022-07-10T11:17:07","guid":{"rendered":"https:\/\/secureus.se\/produkt\/sticker-pvc-30mm-sjalvhaftande-em4200-mif1knummer\/"},"modified":"2026-02-11T16:06:09","modified_gmt":"2026-02-11T15:06:09","slug":"rfid-stickers-pvc-30mm-sjalvhaftande-em4200-mif1knummer","status":"publish","type":"product","link":"https:\/\/secureus.se\/no\/rfid-stickers-pvc-30mm-sjalvhaftande-em4200-mif1knummer\/","title":{"rendered":"RFID-klistremerker PVC 30 mm selvklebende EM4200 + Mifare1k Combi + nummer"},"content":{"rendered":"<p>Kan limes direkte p\u00e5 metallhus.<\/p>\n<p>Materiale PVC.Dimensjon Diameter 25mm for enkeltbrikke og 30mm for kombibrikke.<\/p>\n<p>Tykkelse 1,25 mm\u00b11 mm 25 mm, 1,57 mm\u00b11 mm 30 mm.<\/p>\n<p>Chip EM4200, Mifare 1k, Desfire chip, EM4200+Mifare 1k chip Frekvens 125khz, 13,56mhz.<\/p>\n<p>Leseavstand 1 til 4 cm avhenger av leser og milj\u00f8. Tilgjengelig med eller uten trykte tall og systemnummer.<\/p>\n<p>Mulighet for \u00e5 f\u00e5 p\u00e5 epoxylag.<\/p>\n<div>\n<div>\n<div data-tid=\"messageBodyContainer\">\n<div data-tid=\"messageBodyContent\">\n<div>\n<div>\n<div>\n<p>Sticker er et billig og godt produkt med original chip for alle bruksomr\u00e5der.<\/p>\n<\/div>\n<\/div>\n<\/div>\n<\/div>\n<\/div>\n<\/div>\n<\/div>","protected":false},"excerpt":{"rendered":"<p>Kan limes direkte p\u00e5 metallhus. Materiale PVC Dimensjoner Diameter 25mm for enkeltbrikke og 30mm for kombibrikke. Tykkelse 1,25 mm\u00b11 mm 25 mm, 1,57 mm\u00b11 mm 30 mm. Chip EM4200, Mifare 1k, Desfire chip, EM4200+Mifare 1k chip Frekvens 125khz, 13,56mhz.<\/p>","protected":false},"featured_media":141884,"template":"","meta":{"_acf_changed":false},"product_brand":[],"product_cat":[1357],"product_tag":[2958],"class_list":{"0":"post-58385","1":"product","2":"type-product","3":"status-publish","4":"has-post-thumbnail","6":"product_cat-rfid-sticker","7":"product_tag-stonehouse-produkt","8":"product_shipping_class-postnord-varubrev","9":"pa_brands-stonehouse-security","10":"pa_farg-vit","11":"tm-no-options","13":"first","14":"instock","15":"sale","16":"featured","17":"taxable","18":"shipping-taxable","19":"purchasable","20":"product-type-simple"},"acf":[],"_links":{"self":[{"href":"https:\/\/secureus.se\/no\/wp-json\/wp\/v2\/product\/58385","targetHints":{"allow":["GET"]}}],"collection":[{"href":"https:\/\/secureus.se\/no\/wp-json\/wp\/v2\/product"}],"about":[{"href":"https:\/\/secureus.se\/no\/wp-json\/wp\/v2\/types\/product"}],"wp:featuredmedia":[{"embeddable":true,"href":"https:\/\/secureus.se\/no\/wp-json\/wp\/v2\/media\/141884"}],"wp:attachment":[{"href":"https:\/\/secureus.se\/no\/wp-json\/wp\/v2\/media?parent=58385"}],"wp:term":[{"taxonomy":"product_brand","embeddable":true,"href":"https:\/\/secureus.se\/no\/wp-json\/wp\/v2\/product_brand?post=58385"},{"taxonomy":"product_cat","embeddable":true,"href":"https:\/\/secureus.se\/no\/wp-json\/wp\/v2\/product_cat?post=58385"},{"taxonomy":"product_tag","embeddable":true,"href":"https:\/\/secureus.se\/no\/wp-json\/wp\/v2\/product_tag?post=58385"}],"curies":[{"name":"wp","href":"https:\/\/api.w.org\/{rel}","templated":true}]}}