{"id":58421,"date":"2022-10-10T11:49:27","date_gmt":"2022-10-10T09:49:27","guid":{"rendered":"https:\/\/secureus.se\/produkt\/armbagsbrytare-jck205-plast\/"},"modified":"2025-12-31T20:36:15","modified_gmt":"2025-12-31T19:36:15","slug":"armbagskontakt-jck105-plast","status":"publish","type":"product","link":"https:\/\/secureus.se\/no\/armbagskontakt-jck105-plast\/","title":{"rendered":"Albuekontakt \u2013 ABS-plast \u2013 JCK105"},"content":{"rendered":"<h1 class=\"product_title entry-title elementor-heading-title elementor-size-default\">Albuekontakt \u2013 ABS-plast \u2013 JCK105<\/h1>\n<p>Robust albuekobling i slitesterk ABS-plast. Stilig modell med s\u00f8lvfarget lokk og kontrasterende m\u00f8rkegr\u00e5 bunn.<\/p>\n<p>JCK105 leveres med 1 mikrobryter i IP67, men kan ogs\u00e5 bestilles med flere.<\/p>\n<h3>Teknisk spesifikasjon<\/h3>\n<ul>\n<li>Laget i Sverige.<\/li>\n<li>Materiale: Resirkulerbar ABS-plast.<\/li>\n<li>M\u00e5l l\/b\/h: 250x95x22 mm.<\/li>\n<li>Mikrobryter: Standard 1 stk NO IP67. Kan bestilles med 2, samt med NO\/NC.<\/li>\n<\/ul>","protected":false},"excerpt":{"rendered":"<p>Produktm\u00e5l: 250 x 95 x 23 mm.<\/p>\n<p>Plast albuekobling med flat s\u00f8lvfarget trykkplate og m\u00f8rkegr\u00e5 ramme.<\/p>","protected":false},"featured_media":148380,"template":"","meta":{"_acf_changed":false},"product_brand":[],"product_cat":[1422,4705],"product_tag":[2989],"class_list":{"0":"post-58421","1":"product","2":"type-product","3":"status-publish","4":"has-post-thumbnail","6":"product_cat-armbagskontakter-dorrautomatik","7":"product_cat-abs-plast","8":"product_tag-egen-logo-ej-taggar-kort","9":"product_shipping_class-tunga-paket","10":"pa_brands-jc-kontakter","11":"tm-has-options","13":"first","14":"instock","15":"sale","16":"featured","17":"taxable","18":"shipping-taxable","19":"purchasable","20":"product-type-simple"},"acf":[],"_links":{"self":[{"href":"https:\/\/secureus.se\/no\/wp-json\/wp\/v2\/product\/58421","targetHints":{"allow":["GET"]}}],"collection":[{"href":"https:\/\/secureus.se\/no\/wp-json\/wp\/v2\/product"}],"about":[{"href":"https:\/\/secureus.se\/no\/wp-json\/wp\/v2\/types\/product"}],"wp:featuredmedia":[{"embeddable":true,"href":"https:\/\/secureus.se\/no\/wp-json\/wp\/v2\/media\/148380"}],"wp:attachment":[{"href":"https:\/\/secureus.se\/no\/wp-json\/wp\/v2\/media?parent=58421"}],"wp:term":[{"taxonomy":"product_brand","embeddable":true,"href":"https:\/\/secureus.se\/no\/wp-json\/wp\/v2\/product_brand?post=58421"},{"taxonomy":"product_cat","embeddable":true,"href":"https:\/\/secureus.se\/no\/wp-json\/wp\/v2\/product_cat?post=58421"},{"taxonomy":"product_tag","embeddable":true,"href":"https:\/\/secureus.se\/no\/wp-json\/wp\/v2\/product_tag?post=58421"}],"curies":[{"name":"wp","href":"https:\/\/api.w.org\/{rel}","templated":true}]}}