{"id":58454,"date":"2022-10-12T11:59:07","date_gmt":"2022-10-12T09:59:07","guid":{"rendered":"https:\/\/secureus.se\/produkt\/uplus-12v-65-ah\/"},"modified":"2026-04-02T11:15:56","modified_gmt":"2026-04-02T09:15:56","slug":"batteri-12v-65ah","status":"publish","type":"product","link":"https:\/\/secureus.se\/no\/batteri-12v-65ah\/","title":{"rendered":"Batteri 12V 65Ah UPLUS 10\u201312 \u00e5r Pro-versjon"},"content":{"rendered":"<h1>Batteri 12V 65ah \/ Akkumulator UPLUS 10-12 \u00c5r<\/h1>\n<p>UPLUS tilbyr et av markedets bredeste utvalg av ventilregulerte AGM-batterier med 10-12 \u00e5rs Design Life.<\/p>\n<p>Noen eksempler p\u00e5 bruksomr\u00e5der for UPLUS industribatterier er r\u00f8ykluker, adgangssystemer og kommunikasjonssystemer i heiser.<\/p>\n<p>Dimensjoner mm (LxBxH): 348 x 167 x 178<\/p>\n<p>Vekt Kg: 21,0<\/p>\n<p>Batteri 12V 65ah UPLUS Longlife-batterier er utviklet som en str\u00f8mkilde hvor h\u00f8y driftssikkerhet og lang levetid er prim\u00e6re behov.<\/p>\n<p>Batteriene testes i flere stadier under produksjonsprosessen for \u00e5 m\u00f8te de t\u00f8ffe kravene som brukere i marinesegmentet stiller til sine batterier.<\/p>\n<p>UPLUS Marine-serien tilbyr b\u00e5de standardbatterier som fungerer bra som et allround-batteri og Deep Cycle-batterier som er designet for mer syklisk bruk.<\/p>\n<p>Deep Cycle er derfor det opplagte valget som forbruksbatteri i b\u00e5ter UPS med mange forbrukere og h\u00f8y belastning.<\/p>\n<p>Flertallet av nordiske b\u00e5tprodusenter bruker UPLUS som standard, da driftssikkerhet er viktigst.<\/p>\n<p>Det brede utvalget gj\u00f8r det enkelt \u00e5 finne det batteriet som er best egnet for den respektive installasjonen eller likestr\u00f8mskilden.<\/p>","protected":false},"excerpt":{"rendered":"<p>AGM Batteri 65 AH 10 -12 \u00e5rs levetid for telekom, alarm og sikkerhetssystemer.<\/p>","protected":false},"featured_media":141976,"template":"","meta":{"_acf_changed":false},"product_brand":[],"product_cat":[1596,2428],"product_tag":[2182],"class_list":{"0":"post-58454","1":"product","2":"type-product","3":"status-publish","4":"has-post-thumbnail","6":"product_cat-ackumulatorer-12v-agm-batterier","7":"product_cat-stromforsorjning-batterier","8":"product_tag-batteri-46ah-och-uppat","9":"product_shipping_class-tunga-paket","10":"pa_brands-uplus","11":"tm-no-options","13":"first","14":"instock","15":"sale","16":"featured","17":"taxable","18":"shipping-taxable","19":"purchasable","20":"product-type-simple"},"acf":[],"_links":{"self":[{"href":"https:\/\/secureus.se\/no\/wp-json\/wp\/v2\/product\/58454","targetHints":{"allow":["GET"]}}],"collection":[{"href":"https:\/\/secureus.se\/no\/wp-json\/wp\/v2\/product"}],"about":[{"href":"https:\/\/secureus.se\/no\/wp-json\/wp\/v2\/types\/product"}],"wp:featuredmedia":[{"embeddable":true,"href":"https:\/\/secureus.se\/no\/wp-json\/wp\/v2\/media\/141976"}],"wp:attachment":[{"href":"https:\/\/secureus.se\/no\/wp-json\/wp\/v2\/media?parent=58454"}],"wp:term":[{"taxonomy":"product_brand","embeddable":true,"href":"https:\/\/secureus.se\/no\/wp-json\/wp\/v2\/product_brand?post=58454"},{"taxonomy":"product_cat","embeddable":true,"href":"https:\/\/secureus.se\/no\/wp-json\/wp\/v2\/product_cat?post=58454"},{"taxonomy":"product_tag","embeddable":true,"href":"https:\/\/secureus.se\/no\/wp-json\/wp\/v2\/product_tag?post=58454"}],"curies":[{"name":"wp","href":"https:\/\/api.w.org\/{rel}","templated":true}]}}