{"id":58459,"date":"2022-10-12T12:13:20","date_gmt":"2022-10-12T10:13:20","guid":{"rendered":"https:\/\/secureus.se\/produkt\/uplus-12v-45-ah\/"},"modified":"2026-04-20T10:32:03","modified_gmt":"2026-04-20T08:32:03","slug":"batteri-12v-45ah","status":"publish","type":"product","link":"https:\/\/secureus.se\/no\/batteri-12v-45ah\/","title":{"rendered":"Batteri 12V 45Ah UPLUS 10\u201312 \u00e5r Pro-versjon"},"content":{"rendered":"<h1>Batteri 12V 45ah \/ Akkumulator UPLUS 10-12 \u00c5r<\/h1>\n<p>UPLUS tilbyr et av markedets bredeste utvalg av ventilregulerte AGM-batterier med 10-12 \u00e5rs Design Life.<\/p>\n<p>Noen eksempler p\u00e5 bruksomr\u00e5der for UPLUS industribatterier er r\u00f8ykluker, adgangssystemer og kommunikasjonssystemer i heiser.<\/p>\n<p>Dimensjoner mm (LxBxH): 197 x 165 x 170<\/p>\n<p>Vekt Kg: 14,50<\/p>\n<p>Batteri 12V 45ah UPLUS Longlife-batterier er utviklet som en str\u00f8mkilde hvor h\u00f8y p\u00e5litelighet og lang levetid er prim\u00e6re behov.<\/p>\n<p>Batteriene testes i flere stadier under produksjonsprosessen for \u00e5 m\u00f8te de t\u00f8ffe kravene som brukere i marinesegmentet stiller til sine batterier.<\/p>\n<p>UPLUS Marine-serien tilbyr b\u00e5de standardbatterier som fungerer bra som et allround-batteri og Deep Cycle-batterier som er designet for mer syklisk bruk.<\/p>\n<p>Deep Cycle er derfor det opplagte valget som forbruksbatteri i b\u00e5ter UPS med mange forbrukere og h\u00f8y belastning.<\/p>\n<p>Flertallet av nordiske b\u00e5tprodusenter bruker UPLUS som standard, da driftssikkerhet er viktigst.<\/p>\n<p>Det brede utvalget gj\u00f8r det enkelt \u00e5 finne det batteriet som er best egnet for den respektive installasjonen eller likestr\u00f8mskilden.<\/p>","protected":false},"excerpt":{"rendered":"<p>AGM Batteri 45 AH 10 -12 \u00e5rs levetid for telekom, alarm og sikkerhetssystemer.<\/p>","protected":false},"featured_media":142602,"template":"","meta":{"_acf_changed":false},"product_brand":[],"product_cat":[1596,2428,1324],"product_tag":[4406],"class_list":{"0":"post-58459","1":"product","2":"type-product","3":"status-publish","4":"has-post-thumbnail","6":"product_cat-ackumulatorer-12v-agm-batterier","7":"product_cat-stromforsorjning-batterier","8":"product_cat-outlet","9":"product_tag-batteri-13-45-ah","10":"product_shipping_class-tunga-paket","11":"pa_brands-uplus","12":"tm-no-options","14":"first","15":"instock","16":"sale","17":"featured","18":"taxable","19":"shipping-taxable","20":"purchasable","21":"product-type-simple"},"acf":[],"_links":{"self":[{"href":"https:\/\/secureus.se\/no\/wp-json\/wp\/v2\/product\/58459","targetHints":{"allow":["GET"]}}],"collection":[{"href":"https:\/\/secureus.se\/no\/wp-json\/wp\/v2\/product"}],"about":[{"href":"https:\/\/secureus.se\/no\/wp-json\/wp\/v2\/types\/product"}],"wp:featuredmedia":[{"embeddable":true,"href":"https:\/\/secureus.se\/no\/wp-json\/wp\/v2\/media\/142602"}],"wp:attachment":[{"href":"https:\/\/secureus.se\/no\/wp-json\/wp\/v2\/media?parent=58459"}],"wp:term":[{"taxonomy":"product_brand","embeddable":true,"href":"https:\/\/secureus.se\/no\/wp-json\/wp\/v2\/product_brand?post=58459"},{"taxonomy":"product_cat","embeddable":true,"href":"https:\/\/secureus.se\/no\/wp-json\/wp\/v2\/product_cat?post=58459"},{"taxonomy":"product_tag","embeddable":true,"href":"https:\/\/secureus.se\/no\/wp-json\/wp\/v2\/product_tag?post=58459"}],"curies":[{"name":"wp","href":"https:\/\/api.w.org\/{rel}","templated":true}]}}