{"id":58461,"date":"2022-10-12T12:17:59","date_gmt":"2022-10-12T10:17:59","guid":{"rendered":"https:\/\/secureus.se\/produkt\/uplus-12v-33-ah\/"},"modified":"2026-04-02T11:16:18","modified_gmt":"2026-04-02T09:16:18","slug":"batteri-12v-33ah","status":"publish","type":"product","link":"https:\/\/secureus.se\/no\/batteri-12v-33ah\/","title":{"rendered":"Batteri 12V 33Ah UPLUS 10\u201312 \u00e5r Pro-versjon"},"content":{"rendered":"<h1>Batteri 12V 33ah \/ Akkumulator UPLUS 10-12 \u00c5r<\/h1>\n<p>UPLUS tilbyr et av markedets bredeste utvalg av ventilregulerte AGM-batterier med 10-12 \u00e5rs Design Life.<\/p>\n<p>Noen eksempler p\u00e5 bruksomr\u00e5der for UPLUS industribatterier er r\u00f8ykluker, adgangssystemer og kommunikasjonssystemer i heiser.<\/p>\n<p>Dimensjoner mm (LxBxH): 195 x 130 x 164<\/p>\n<p>Vekt Kg: 10,50<\/p>\n<p>Batteri 12V 33ah UPLUS Longlife-batterier er utviklet som en str\u00f8mkilde hvor h\u00f8y driftssikkerhet og lang levetid er prim\u00e6re behov.<\/p>\n<p>Batteriene testes i flere stadier under produksjonsprosessen for \u00e5 m\u00f8te de t\u00f8ffe kravene som brukere i marinesegmentet stiller til sine batterier.<\/p>\n<p>UPLUS Marine-serien tilbyr b\u00e5de standardbatterier som fungerer bra som et allround-batteri og Deep Cycle-batterier som er designet for mer syklisk bruk.<\/p>\n<p>Deep Cycle er derfor det opplagte valget som forbruksbatteri i b\u00e5ter UPS med mange forbrukere og h\u00f8y belastning.<\/p>\n<p>Flertallet av nordiske b\u00e5tprodusenter bruker UPLUS som standard, da driftssikkerhet er viktigst.<\/p>\n<p>Det brede utvalget gj\u00f8r det enkelt \u00e5 finne det batteriet som er best egnet for den respektive installasjonen eller likestr\u00f8mskilden.<\/p>","protected":false},"excerpt":{"rendered":"<p>AGM Batteri 33 AH 10 -12 \u00e5rs levetid for telekom, alarm og sikkerhetssystemer.<\/p>","protected":false},"featured_media":142200,"template":"","meta":{"_acf_changed":false},"product_brand":[],"product_cat":[1596,2428],"product_tag":[4406],"class_list":{"0":"post-58461","1":"product","2":"type-product","3":"status-publish","4":"has-post-thumbnail","6":"product_cat-ackumulatorer-12v-agm-batterier","7":"product_cat-stromforsorjning-batterier","8":"product_tag-batteri-13-45-ah","9":"product_shipping_class-tunga-paket","10":"pa_brands-uplus","11":"tm-no-options","13":"first","14":"instock","15":"sale","16":"featured","17":"taxable","18":"shipping-taxable","19":"purchasable","20":"product-type-simple"},"acf":[],"_links":{"self":[{"href":"https:\/\/secureus.se\/no\/wp-json\/wp\/v2\/product\/58461","targetHints":{"allow":["GET"]}}],"collection":[{"href":"https:\/\/secureus.se\/no\/wp-json\/wp\/v2\/product"}],"about":[{"href":"https:\/\/secureus.se\/no\/wp-json\/wp\/v2\/types\/product"}],"wp:featuredmedia":[{"embeddable":true,"href":"https:\/\/secureus.se\/no\/wp-json\/wp\/v2\/media\/142200"}],"wp:attachment":[{"href":"https:\/\/secureus.se\/no\/wp-json\/wp\/v2\/media?parent=58461"}],"wp:term":[{"taxonomy":"product_brand","embeddable":true,"href":"https:\/\/secureus.se\/no\/wp-json\/wp\/v2\/product_brand?post=58461"},{"taxonomy":"product_cat","embeddable":true,"href":"https:\/\/secureus.se\/no\/wp-json\/wp\/v2\/product_cat?post=58461"},{"taxonomy":"product_tag","embeddable":true,"href":"https:\/\/secureus.se\/no\/wp-json\/wp\/v2\/product_tag?post=58461"}],"curies":[{"name":"wp","href":"https:\/\/api.w.org\/{rel}","templated":true}]}}