{"id":58471,"date":"2022-10-12T12:44:51","date_gmt":"2022-10-12T10:44:51","guid":{"rendered":"https:\/\/secureus.se\/produkt\/uplus-c-12v-200-ah\/"},"modified":"2026-04-20T10:32:56","modified_gmt":"2026-04-20T08:32:56","slug":"batteri-12v-200ah","status":"publish","type":"product","link":"https:\/\/secureus.se\/no\/batteri-12v-200ah\/","title":{"rendered":"Batteri 12V 200Ah UPLUS 10\u201312 \u00e5r Pro-versjon"},"content":{"rendered":"<h1>Batteri 12V 200ah \/ Akkumulator UPLUS 10-12 \u00c5r<\/h1>\n<p>UPLUS tilbyr et av markedets bredeste utvalg av h\u00f8yytelses AGM-batterier.<\/p>\n<p>UPLUS har i mange \u00e5r v\u00e6rt en av de st\u00f8rste produsentene av kvalitetsbatterier for det globale markedet innenfor produksjonsindustrien.<\/p>\n<p>Dimensjoner mm (LxBxH): 522 x 240 x 218<\/p>\n<p>Vekt Kg: 62,50<\/p>\n<p>Batteri 12V 200ah UPLUS Longlife-batterier er utviklet som en str\u00f8mkilde hvor h\u00f8y p\u00e5litelighet og lang levetid er prim\u00e6re behov.<\/p>\n<p>Batteriene testes i flere stadier under produksjonsprosessen for \u00e5 m\u00f8te de t\u00f8ffe kravene som brukere i marinesegmentet stiller til sine batterier.<\/p>\n<p>UPLUS Marine-serien tilbyr b\u00e5de standardbatterier som fungerer bra som et allround-batteri og Deep Cycle-batterier som er designet for mer syklisk bruk.<\/p>\n<p>Deep Cycle er derfor det opplagte valget som forbruksbatteri i b\u00e5ter UPS med mange forbrukere og h\u00f8y belastning.<\/p>\n<p>Flertallet av nordiske b\u00e5tprodusenter bruker UPLUS som standard, da driftssikkerhet er viktigst.<\/p>\n<p>Det brede utvalget gj\u00f8r det enkelt \u00e5 finne det batteriet som er best egnet for den respektive installasjonen eller likestr\u00f8mskilden.<\/p>","protected":false},"excerpt":{"rendered":"<p>AGM Batteri 200 AH 10 -12 \u00e5rs levetid for telekommunikasjon, alarmer og sikkerhetssystemer.<\/p>","protected":false},"featured_media":141963,"template":"","meta":{"_acf_changed":false},"product_brand":[],"product_cat":[1596,2428],"product_tag":[2182],"class_list":{"0":"post-58471","1":"product","2":"type-product","3":"status-publish","4":"has-post-thumbnail","6":"product_cat-ackumulatorer-12v-agm-batterier","7":"product_cat-stromforsorjning-batterier","8":"product_tag-batteri-46ah-och-uppat","9":"product_shipping_class-tunga-paket","10":"pa_brands-uplus","11":"tm-no-options","13":"first","14":"instock","15":"sale","16":"featured","17":"taxable","18":"shipping-taxable","19":"purchasable","20":"product-type-simple"},"acf":[],"_links":{"self":[{"href":"https:\/\/secureus.se\/no\/wp-json\/wp\/v2\/product\/58471","targetHints":{"allow":["GET"]}}],"collection":[{"href":"https:\/\/secureus.se\/no\/wp-json\/wp\/v2\/product"}],"about":[{"href":"https:\/\/secureus.se\/no\/wp-json\/wp\/v2\/types\/product"}],"wp:featuredmedia":[{"embeddable":true,"href":"https:\/\/secureus.se\/no\/wp-json\/wp\/v2\/media\/141963"}],"wp:attachment":[{"href":"https:\/\/secureus.se\/no\/wp-json\/wp\/v2\/media?parent=58471"}],"wp:term":[{"taxonomy":"product_brand","embeddable":true,"href":"https:\/\/secureus.se\/no\/wp-json\/wp\/v2\/product_brand?post=58471"},{"taxonomy":"product_cat","embeddable":true,"href":"https:\/\/secureus.se\/no\/wp-json\/wp\/v2\/product_cat?post=58471"},{"taxonomy":"product_tag","embeddable":true,"href":"https:\/\/secureus.se\/no\/wp-json\/wp\/v2\/product_tag?post=58471"}],"curies":[{"name":"wp","href":"https:\/\/api.w.org\/{rel}","templated":true}]}}