{"id":59034,"date":"2022-07-10T13:00:53","date_gmt":"2022-07-10T11:00:53","guid":{"rendered":"https:\/\/secureus.se\/produkt\/sticker-sjalvhaftande-mifare1k-fm11rf08-pappers-30mm\/"},"modified":"2025-12-31T20:24:09","modified_gmt":"2025-12-31T19:24:09","slug":"rfid-stickers-sjalvhaftande-mifare1k-fm11rf08-pappers-30mm","status":"publish","type":"product","link":"https:\/\/secureus.se\/no\/rfid-stickers-sjalvhaftande-mifare1k-fm11rf08-pappers-30mm\/","title":{"rendered":"RFID-klistremerker selvklebende Mifare1k-kompatibel brikke \u2013 Papir 30 mm"},"content":{"rendered":"<p>Leveres 1 og 1 med selvklebende overflate og innebygd brikke (kompatibel Mifare1k brikke)<\/p>\n<p>Brikken p\u00e5 innsiden er FM11RF08<\/p>\n<p>Fordi den er laget av papir, er den ekstremt tynn og relativt skj\u00f8r.<\/p>\n<p>\u00d8nsker du en pinne som t\u00e5ler ytre p\u00e5virkning bedre, velg en pinne i PVC.<\/p>\n<div>\n<div data-tid=\"messageBodyContainer\">\n<div data-tid=\"messageBodyContent\"><\/div>\n<\/div>\n<\/div>","protected":false},"excerpt":{"rendered":"<p>Leveres 1 og 1 med selvklebende overflate og innebygd brikke (kompatibel Mifare1k brikke) Brikken inni er FM11RF08 Siden den er laget av papir er den ekstremt tynn og er relativt sett<\/p>","protected":false},"featured_media":141754,"template":"","meta":{"_acf_changed":false},"product_brand":[],"product_cat":[1357],"product_tag":[2405,2958],"class_list":{"0":"post-59034","1":"product","2":"type-product","3":"status-publish","4":"has-post-thumbnail","6":"product_cat-rfid-sticker","7":"product_tag-rel-rfid","8":"product_tag-stonehouse-produkt","9":"product_shipping_class-postnord-varubrev","10":"pa_brands-stonehouse-security","11":"pa_farg-vit","12":"tm-no-options","14":"first","15":"instock","16":"sale","17":"featured","18":"taxable","19":"shipping-taxable","20":"purchasable","21":"product-type-simple"},"acf":[],"_links":{"self":[{"href":"https:\/\/secureus.se\/no\/wp-json\/wp\/v2\/product\/59034","targetHints":{"allow":["GET"]}}],"collection":[{"href":"https:\/\/secureus.se\/no\/wp-json\/wp\/v2\/product"}],"about":[{"href":"https:\/\/secureus.se\/no\/wp-json\/wp\/v2\/types\/product"}],"wp:featuredmedia":[{"embeddable":true,"href":"https:\/\/secureus.se\/no\/wp-json\/wp\/v2\/media\/141754"}],"wp:attachment":[{"href":"https:\/\/secureus.se\/no\/wp-json\/wp\/v2\/media?parent=59034"}],"wp:term":[{"taxonomy":"product_brand","embeddable":true,"href":"https:\/\/secureus.se\/no\/wp-json\/wp\/v2\/product_brand?post=59034"},{"taxonomy":"product_cat","embeddable":true,"href":"https:\/\/secureus.se\/no\/wp-json\/wp\/v2\/product_cat?post=59034"},{"taxonomy":"product_tag","embeddable":true,"href":"https:\/\/secureus.se\/no\/wp-json\/wp\/v2\/product_tag?post=59034"}],"curies":[{"name":"wp","href":"https:\/\/api.w.org\/{rel}","templated":true}]}}