{"id":67606,"date":"2022-11-14T16:34:02","date_gmt":"2022-11-14T15:34:02","guid":{"rendered":"https:\/\/secureus.se\/produkt\/ackumulator-6-volt-3-4ah-agility-ny-version-mer-kraft\/"},"modified":"2026-04-07T16:34:08","modified_gmt":"2026-04-07T14:34:08","slug":"batteri-6v-34-ah","status":"publish","type":"product","link":"https:\/\/secureus.se\/no\/batteri-6v-34-ah\/","title":{"rendered":"Batteri 6V 3,4Ah"},"content":{"rendered":"<h1>Batteri 6V 3,4 Ah<\/h1>\n<p data-start=\"434\" data-end=\"817\">Batteri 6V 3,4 Ah er en viktig komponent i alarm- og telekommunikasjonssystemer som krever en sikker og stabil str\u00f8mforsyning.<\/p>\n<p data-start=\"434\" data-end=\"817\">Dette batteriet er spesielt nyttig for Agility-alarmer og andre systemer som bruker 6V str\u00f8mforsyning.<\/p>\n<p data-start=\"434\" data-end=\"817\">For \u00e5 sikre at systemet alltid har p\u00e5litelig reservestr\u00f8m, anbefales det \u00e5 bytte batteri etter omtrent tre \u00e5r, uavhengig av dets n\u00e5v\u00e6rende status.<\/p>\n<p data-start=\"819\" data-end=\"1097\">Agility-alarmsystemets kontrollpanel tester regelmessig batteriets funksjon, og sikrer at det alltid er i drift n\u00e5r det trengs som mest.<\/p>\n<p data-start=\"819\" data-end=\"1097\">Dette lar deg v\u00e6re trygg p\u00e5 at alarmen din fungerer som den skal og er forberedt p\u00e5 eventuelle n\u00f8dsituasjoner.<\/p>\n<p data-start=\"1099\" data-end=\"1466\">Batteriet er vedlikeholdsfritt, noe som gj\u00f8r det enkelt \u00e5 bruke og installere.<\/p>\n<p data-start=\"1099\" data-end=\"1466\">Med sine kompakte m\u00e5l (134x34x66 mm) og vekt p\u00e5 bare 0,635 kg, er den enkel \u00e5 installere i ulike alarm- og sikkerhetssystemer.<\/p>\n<p data-start=\"1099\" data-end=\"1466\">Den langvarige og p\u00e5litelige ytelsen gj\u00f8r den til et utmerket valg for alle typer alarm- og telekommunikasjonssystemer der h\u00f8yest mulig p\u00e5litelighet er p\u00e5krevd.<\/p>\n<p data-start=\"1468\" data-end=\"1498\"><strong data-start=\"1468\" data-end=\"1496\">Hovedfunksjoner:<\/strong><\/p>\n<ul data-start=\"1499\" data-end=\"1776\">\n<li data-start=\"1499\" data-end=\"1519\">\n<p data-start=\"1501\" data-end=\"1519\"><strong data-start=\"1501\" data-end=\"1514\">Spenning:<\/strong> 6V<\/p>\n<\/li>\n<li data-start=\"1520\" data-end=\"1545\">\n<p data-start=\"1522\" data-end=\"1545\"><strong data-start=\"1522\" data-end=\"1536\">Kapasitet:<\/strong> 3,4 Ah<\/p>\n<\/li>\n<li data-start=\"1546\" data-end=\"1587\">\n<p data-start=\"1548\" data-end=\"1587\"><strong data-start=\"1548\" data-end=\"1560\">St\u00f8rrelse:<\/strong> 134 x 34 x 66 mm (L x B x H)<\/p>\n<\/li>\n<li data-start=\"1588\" data-end=\"1610\">\n<p data-start=\"1590\" data-end=\"1610\"><strong data-start=\"1590\" data-end=\"1599\">Vekt:<\/strong> 0,635 kg<\/p>\n<\/li>\n<li data-start=\"1611\" data-end=\"1671\">\n<p data-start=\"1613\" data-end=\"1671\"><strong data-start=\"1613\" data-end=\"1628\">Bruk:<\/strong> Alarm- og telekommunikasjonssystemer, Smidighetsalarmer<\/p>\n<\/li>\n<li data-start=\"1672\" data-end=\"1699\">\n<p data-start=\"1674\" data-end=\"1699\"><strong data-start=\"1674\" data-end=\"1694\">Vedlikeholdsfri:<\/strong> Ja<\/p>\n<\/li>\n<li data-start=\"1700\" data-end=\"1732\">\n<p data-start=\"1702\" data-end=\"1732\"><strong data-start=\"1702\" data-end=\"1716\">Levetid:<\/strong> Inntil 3 \u00e5r<\/p>\n<\/li>\n<li data-start=\"1733\" data-end=\"1776\">\n<p data-start=\"1735\" data-end=\"1776\"><strong data-start=\"1735\" data-end=\"1764\">Leverand\u00f8rens artikkelnummer:<\/strong> 500034-6V<\/p>\n<\/li>\n<\/ul>\n<p data-start=\"1778\" data-end=\"1793\"><strong data-start=\"1778\" data-end=\"1791\">Fordeler:<\/strong><\/p>\n<ul data-start=\"1794\" data-end=\"2113\">\n<li data-start=\"1794\" data-end=\"1847\">\n<p data-start=\"1796\" data-end=\"1847\"><strong data-start=\"1796\" data-end=\"1815\">Vedlikeholdsfri<\/strong> \u2013 Krever minimalt med tilsyn<\/p>\n<\/li>\n<li data-start=\"1848\" data-end=\"1923\">\n<p data-start=\"1850\" data-end=\"1923\"><strong data-start=\"1850\" data-end=\"1874\">H\u00f8y p\u00e5litelighet<\/strong> \u2013 Perfekt for alarm- og sikkerhetsapplikasjoner<\/p>\n<\/li>\n<li data-start=\"1924\" data-end=\"2031\">\n<p data-start=\"1926\" data-end=\"2031\"><strong data-start=\"1926\" data-end=\"1946\">Sikkerhetsgaranti<\/strong> \u2013 Regelmessig testing av Agility-systemet for \u00e5 sikre at batteriet fungerer<\/p>\n<\/li>\n<li data-start=\"2032\" data-end=\"2113\">\n<p data-start=\"2034\" data-end=\"2113\"><strong data-start=\"2034\" data-end=\"2052\">Lang levetid<\/strong> \u2013 Opptil 3 \u00e5rs bruk for sikker og stabil reservestr\u00f8m<\/p>\n<\/li>\n<\/ul>\n<p data-start=\"2115\" data-end=\"2410\">Oppsummert er et 6V 3,4 Ah-batteri en p\u00e5litelig l\u00f8sning for sikkerhets- og telekommunikasjonssystemer som krever en stabil str\u00f8mforsyning.<\/p>\n<p data-start=\"2115\" data-end=\"2410\">Den tilbyr langvarig ytelse og sikkerhet, noe som gj\u00f8r den til et utmerket valg for alle som \u00f8nsker \u00e5 opprettholde p\u00e5litelig drift i sikkerhetssystemene sine.<\/p>","protected":false},"excerpt":{"rendered":"<p>Batteri 6V 3,4 Ah er et vedlikeholdsfritt batteri designet for bruk i alarm- og telekommunikasjonssystemer, inkludert Agility-alarmsystemer.<\/p>\n<p>Den sikrer p\u00e5litelig reservestr\u00f8m i opptil tre \u00e5r, og den b\u00f8r byttes ut etter denne tiden for \u00e5 opprettholde funksjonalitet og sikkerhet.<\/p>","protected":false},"featured_media":142069,"template":"","meta":{"_acf_changed":false},"product_brand":[],"product_cat":[1596,2428,1862],"product_tag":[4513,2419,2426],"class_list":{"0":"post-67606","1":"product","2":"type-product","3":"status-publish","4":"has-post-thumbnail","6":"product_cat-ackumulatorer-12v-agm-batterier","7":"product_cat-stromforsorjning-batterier","8":"product_cat-batterier-knappcell","9":"product_tag-batteri-1-6-ah","10":"product_tag-rel-batteri","11":"product_tag-rel-risco","12":"product_shipping_class-tunga-paket","13":"pa_brands-stonehouse-security","14":"pa_risco-produkter-agility-2","15":"pa_risco-produkter-agility-3","16":"pa_risco-produkter-agility-4","17":"tm-no-options","19":"first","20":"instock","21":"sale","22":"featured","23":"taxable","24":"shipping-taxable","25":"purchasable","26":"product-type-simple"},"acf":[],"_links":{"self":[{"href":"https:\/\/secureus.se\/no\/wp-json\/wp\/v2\/product\/67606","targetHints":{"allow":["GET"]}}],"collection":[{"href":"https:\/\/secureus.se\/no\/wp-json\/wp\/v2\/product"}],"about":[{"href":"https:\/\/secureus.se\/no\/wp-json\/wp\/v2\/types\/product"}],"wp:featuredmedia":[{"embeddable":true,"href":"https:\/\/secureus.se\/no\/wp-json\/wp\/v2\/media\/142069"}],"wp:attachment":[{"href":"https:\/\/secureus.se\/no\/wp-json\/wp\/v2\/media?parent=67606"}],"wp:term":[{"taxonomy":"product_brand","embeddable":true,"href":"https:\/\/secureus.se\/no\/wp-json\/wp\/v2\/product_brand?post=67606"},{"taxonomy":"product_cat","embeddable":true,"href":"https:\/\/secureus.se\/no\/wp-json\/wp\/v2\/product_cat?post=67606"},{"taxonomy":"product_tag","embeddable":true,"href":"https:\/\/secureus.se\/no\/wp-json\/wp\/v2\/product_tag?post=67606"}],"curies":[{"name":"wp","href":"https:\/\/api.w.org\/{rel}","templated":true}]}}