{"id":68285,"date":"2022-11-21T17:14:52","date_gmt":"2022-11-21T16:14:52","guid":{"rendered":"https:\/\/secureus.se\/produkt\/visonic-kf-234-pg2-powerg-wireless-keyfob-transmitter\/"},"modified":"2026-04-26T20:16:46","modified_gmt":"2026-04-26T18:16:46","slug":"fjarrkontroll-kf-234-pg2-visonic","status":"publish","type":"product","link":"https:\/\/secureus.se\/no\/fjarrkontroll-kf-234-pg2-visonic\/","title":{"rendered":"Fjernkontroll KF-234 PG2 PowerG \u2013 Visonic"},"content":{"rendered":"<h1>Fjernkontroll KF-234 PG2 \u2013 Praktisk og sikker fjernkontroll for alarmsystemet ditt<\/h1>\n<p>KF-234 PG2 er den perfekte l\u00f8sningen for enkelt \u00e5 administrere ditt Visonic PowerMaster alarmsystem.<\/p>\n<p>Med sine fire funksjonsknapper kan du aktivere, deaktivere og aktivere skallbeskyttelsesmodus samt utl\u00f8se en panikkalarm \u2013 alt med et tastetrykk.<\/p>\n<p>Takket v\u00e6re PowerG-teknologiens avanserte sikkerhetsprotokoller, tilbyr KF-234 PG2 en rekkevidde som overg\u00e5r industristandarder, noe som gj\u00f8r den ideell selv for store rom uten behov for ekstra repeatere.<\/p>\n<p>Med en batterilevetid p\u00e5 opptil 8 \u00e5r trenger du sjelden \u00e5 tenke p\u00e5 \u00e5 bytte batterier, noe som letter bruken ytterligere.<\/p>\n<h4>Fordeler:<\/h4>\n<ul>\n<li><strong>Sikkerhet og komfort<\/strong>: Enkel aktivering og deaktivering av alarmen.<\/li>\n<li><strong>Toveis kommunikasjon<\/strong>: F\u00e5 bekreftelse p\u00e5 utf\u00f8rte kommandoer via LED-indikatorer.<\/li>\n<li><strong>Lang batterilevetid<\/strong>: Opptil 8 \u00e5r for p\u00e5litelig bruk.<\/li>\n<li><strong>Kompakt design<\/strong>: Liten og hendig, lett \u00e5 b\u00e6re.<\/li>\n<\/ul>\n<p>KF-234 PG2 er det ultimate valget for de som \u00f8nsker sikkerhet og brukervennlighet i \u00e9n enhet.<\/p>","protected":false},"excerpt":{"rendered":"<p>KF-234 PG2 er en tr\u00e5dl\u00f8s fjernkontroll med fire knapper som gj\u00f8r det enkelt \u00e5 kontrollere ditt Visonic PowerMaster alarmsystem.<\/p>\n<p>Med PowerG-teknologi og opptil 8 \u00e5rs batterilevetid er den b\u00e5de p\u00e5litelig og sikker.<\/p>","protected":false},"featured_media":141174,"template":"","meta":{"_acf_changed":false},"product_brand":[],"product_cat":[3378,2732],"product_tag":[2327],"class_list":{"0":"post-68285","1":"product","2":"type-product","3":"status-publish","4":"has-post-thumbnail","6":"product_cat-visonic-larmstyrning-knappsatser","7":"product_cat-visonic-larm-tradlost","8":"product_tag-visonic-fjarr-assistansknapp","9":"product_shipping_class-postnord-varubrev","10":"pa_brands-5visonic","11":"pa_farg-svart","12":"tm-no-options","14":"first","15":"instock","16":"sale","17":"featured","18":"taxable","19":"shipping-taxable","20":"purchasable","21":"product-type-simple"},"acf":[],"_links":{"self":[{"href":"https:\/\/secureus.se\/no\/wp-json\/wp\/v2\/product\/68285","targetHints":{"allow":["GET"]}}],"collection":[{"href":"https:\/\/secureus.se\/no\/wp-json\/wp\/v2\/product"}],"about":[{"href":"https:\/\/secureus.se\/no\/wp-json\/wp\/v2\/types\/product"}],"wp:featuredmedia":[{"embeddable":true,"href":"https:\/\/secureus.se\/no\/wp-json\/wp\/v2\/media\/141174"}],"wp:attachment":[{"href":"https:\/\/secureus.se\/no\/wp-json\/wp\/v2\/media?parent=68285"}],"wp:term":[{"taxonomy":"product_brand","embeddable":true,"href":"https:\/\/secureus.se\/no\/wp-json\/wp\/v2\/product_brand?post=68285"},{"taxonomy":"product_cat","embeddable":true,"href":"https:\/\/secureus.se\/no\/wp-json\/wp\/v2\/product_cat?post=68285"},{"taxonomy":"product_tag","embeddable":true,"href":"https:\/\/secureus.se\/no\/wp-json\/wp\/v2\/product_tag?post=68285"}],"curies":[{"name":"wp","href":"https:\/\/api.w.org\/{rel}","templated":true}]}}