{"id":68287,"date":"2022-11-21T17:14:46","date_gmt":"2022-11-21T16:14:46","guid":{"rendered":"https:\/\/secureus.se\/produkt\/visonic-smd-429-pg2-powerg-wireless-smoke-and-heat-detector\/"},"modified":"2026-03-11T16:56:25","modified_gmt":"2026-03-11T15:56:25","slug":"rokdetektor-smd-429-visonic","status":"publish","type":"product","link":"https:\/\/secureus.se\/no\/rokdetektor-smd-429-visonic\/","title":{"rendered":"R\u00f8ykvarsler SMD-429 med varmedetektor og PowerG \u2013 Visonic r\u00f8ykvarsler \u2013 EOL Selges s\u00e5 lenge lageret rekker"},"content":{"rendered":"<h1>R\u00f8ykvarsler SMD-429 \u2013 Sikkerhet og sikkerhet<\/h1>\n<p>SMD-429 er en h\u00f8yytelses tr\u00e5dl\u00f8s r\u00f8yk- og varmedetektor designet for \u00e5 beskytte hjemmet eller bedriften din mot brann.<\/p>\n<p>Med revolusjonerende PowerG-teknologi kombinerer denne enheten p\u00e5litelighet og enkelhet med markedsledende sikkerhet.<\/p>\n<p>Detektoren oppdager raskt r\u00f8yk og temperaturer over 57\u00b0C og varsler med en innebygd 85 dB sirene og en blinkende LED.<\/p>\n<p>Samtidig sender den signaler til alarmsystemet for \u00e5 sikre rask respons.<\/p>\n<h4>Funksjoner og fordeler<\/h4>\n<ul>\n<li><strong>Tidlige brannvarsler<\/strong>: Sensorer oppdager r\u00f8yk og varme for \u00e5 gi tidlig varsling.<\/li>\n<li><strong>Lang rekkevidde<\/strong>: PowerG-teknologi muliggj\u00f8r repeaterfri installasjon selv i st\u00f8rre lokaler.<\/li>\n<li><strong>Enkel \u00e5 installere<\/strong>: Enkel montering uten komplisert kabling.<\/li>\n<li><strong>Lang batterilevetid<\/strong>: Opptil 3 \u00e5r ved normal bruk.<\/li>\n<li><strong>Kompatibilitet<\/strong>: Fungerer s\u00f8ml\u00f8st med PowerMaster alarmsystemer.<\/li>\n<\/ul>\n<p>Med sin enkle installasjon og avanserte teknologi er SMD-429 perfekt for b\u00e5de hjem og bedrifter som prioriterer sikkerhet og bekvemmelighet.<\/p>\n<p>&nbsp;<\/p>","protected":false},"excerpt":{"rendered":"<p>SMD-429 er en avansert tr\u00e5dl\u00f8s r\u00f8yk- og varmedetektor med innebygd sirene og PowerG-teknologi.<\/p>\n<p>Den gir tidlig varsling om r\u00f8yk og temperaturer over 57\u00b0C, og beskytter hjemmet eller bedriften 24\/7.<\/p>\n<p>Med enkel installasjon, lavt batteriforbruk og kompatibilitet med PowerMaster-systemer er SMD-429 den perfekte l\u00f8sningen for brannsikkerhet.<\/p>","protected":false},"featured_media":142080,"template":"","meta":{"_acf_changed":false},"product_brand":[],"product_cat":[3376,3383,3377],"product_tag":[],"class_list":{"0":"post-68287","1":"product","2":"type-product","3":"status-publish","4":"has-post-thumbnail","6":"product_cat-visonic-larmenheter","7":"product_cat-visonic-brandvarnare-vattendetektor-temperatur","8":"product_cat-visonic-siren","9":"product_shipping_class-tunga-paket","10":"pa_brands-5visonic","11":"tm-no-options","13":"first","14":"outofstock","15":"featured","16":"taxable","17":"shipping-taxable","18":"purchasable","19":"product-type-simple"},"acf":[],"_links":{"self":[{"href":"https:\/\/secureus.se\/no\/wp-json\/wp\/v2\/product\/68287","targetHints":{"allow":["GET"]}}],"collection":[{"href":"https:\/\/secureus.se\/no\/wp-json\/wp\/v2\/product"}],"about":[{"href":"https:\/\/secureus.se\/no\/wp-json\/wp\/v2\/types\/product"}],"wp:featuredmedia":[{"embeddable":true,"href":"https:\/\/secureus.se\/no\/wp-json\/wp\/v2\/media\/142080"}],"wp:attachment":[{"href":"https:\/\/secureus.se\/no\/wp-json\/wp\/v2\/media?parent=68287"}],"wp:term":[{"taxonomy":"product_brand","embeddable":true,"href":"https:\/\/secureus.se\/no\/wp-json\/wp\/v2\/product_brand?post=68287"},{"taxonomy":"product_cat","embeddable":true,"href":"https:\/\/secureus.se\/no\/wp-json\/wp\/v2\/product_cat?post=68287"},{"taxonomy":"product_tag","embeddable":true,"href":"https:\/\/secureus.se\/no\/wp-json\/wp\/v2\/product_tag?post=68287"}],"curies":[{"name":"wp","href":"https:\/\/api.w.org\/{rel}","templated":true}]}}