{"id":68291,"date":"2022-11-21T17:14:37","date_gmt":"2022-11-21T16:14:37","guid":{"rendered":"https:\/\/secureus.se\/produkt\/visonic-kp-241-pg2-powerg-wireless-2-way-portable-keypad-with-built-in-proximity-tag-reader\/"},"modified":"2026-04-23T13:32:39","modified_gmt":"2026-04-23T11:32:39","slug":"panel-kp-241-pg2-visonic","status":"publish","type":"product","link":"https:\/\/secureus.se\/no\/panel-kp-241-pg2-visonic\/","title":{"rendered":"Panel KP-241 PG2 PowerG \u2013 Visonic"},"content":{"rendered":"<h1>Panel KP-241 PG2 \u2013 Det perfekte tastaturet for sikkerhet og kontroll<\/h1>\n<p>KP-241 PG2 fra Visonic er et tr\u00e5dl\u00f8st, b\u00e6rbart tastatur designet for \u00e5 gi brukere praktisk og sikker kontroll over PowerMaster alarmsystemer.<\/p>\n<p>Med sin moderne og elegante design passer den perfekt inn i b\u00e5de hjemme- og forretningsmilj\u00f8er.<\/p>\n<p>Tastaturet har innebygd toveiskommunikasjon som sikrer at kommandoer utf\u00f8res og systemstatus indikeres b\u00e5de visuelt og h\u00f8rbart.<\/p>\n<p>Den innebygde n\u00e6rhetsleseren gj\u00f8r det enkelt \u00e5 til- og frakoble systemet uten kode.<\/p>\n<p>Funksjoner som n\u00f8dalarm, opplyste knapper og lang overf\u00f8ringsrekkevidde gj\u00f8r KP-241 PG2 til en uunnv\u00e6rlig del av sikkerhetssystemet ditt.<\/p>\n<p>Den kan brukes som en b\u00e6rbar enhet eller monteres p\u00e5 veggen med sabotasjebryter for ekstra sikkerhet.<\/p>\n<p>Med lang batterilevetid p\u00e5 opptil tre \u00e5r og enkel installasjon er KP-241 PG2 b\u00e5de praktisk og kostnadseffektiv.<\/p>","protected":false},"excerpt":{"rendered":"<p>KP-241 PG2 er et moderne, tr\u00e5dl\u00f8st tastatur med toveis kommunikasjon og innebygd proximity-leser.<\/p>\n<p>Perfekt for enkel kontroll av PowerMaster alarmsystemer, med synlig og h\u00f8rbar statusindikasjon og ergonomisk design for b\u00e6rbar eller veggmontert bruk.<\/p>","protected":false},"featured_media":141319,"template":"","meta":{"_acf_changed":false},"product_brand":[],"product_cat":[3378],"product_tag":[2330],"class_list":{"0":"post-68291","1":"product","2":"type-product","3":"status-publish","4":"has-post-thumbnail","6":"product_cat-visonic-larmstyrning-knappsatser","7":"product_tag-visonic-manoverpanel","8":"product_shipping_class-tunga-paket","9":"pa_brands-5visonic","10":"tm-no-options","12":"first","13":"onbackorder","14":"sale","15":"taxable","16":"shipping-taxable","17":"purchasable","18":"product-type-simple"},"acf":[],"_links":{"self":[{"href":"https:\/\/secureus.se\/no\/wp-json\/wp\/v2\/product\/68291","targetHints":{"allow":["GET"]}}],"collection":[{"href":"https:\/\/secureus.se\/no\/wp-json\/wp\/v2\/product"}],"about":[{"href":"https:\/\/secureus.se\/no\/wp-json\/wp\/v2\/types\/product"}],"wp:featuredmedia":[{"embeddable":true,"href":"https:\/\/secureus.se\/no\/wp-json\/wp\/v2\/media\/141319"}],"wp:attachment":[{"href":"https:\/\/secureus.se\/no\/wp-json\/wp\/v2\/media?parent=68291"}],"wp:term":[{"taxonomy":"product_brand","embeddable":true,"href":"https:\/\/secureus.se\/no\/wp-json\/wp\/v2\/product_brand?post=68291"},{"taxonomy":"product_cat","embeddable":true,"href":"https:\/\/secureus.se\/no\/wp-json\/wp\/v2\/product_cat?post=68291"},{"taxonomy":"product_tag","embeddable":true,"href":"https:\/\/secureus.se\/no\/wp-json\/wp\/v2\/product_tag?post=68291"}],"curies":[{"name":"wp","href":"https:\/\/api.w.org\/{rel}","templated":true}]}}