{"id":68299,"date":"2022-11-21T17:14:06","date_gmt":"2022-11-21T16:14:06","guid":{"rendered":"https:\/\/secureus.se\/produkt\/visonic-0-103371-pmaster-10-swe-triple-panel\/"},"modified":"2026-04-09T11:37:04","modified_gmt":"2026-04-09T09:37:04","slug":"visonic-powermaster-10-centralenhet-v20-panel","status":"publish","type":"product","link":"https:\/\/secureus.se\/no\/visonic-powermaster-10-centralenhet-v20-panel\/","title":{"rendered":"Visonic PowerMaster 10 Sentralenhet V20 Panel"},"content":{"rendered":"<div id=\"content-2\">\n<div id=\"textholder_1\" class=\"overflow-text u-typography-body-medium full-content\">\n<div id=\"content-1\" class=\"accordion-content\">\n<h1>Visonic PowerMaster 10 sentralenhet \u2013 profesjonell sikkerhet og automatisering<\/h1>\n<p>PowerMaster-10 er en tr\u00e5dl\u00f8s sentralenhet designet for \u00e5 gi maksimal sikkerhet og bekvemmelighet til hjemmet eller bedriften.<\/p>\n<p>Med Visonics avanserte PowerG-teknologi, tilbyr systemet overlegen rekkevidde, robust ytelse og lavt str\u00f8mforbruk.<\/p>\n<p>Systemet st\u00f8tter 28 tr\u00e5dl\u00f8se soner og \u00e9n kablet sone, noe som gj\u00f8r det fleksibelt for alle typer sikkerhetsbehov.<\/p>\n<p>Med trippel rapporteringsveier via PSTN, Ethernet og GPRS kan alarmen alltid kommunisere, uansett situasjon.<\/p>\n<p><strong>Hovedtrekkene:<\/strong><\/p>\n<ul>\n<li><strong>PowerG-teknologi<\/strong>: Overlegen tr\u00e5dl\u00f8s rekkevidde og AES-128-kryptering.<\/li>\n<li><strong>St\u00f8tte for 28 soner<\/strong>: Ideell for b\u00e5de sm\u00e5 og mellomstore installasjoner.<\/li>\n<li><strong>Trippel rapporteringsveier<\/strong>: Sikker tilkobling via PSTN, Ethernet eller GPRS.<\/li>\n<li><strong>Innebygd sirene og LCD-skjerm<\/strong>: Brukervennlig og effektiv.<\/li>\n<li><strong>Lang batterilevetid<\/strong>: Opptil 24 timers str\u00f8mreserve med batteribackup.<\/li>\n<\/ul>\n<p>Enten du leter etter en l\u00f8sning for hjemmet eller kontoret, er PowerMaster-10 det perfekte valget for \u00e5 beskytte det som er viktig for deg.<\/p>\n<\/div>\n<\/div>\n<\/div>","protected":false},"excerpt":{"rendered":"<p><strong>PowerMaster-10 sentralenhet \u2013 din sikkerhetsl\u00f8sning<\/strong><br \/>\nPowerMaster-10 tilbyr en profesjonell, tr\u00e5dl\u00f8s l\u00f8sning for sikkerhet og automatisering.<\/p>\n<p>Med st\u00f8tte for 28 soner, innebygd sirene og batteribackup, er dette systemet perfekt for hjem og bedrifter.<\/p>","protected":false},"featured_media":142108,"template":"","meta":{"_acf_changed":false},"product_brand":[],"product_cat":[3374],"product_tag":[2472,2330],"class_list":{"0":"post-68299","1":"product","2":"type-product","3":"status-publish","4":"has-post-thumbnail","6":"product_cat-visonic-centralenhet-panel","7":"product_tag-sbsc-larmklassr","8":"product_tag-visonic-manoverpanel","9":"product_shipping_class-tunga-paket","10":"pa_brands-5visonic","11":"tm-no-options","13":"first","14":"onbackorder","15":"sale","16":"featured","17":"taxable","18":"shipping-taxable","19":"purchasable","20":"product-type-simple"},"acf":[],"_links":{"self":[{"href":"https:\/\/secureus.se\/no\/wp-json\/wp\/v2\/product\/68299","targetHints":{"allow":["GET"]}}],"collection":[{"href":"https:\/\/secureus.se\/no\/wp-json\/wp\/v2\/product"}],"about":[{"href":"https:\/\/secureus.se\/no\/wp-json\/wp\/v2\/types\/product"}],"wp:featuredmedia":[{"embeddable":true,"href":"https:\/\/secureus.se\/no\/wp-json\/wp\/v2\/media\/142108"}],"wp:attachment":[{"href":"https:\/\/secureus.se\/no\/wp-json\/wp\/v2\/media?parent=68299"}],"wp:term":[{"taxonomy":"product_brand","embeddable":true,"href":"https:\/\/secureus.se\/no\/wp-json\/wp\/v2\/product_brand?post=68299"},{"taxonomy":"product_cat","embeddable":true,"href":"https:\/\/secureus.se\/no\/wp-json\/wp\/v2\/product_cat?post=68299"},{"taxonomy":"product_tag","embeddable":true,"href":"https:\/\/secureus.se\/no\/wp-json\/wp\/v2\/product_tag?post=68299"}],"curies":[{"name":"wp","href":"https:\/\/api.w.org\/{rel}","templated":true}]}}