{"id":68309,"date":"2022-11-21T17:13:32","date_gmt":"2022-11-21T16:13:32","guid":{"rendered":"https:\/\/secureus.se\/produkt\/visonic-mc-312-pg2-powerg-wireless-outdoor-magnetic-contact-with-auxiliary-input-black\/"},"modified":"2026-04-09T11:36:43","modified_gmt":"2026-04-09T09:36:43","slug":"magnetkontakt-mc-312-utomhus-visonic","status":"publish","type":"product","link":"https:\/\/secureus.se\/no\/magnetkontakt-mc-312-utomhus-visonic\/","title":{"rendered":"Magnetisk kontakt MC-312 Outdoor PG2 PowerG Wireless - Visonic"},"content":{"rendered":"<div class=\"product-information u-m-b-06\">\n<div id=\"content-2\"><\/div>\n<\/div>\n<h1>Magnetisk kontakt MC-312 Outdoor \u2013 Optimal tr\u00e5dl\u00f8s sikkerhet<\/h1>\n<p>Magnetisk kontakt MC-312 Outdoor er den ultimate l\u00f8sningen for \u00e5 beskytte dine vinduer, porter og d\u00f8rer.<\/p>\n<p>Den er designet for \u00e5 t\u00e5le ekstreme forhold, fra hardt v\u00e6r til krevende sikkerhetsbehov.<\/p>\n<p>Med revolusjonerende PowerG-teknologi kombinerer den sikkerheten til kablede systemer med enkelheten til tr\u00e5dl\u00f8se l\u00f8sninger.<\/p>\n<h4>Fordeler med MC-312 Outdoor:<\/h4>\n<ul>\n<li><strong>Enkel installasjon<\/strong>: Med automatisk registrering og tr\u00e5dl\u00f8s teknologi sparer du tid og krefter.<\/li>\n<li><strong>Robust design<\/strong>: IP66-sertifisering beskytter mot st\u00f8v og vann, og den fungerer i temperaturer fra -40\u00b0C til +66\u00b0C.<\/li>\n<li><strong>Lang levetid<\/strong>: Med opptil 5 \u00e5rs batterilevetid og motstand mot ytre p\u00e5virkninger er det en p\u00e5litelig sikkerhetsl\u00f8sning.<\/li>\n<\/ul>\n<h3>Perfekt for hjem og bedrift<\/h3>\n<p>MC-312 er egnet for b\u00e5de private hjem og n\u00e6ringseiendommer.<\/p>\n<p>Den er ideell for sikring av porter, vinduer og hageanlegg.<\/p>\n<p>I tillegg gj\u00f8r dens estetiske og malbare deksel den diskret og kan tilpasses.<\/p>\n<p><iframe src=\"https:\/\/www.youtube.com\/embed\/k4AuKTJvg98\" width=\"505\" height=\"284\" frameborder=\"0\" allowfullscreen=\"allowfullscreen\"><\/iframe><\/p>","protected":false},"excerpt":{"rendered":"<p>MC-312 Outdoor Magnetic Contact med PowerG-teknologi tilbyr h\u00f8y ytelse, tr\u00e5dl\u00f8s sikkerhet for vinduer, d\u00f8rer og porter.<\/p>\n<p>IP66-sertifisert og t\u00e5ler ekstreme v\u00e6rforhold.<\/p>","protected":false},"featured_media":141195,"template":"","meta":{"_acf_changed":false},"product_brand":[],"product_cat":[3376,3381,3380],"product_tag":[2472,3125],"class_list":{"0":"post-68309","1":"product","2":"type-product","3":"status-publish","4":"has-post-thumbnail","6":"product_cat-visonic-larmenheter","7":"product_cat-visonic-magnetkontakter","8":"product_cat-visonic-utomhusdetektorer","9":"product_tag-sbsc-larmklassr","10":"product_tag-visonic-magnet","11":"product_shipping_class-tunga-paket","12":"pa_brands-5visonic","13":"tm-no-options","15":"first","16":"instock","17":"sale","18":"taxable","19":"shipping-taxable","20":"purchasable","21":"product-type-simple"},"acf":[],"_links":{"self":[{"href":"https:\/\/secureus.se\/no\/wp-json\/wp\/v2\/product\/68309","targetHints":{"allow":["GET"]}}],"collection":[{"href":"https:\/\/secureus.se\/no\/wp-json\/wp\/v2\/product"}],"about":[{"href":"https:\/\/secureus.se\/no\/wp-json\/wp\/v2\/types\/product"}],"wp:featuredmedia":[{"embeddable":true,"href":"https:\/\/secureus.se\/no\/wp-json\/wp\/v2\/media\/141195"}],"wp:attachment":[{"href":"https:\/\/secureus.se\/no\/wp-json\/wp\/v2\/media?parent=68309"}],"wp:term":[{"taxonomy":"product_brand","embeddable":true,"href":"https:\/\/secureus.se\/no\/wp-json\/wp\/v2\/product_brand?post=68309"},{"taxonomy":"product_cat","embeddable":true,"href":"https:\/\/secureus.se\/no\/wp-json\/wp\/v2\/product_cat?post=68309"},{"taxonomy":"product_tag","embeddable":true,"href":"https:\/\/secureus.se\/no\/wp-json\/wp\/v2\/product_tag?post=68309"}],"curies":[{"name":"wp","href":"https:\/\/api.w.org\/{rel}","templated":true}]}}